{"id":29224,"date":"2025-03-29T11:51:47","date_gmt":"2025-03-29T10:51:47","guid":{"rendered":"https:\/\/gopinkish.com\/?post_type=product&#038;p=29224"},"modified":"2025-11-17T13:24:24","modified_gmt":"2025-11-17T12:24:24","slug":"3770014214799","status":"publish","type":"product","link":"https:\/\/gopinkish.com\/fr\/produit\/3770014214799\/","title":{"rendered":"\u0645\u0627\u064a\u0633\u0627 \u062c\u0648\u0647\u0631\u0629 \u0633\u0646\u0633\u0648\u0627\u0644 &#8211; \u0645\u0639\u0637\u0631 \u0644\u0644\u0634\u0639\u0631 \u0648 \u0627\u0644\u062c\u0633\u062f"},"content":{"rendered":"<p style=\"text-align: justify;\">\u062c\u0648\u0647\u0631\u0629\u060c \u0628\u0645\u0639\u0646\u0649 &#8220;\u0627\u0644\u062c\u0648\u0647\u0631\u0629&#8221; \u0628\u0627\u0644\u0639\u0631\u0628\u064a\u0629\u060c \u062a\u064f\u0633\u062a\u062d\u0636\u0631 \u0643\u0646\u0648\u0632 \u0627\u0644\u0645\u063a\u0631\u0628 \u0627\u0644\u0639\u0631\u0628\u064a. \u064a\u0633\u062a\u0642\u0631 \u0641\u064a \u062c\u0648\u0641 \u0631\u0642\u0628\u062a\u0643\u060c \u0648\u064a\u062a\u0641\u062a\u062d \u0632\u0647\u0631 \u0627\u0644\u0628\u0631\u062a\u0642\u0627\u0644\u060c \u0645\u064f\u0646\u064a\u0631\u064b\u0627 \u0628\u0634\u0631\u062a\u0643 \u0628\u062f\u0641\u0621 \u063a\u064a\u0631 \u0645\u0633\u0628\u0648\u0642. \u062c\u0648\u0647\u0631\u0629\u060c \u0623\u0648\u0644 \u0639\u0637\u0631 \u0645\u0646 \u062f\u0627\u0631 \u0645\u0627\u064a\u0633\u0627\u060c \u0648\u0631\u0628\u0645\u0627 \u0627\u0644\u0623\u0643\u062b\u0631 \u0634\u0647\u0631\u0629\u060c \u064a\u064f\u062c\u0633\u062f \u0627\u0644\u062a\u0646\u0627\u063a\u0645 \u0627\u0644\u0645\u062b\u0627\u0644\u064a \u0628\u064a\u0646 \u0642\u0648\u0629 \u0627\u0644\u0631\u0648\u0627\u0626\u062d \u0627\u0644\u062e\u0634\u0628\u064a\u0629 \u0627\u0644\u0634\u0631\u0642\u064a\u0629 \u0648\u0631\u0642\u0651\u0629 \u0627\u0644\u0639\u0637\u0648\u0631 \u0627\u0644\u0641\u0631\u0646\u0633\u064a\u0629 \u0627\u0644\u0641\u0627\u062e\u0631\u0629.<\/p>\n<p>\u0645\u0642\u062f\u0645\u0629 \u0627\u0644\u0639\u0637\u0631: \u0632\u0647\u0631 \u0627\u0644\u0628\u0631\u062a\u0642\u0627\u0644<\/p>\n<p>\u0642\u0644\u0628 \u0627\u0644\u0639\u0637\u0631: \u0627\u0644\u064a\u0627\u0633\u0645\u064a\u0646<\/p>\n<p>\u0642\u0627\u0639\u062f\u0629 \u0627\u0644\u0639\u0637\u0631: \u062e\u0634\u0628 \u0627\u0644\u0635\u0646\u062f\u0644\u060c \u0627\u0644\u0641\u0627\u0646\u064a\u0644\u064a\u0627<\/p>\n<p dir=\"ltr\" style=\"text-align: center;\">\ud83c\uddec\ud83c\udde7 Keragold Pro Keratin &amp; Silk Protein Hair Mask<br \/>\n\ud83c\uddeb\ud83c\uddf7 Masque Cheveux Keragold Pro \u00e0 la K\u00e9ratine &amp; Prot\u00e9ines de Soie<\/p>","protected":false},"excerpt":{"rendered":"<p>\u062c\u0648\u0647\u0631\u0629\u060c \u0628\u0645\u0639\u0646\u0649 &#8220;\u0627\u0644\u062c\u0648\u0647\u0631\u0629&#8221; \u0628\u0627\u0644\u0639\u0631\u0628\u064a\u0629\u060c \u062a\u064f\u0633\u062a\u062d\u0636\u0631 \u0643\u0646\u0648\u0632 \u0627\u0644\u0645\u063a\u0631\u0628 \u0627\u0644\u0639\u0631\u0628\u064a. \u064a\u0633\u062a\u0642\u0631 \u0641\u064a \u062c\u0648\u0641 \u0631\u0642\u0628\u062a\u0643\u060c \u0648\u064a\u062a\u0641\u062a\u062d \u0632\u0647\u0631 \u0627\u0644\u0628\u0631\u062a\u0642\u0627\u0644\u060c \u0645\u064f\u0646\u064a\u0631\u064b\u0627 \u0628\u0634\u0631\u062a\u0643 \u0628\u062f\u0641\u0621 \u063a\u064a\u0631 \u0645\u0633\u0628\u0648\u0642. \u062c\u0648\u0647\u0631\u0629\u060c \u0623\u0648\u0644 \u0639\u0637\u0631 \u0645\u0646 \u062f\u0627\u0631 \u0645\u0627\u064a\u0633\u0627\u060c \u0648\u0631\u0628\u0645\u0627 \u0627\u0644\u0623\u0643\u062b\u0631 \u0634\u0647\u0631\u0629\u060c \u064a\u064f\u062c\u0633\u062f \u0627\u0644\u062a\u0646\u0627\u063a\u0645 \u0627\u0644\u0645\u062b\u0627\u0644\u064a \u0628\u064a\u0646 \u0642\u0648\u0629 \u0627\u0644\u0631\u0648\u0627\u0626\u062d \u0627\u0644\u062e\u0634\u0628\u064a\u0629 \u0627\u0644\u0634\u0631\u0642\u064a\u0629 \u0648\u0631\u0642\u0651\u0629 \u0627\u0644\u0639\u0637\u0648\u0631 \u0627\u0644\u0641\u0631\u0646\u0633\u064a\u0629 \u0627\u0644\u0641\u0627\u062e\u0631\u0629. \u0645\u0642\u062f\u0645\u0629 \u0627\u0644\u0639\u0637\u0631: \u0632\u0647\u0631 \u0627\u0644\u0628\u0631\u062a\u0642\u0627\u0644 \u0642\u0644\u0628 \u0627\u0644\u0639\u0637\u0631: \u0627\u0644\u064a\u0627\u0633\u0645\u064a\u0646 \u0642\u0627\u0639\u062f\u0629 \u0627\u0644\u0639\u0637\u0631: \u062e\u0634\u0628 \u0627\u0644\u0635\u0646\u062f\u0644\u060c \u0627\u0644\u0641\u0627\u0646\u064a\u0644\u064a\u0627 \ud83c\uddec\ud83c\udde7 Keragold [&hellip;]<\/p>\n","protected":false},"featured_media":29232,"template":"","meta":[],"pwb-brand":[1460],"product_brand":[],"product_cat":[1364],"product_tag":[],"class_list":{"0":"post-29224","1":"product","2":"type-product","3":"status-publish","4":"has-post-thumbnail","6":"pwb-brand-maissa-paris","7":"product_cat-body-perfumes","9":"first","10":"outofstock","11":"shipping-taxable","12":"product-type-variable","13":"has-default-attributes","14":"wvs-archive-product-wrapper"},"brands":[{"id":1460,"name":"Maison Maisa Paris","slug":"maissa-paris"}],"_links":{"self":[{"href":"https:\/\/gopinkish.com\/fr\/wp-json\/wp\/v2\/product\/29224","targetHints":{"allow":["GET"]}}],"collection":[{"href":"https:\/\/gopinkish.com\/fr\/wp-json\/wp\/v2\/product"}],"about":[{"href":"https:\/\/gopinkish.com\/fr\/wp-json\/wp\/v2\/types\/product"}],"wp:featuredmedia":[{"embeddable":true,"href":"https:\/\/gopinkish.com\/fr\/wp-json\/wp\/v2\/media\/29232"}],"wp:attachment":[{"href":"https:\/\/gopinkish.com\/fr\/wp-json\/wp\/v2\/media?parent=29224"}],"wp:term":[{"taxonomy":"pwb-brand","embeddable":true,"href":"https:\/\/gopinkish.com\/fr\/wp-json\/wp\/v2\/pwb-brand?post=29224"},{"taxonomy":"product_brand","embeddable":true,"href":"https:\/\/gopinkish.com\/fr\/wp-json\/wp\/v2\/product_brand?post=29224"},{"taxonomy":"product_cat","embeddable":true,"href":"https:\/\/gopinkish.com\/fr\/wp-json\/wp\/v2\/product_cat?post=29224"},{"taxonomy":"product_tag","embeddable":true,"href":"https:\/\/gopinkish.com\/fr\/wp-json\/wp\/v2\/product_tag?post=29224"}],"curies":[{"name":"wp","href":"https:\/\/api.w.org\/{rel}","templated":true}]}}