{"id":29220,"date":"2025-01-28T17:34:52","date_gmt":"2025-01-28T16:34:52","guid":{"rendered":"https:\/\/gopinkish.com\/?post_type=product&#038;p=29220"},"modified":"2026-02-16T11:17:56","modified_gmt":"2026-02-16T10:17:56","slug":"3770014214874","status":"publish","type":"product","link":"https:\/\/gopinkish.com\/fr\/produit\/3770014214874\/","title":{"rendered":"Misa Oriental - Brume pour le corps et les cheveux"},"content":{"rendered":"<p style=\"text-align: justify;\">Maysa est un parfum pour les personnes libres et spontan\u00e9es, qui n'ont pas peur de l'aventure. Son allure est celle d'un coup de foudre. Naturel et captivant, ce parfum r\u00e9v\u00e8le une nouvelle facette de la personnalit\u00e9 de celui qui le porte. La v\u00e9ritable signature de ce parfum est la rencontre inattendue entre la noix de coco et l'orchid\u00e9e, r\u00e9v\u00e9lant un sillage floral puissant et captivant.<\/p>\n<p>Notes de t\u00eate : Bergamote, noix de coco.<br \/>\nLe c\u0153ur de la fragrance : Bois de ga\u00efac, orchid\u00e9e, patchouli.<br \/>\nBase de parfum : Extrait de f\u00e8ve Tonka, extrait de vanille.<\/p>\n<p dir=\"ltr\" style=\"text-align: center;\">\ud83c\uddec\ud83c\udde7 La Roche-Posay Toleriane Dermallergo Cr\u00e8me Apaisante Intense pour les Yeux<br \/>\n\ud83c\uddeb\ud83c\uddf7 La Roche-Posay Toleriane Dermallergo Soin Contour des Yeux Apaisant Intense<\/p>","protected":false},"excerpt":{"rendered":"<p>\u0645\u0627\u064a\u0633\u0627 \u0639\u0637\u0631\u064c \u0644\u0644\u0623\u0634\u062e\u0627\u0635 \u0627\u0644\u0623\u062d\u0631\u0627\u0631 \u0648\u0627\u0644\u0639\u0641\u0648\u064a\u064a\u0646\u060c \u0627\u0644\u0630\u064a\u0646 \u0644\u0627 \u064a\u0647\u0627\u0628\u0648\u0646 \u0627\u0644\u0645\u063a\u0627\u0645\u0631\u0629. \u062c\u0627\u0630\u0628\u064a\u062a\u0647 \u062a\u064f\u062b\u064a\u0631 \u0627\u0644\u062d\u0628 \u0645\u0646 \u0627\u0644\u0646\u0638\u0631\u0629 \u0627\u0644\u0623\u0648\u0644\u0649. \u0637\u0628\u064a\u0639\u064a\u064c\u0651 \u0648\u0622\u0633\u0631\u060c \u064a\u0643\u0634\u0641 \u0647\u0630\u0627 \u0627\u0644\u0639\u0637\u0631 \u0639\u0646 \u062c\u0627\u0646\u0628\u064d \u062c\u062f\u064a\u062f\u064d \u0645\u0646 \u0634\u062e\u0635\u064a\u0629 \u0645\u0646 \u064a\u0636\u0639\u0647. \u0623\u0645\u0627 \u0628\u0635\u0645\u0629 \u0627\u0644\u0639\u0637\u0631 \u0627\u0644\u062d\u0642\u064a\u0642\u064a\u0629\u060c \u0641\u0647\u064a \u0627\u0644\u0644\u0642\u0627\u0621 \u063a\u064a\u0631 \u0627\u0644\u0645\u062a\u0648\u0642\u0639 \u0628\u064a\u0646 \u062c\u0648\u0632 \u0627\u0644\u0647\u0646\u062f \u0648\u0627\u0644\u0623\u0648\u0631\u0643\u064a\u062f\u060c \u0643\u0627\u0634\u0641\u0629\u064b \u0639\u0646 \u0623\u062b\u0631\u064d \u0632\u0647\u0631\u064a\u064d\u0651 \u0642\u0648\u064a\u064d\u0651 \u0648\u0622\u0633\u0631. \u0645\u0642\u062f\u0645\u0629 \u0627\u0644\u0639\u0637\u0631: \u0628\u0631\u063a\u0645\u0648\u062a\u060c \u062c\u0648\u0632 \u0627\u0644\u0647\u0646\u062f. \u0642\u0644\u0628 \u0627\u0644\u0639\u0637\u0631: \u062e\u0634\u0628 \u0627\u0644\u063a\u0627\u064a\u0627\u0643\u060c \u0627\u0644\u0623\u0648\u0631\u0643\u064a\u062f\u060c [&hellip;]<\/p>\n","protected":false},"featured_media":29221,"template":"","meta":[],"pwb-brand":[1460],"product_brand":[],"product_cat":[1364],"product_tag":[],"class_list":{"0":"post-29220","1":"product","2":"type-product","3":"status-publish","4":"has-post-thumbnail","6":"pwb-brand-maissa-paris","7":"product_cat-body-perfumes","9":"first","10":"outofstock","11":"shipping-taxable","12":"product-type-variable","13":"has-default-attributes","14":"wvs-archive-product-wrapper"},"brands":[{"id":1460,"name":"Maison Maisa Paris","slug":"maissa-paris"}],"_links":{"self":[{"href":"https:\/\/gopinkish.com\/fr\/wp-json\/wp\/v2\/product\/29220","targetHints":{"allow":["GET"]}}],"collection":[{"href":"https:\/\/gopinkish.com\/fr\/wp-json\/wp\/v2\/product"}],"about":[{"href":"https:\/\/gopinkish.com\/fr\/wp-json\/wp\/v2\/types\/product"}],"wp:featuredmedia":[{"embeddable":true,"href":"https:\/\/gopinkish.com\/fr\/wp-json\/wp\/v2\/media\/29221"}],"wp:attachment":[{"href":"https:\/\/gopinkish.com\/fr\/wp-json\/wp\/v2\/media?parent=29220"}],"wp:term":[{"taxonomy":"pwb-brand","embeddable":true,"href":"https:\/\/gopinkish.com\/fr\/wp-json\/wp\/v2\/pwb-brand?post=29220"},{"taxonomy":"product_brand","embeddable":true,"href":"https:\/\/gopinkish.com\/fr\/wp-json\/wp\/v2\/product_brand?post=29220"},{"taxonomy":"product_cat","embeddable":true,"href":"https:\/\/gopinkish.com\/fr\/wp-json\/wp\/v2\/product_cat?post=29220"},{"taxonomy":"product_tag","embeddable":true,"href":"https:\/\/gopinkish.com\/fr\/wp-json\/wp\/v2\/product_tag?post=29220"}],"curies":[{"name":"wp","href":"https:\/\/api.w.org\/{rel}","templated":true}]}}