{"id":29184,"date":"2025-06-28T16:10:04","date_gmt":"2025-06-28T15:10:04","guid":{"rendered":"https:\/\/gopinkish.com\/?post_type=product&#038;p=29184"},"modified":"2026-02-04T23:37:07","modified_gmt":"2026-02-04T22:37:07","slug":"4015100726367","status":"publish","type":"product","link":"https:\/\/gopinkish.com\/fr\/produit\/4015100726367\/","title":{"rendered":"Shampooing r\u00e9parateur \u00e0 l'huile de p\u00e9pins de raisin pour cheveux cassants et ab\u00eem\u00e9s"},"content":{"rendered":"<p style=\"text-align: justify;\">Dites adieu aux pointes fourchues ! R\u00e9parez et renforcez vos cheveux ab\u00eem\u00e9s avec le shampooing Miracle Gliss Split Hair de Schwarzkopf. Le complexe ionique et l'huile de p\u00e9pins de raisin prot\u00e8gent durablement les fibres des cheveux fourchus et les nourrissent en profondeur pour un fini soyeux et lisse.<\/p>\n<p dir=\"ltr\" style=\"text-align: center;\">Schwarzkopf Gliss Split Hair miracle CHEVEUX ABIMES ET FOURCHUS<\/p>","protected":false},"excerpt":{"rendered":"<p>\u0648\u062f\u0651\u0639\u064a \u062a\u0642\u0635\u0641 \u0623\u0637\u0631\u0627\u0641 \u0627\u0644\u0634\u0639\u0631! \u0623\u0635\u0644\u062d\u064a \u0634\u0639\u0631\u0643\u0650 \u0627\u0644\u062a\u0627\u0644\u0641 \u0648\u0642\u0648\u0651\u064a\u0647 \u0645\u0639 \u0634\u0627\u0645\u0628\u0648 \u062c\u0644\u064a\u0633 \u0627\u0644\u0645\u0639\u062c\u0632\u0629 \u0644\u0644\u0634\u0639\u0631 \u0627\u0644\u0645\u062a\u0642\u0635\u0641 \u0645\u0646 \u0634\u0648\u0627\u0631\u0632\u0643\u0648\u0641. \u064a\u064f\u0648\u0641\u0651\u0631 \u0627\u0644\u0645\u0631\u0643\u0628 \u0627\u0644\u0623\u064a\u0648\u0646\u064a \u0648\u0632\u064a\u062a \u0628\u0630\u0648\u0631 \u0627\u0644\u0639\u0646\u0628 \u062d\u0645\u0627\u064a\u0629\u064b \u0637\u0648\u064a\u0644\u0629 \u0627\u0644\u0623\u0645\u062f \u0644\u0623\u0644\u064a\u0627\u0641 \u0627\u0644\u0634\u0639\u0631 \u0627\u0644\u0645\u062a\u0642\u0635\u0641\u0629\u060c \u0648\u064a\u064f\u063a\u0630\u0651\u064a\u0627\u0646 \u0627\u0644\u0634\u0639\u0631 \u0628\u0639\u0645\u0642 \u0644\u064a\u0645\u0646\u062d\u0643\u0650 \u0644\u0645\u0633\u0629\u064b \u0646\u0647\u0627\u0626\u064a\u0629\u064b \u0646\u0627\u0639\u0645\u0629\u064b \u0643\u0627\u0644\u062d\u0631\u064a\u0631. Schwarzkopf Gliss Split Hair miracle CHEVEUX ABIMES ET FOURCHUS<\/p>","protected":false},"featured_media":29185,"template":"","meta":[],"pwb-brand":[732],"product_brand":[],"product_cat":[1148],"product_tag":[],"class_list":{"0":"post-29184","1":"product","2":"type-product","3":"status-publish","4":"has-post-thumbnail","6":"pwb-brand-schwarzkopf","7":"product_cat-hair-shampoo","9":"first","10":"outofstock","11":"shipping-taxable","12":"product-type-variable","13":"has-default-attributes","14":"wvs-archive-product-wrapper"},"brands":[{"id":732,"name":"Schwarzkopf","slug":"schwarzkopf"}],"_links":{"self":[{"href":"https:\/\/gopinkish.com\/fr\/wp-json\/wp\/v2\/product\/29184","targetHints":{"allow":["GET"]}}],"collection":[{"href":"https:\/\/gopinkish.com\/fr\/wp-json\/wp\/v2\/product"}],"about":[{"href":"https:\/\/gopinkish.com\/fr\/wp-json\/wp\/v2\/types\/product"}],"wp:featuredmedia":[{"embeddable":true,"href":"https:\/\/gopinkish.com\/fr\/wp-json\/wp\/v2\/media\/29185"}],"wp:attachment":[{"href":"https:\/\/gopinkish.com\/fr\/wp-json\/wp\/v2\/media?parent=29184"}],"wp:term":[{"taxonomy":"pwb-brand","embeddable":true,"href":"https:\/\/gopinkish.com\/fr\/wp-json\/wp\/v2\/pwb-brand?post=29184"},{"taxonomy":"product_brand","embeddable":true,"href":"https:\/\/gopinkish.com\/fr\/wp-json\/wp\/v2\/product_brand?post=29184"},{"taxonomy":"product_cat","embeddable":true,"href":"https:\/\/gopinkish.com\/fr\/wp-json\/wp\/v2\/product_cat?post=29184"},{"taxonomy":"product_tag","embeddable":true,"href":"https:\/\/gopinkish.com\/fr\/wp-json\/wp\/v2\/product_tag?post=29184"}],"curies":[{"name":"wp","href":"https:\/\/api.w.org\/{rel}","templated":true}]}}