{"id":29135,"date":"2025-02-27T16:49:44","date_gmt":"2025-02-27T15:49:44","guid":{"rendered":"https:\/\/gopinkish.com\/?post_type=product&#038;p=29135"},"modified":"2026-04-20T12:04:49","modified_gmt":"2026-04-20T11:04:49","slug":"3760099590079","status":"publish","type":"product","link":"https:\/\/gopinkish.com\/fr\/produit\/3760099590079\/","title":{"rendered":"Gel douche sans savon pour les peaux normales et sensibles"},"content":{"rendered":"<p style=\"text-align: justify;\">Gel douche Cadom Dermo-Respect, sans savon, pour une peau douce. Votre peau est aussi douce, souple et \u00e9clatante que celle d'un b\u00e9b\u00e9. Id\u00e9al pour les peaux sensibles. Avec de l'huile d'amande douce biologique.<\/p>\n<p style=\"text-align: justify;\">Cadom, sp\u00e9cialiste de la bont\u00e9 depuis 1907, a mis tout son savoir-faire au service du gel douche Dermo-Respect enrichi en huile d'amande douce bio. Sa formule, sp\u00e9cialement d\u00e9velopp\u00e9e pour les peaux sensibles et d\u00e9licates, nettoie en douceur votre peau, la laissant propre et purifi\u00e9e. Votre peau est douce, souple et belle comme celle d'un b\u00e9b\u00e9.<\/p>\n<p dir=\"ltr\" style=\"text-align: center;\">\ud83c\uddec\ud83c\udde7 Cadum Gel douche sans savon \u00e0 l'huile d'amande douce bio<br \/>\n\ud83c\uddeb\ud83c\uddf7 Gel Douche Sans Savon \u00e0 l'Huile d'Amandes Douces Bio Cadum<\/p>","protected":false},"excerpt":{"rendered":"<p>\u062c\u0644 \u0627\u0633\u062a\u062d\u0645\u0627\u0645 \u0643\u0627\u062f\u0648\u0645 \u062f\u064a\u0631\u0645\u0648-\u0631\u064a\u0633\u0628\u064a\u0643\u062a\u060c \u062e\u0627\u0644\u064d \u0645\u0646 \u0627\u0644\u0635\u0627\u0628\u0648\u0646 \u0644\u0628\u0634\u0631\u0629 \u0646\u0627\u0639\u0645\u0629. \u0628\u0634\u0631\u062a\u0643 \u0646\u0627\u0639\u0645\u0629\u060c \u0645\u0631\u0646\u0629\u060c \u0648\u0645\u0634\u0631\u0642\u0629\u060c \u0643\u0628\u0634\u0631\u0629 \u0637\u0641\u0644. \u0645\u062b\u0627\u0644\u064a \u0644\u0644\u0628\u0634\u0631\u0629 \u0627\u0644\u062d\u0633\u0627\u0633\u0629. \u0628\u0632\u064a\u062a \u0627\u0644\u0644\u0648\u0632 \u0627\u0644\u062d\u0644\u0648 \u0627\u0644\u0639\u0636\u0648\u064a. \u0643\u0627\u062f\u0648\u0645\u060c \u0627\u0644\u0645\u062a\u062e\u0635\u0635\u0629 \u0641\u064a \u0627\u0644\u0644\u0637\u0641 \u0645\u0646\u0630 \u0639\u0627\u0645 1907\u060c \u0633\u062e\u0651\u0631\u062a \u0643\u0644 \u062e\u0628\u0631\u0627\u062a\u0647\u0627 \u0641\u064a \u062c\u0644 \u0627\u0644\u0627\u0633\u062a\u062d\u0645\u0627\u0645 &#8220;\u062f\u064a\u0631\u0645\u0648-\u0631\u064a\u0633\u0628\u064a\u0643\u062a&#8221; \u0627\u0644\u0645\u064f\u0639\u0632\u0651\u0632 \u0628\u0632\u064a\u062a \u0627\u0644\u0644\u0648\u0632 \u0627\u0644\u062d\u0644\u0648 \u0627\u0644\u0639\u0636\u0648\u064a. \u062a\u0631\u0643\u064a\u0628\u062a\u0647\u060c \u0627\u0644\u0645\u064f\u0637\u0648\u0651\u0631\u0629 \u062e\u0635\u064a\u0635\u064b\u0627 \u0644\u0644\u0628\u0634\u0631\u0629 \u0627\u0644\u062d\u0633\u0627\u0633\u0629 \u0648\u0627\u0644\u0631\u0642\u064a\u0642\u0629\u060c \u062a\u064f\u0646\u0638\u0651\u0641 \u0628\u0634\u0631\u062a\u0643\u0650 \u0628\u0644\u0637\u0641\u060c \u0648\u062a\u062a\u0631\u0643\u0647\u0627 \u0646\u0638\u064a\u0641\u0629\u064b \u0648\u0646\u0642\u064a\u0651\u0629\u064b. \u0628\u0634\u0631\u062a\u0643\u0650 \u0646\u0627\u0639\u0645\u0629\u060c [&hellip;]<\/p>\n","protected":false},"featured_media":29136,"template":"","meta":[],"pwb-brand":[1458],"product_brand":[],"product_cat":[1138],"product_tag":[],"class_list":{"0":"post-29135","1":"product","2":"type-product","3":"status-publish","4":"has-post-thumbnail","6":"pwb-brand-cadum","7":"product_cat-bath-and-shower","9":"first","10":"instock","11":"shipping-taxable","12":"purchasable","13":"product-type-variable","14":"has-default-attributes","15":"wvs-archive-product-wrapper"},"brands":[{"id":1458,"name":"Cadum","slug":"cadum"}],"_links":{"self":[{"href":"https:\/\/gopinkish.com\/fr\/wp-json\/wp\/v2\/product\/29135","targetHints":{"allow":["GET"]}}],"collection":[{"href":"https:\/\/gopinkish.com\/fr\/wp-json\/wp\/v2\/product"}],"about":[{"href":"https:\/\/gopinkish.com\/fr\/wp-json\/wp\/v2\/types\/product"}],"wp:featuredmedia":[{"embeddable":true,"href":"https:\/\/gopinkish.com\/fr\/wp-json\/wp\/v2\/media\/29136"}],"wp:attachment":[{"href":"https:\/\/gopinkish.com\/fr\/wp-json\/wp\/v2\/media?parent=29135"}],"wp:term":[{"taxonomy":"pwb-brand","embeddable":true,"href":"https:\/\/gopinkish.com\/fr\/wp-json\/wp\/v2\/pwb-brand?post=29135"},{"taxonomy":"product_brand","embeddable":true,"href":"https:\/\/gopinkish.com\/fr\/wp-json\/wp\/v2\/product_brand?post=29135"},{"taxonomy":"product_cat","embeddable":true,"href":"https:\/\/gopinkish.com\/fr\/wp-json\/wp\/v2\/product_cat?post=29135"},{"taxonomy":"product_tag","embeddable":true,"href":"https:\/\/gopinkish.com\/fr\/wp-json\/wp\/v2\/product_tag?post=29135"}],"curies":[{"name":"wp","href":"https:\/\/api.w.org\/{rel}","templated":true}]}}