{"id":29108,"date":"2025-07-02T15:46:20","date_gmt":"2025-07-02T14:46:20","guid":{"rendered":"https:\/\/gopinkish.com\/?post_type=product&#038;p=29108"},"modified":"2025-08-29T01:52:54","modified_gmt":"2025-08-29T00:52:54","slug":"3600523955077","status":"publish","type":"product","link":"https:\/\/gopinkish.com\/fr\/produit\/3600523955077\/","title":{"rendered":"Protection des cheveux color\u00e9s et conditionneur d\u00e9m\u00ealant"},"content":{"rendered":"<p style=\"text-align: justify;\">\u0628\u0644\u0633\u0645 \u0625\u0644\u0641\u064a\u0641 \u0643\u0648\u0644\u0648\u0631 \u0641\u064a\u0641 \u0645\u0646 \u0644\u0648\u0631\u064a\u0627\u0644 \u0628\u0627\u0631\u064a\u0633 \u064a\u064f\u0641\u0643\u0651 \u062a\u0634\u0627\u0628\u0643 \u062e\u0635\u0644\u0627\u062a \u0627\u0644\u0634\u0639\u0631 \u0648\u064a\u062d\u0645\u064a \u0644\u0648\u0646\u0647. \u0641\u064a \u0627\u0644\u0648\u0642\u062a \u0646\u0641\u0633\u0647\u060c \u062a\u064f\u0633\u0627\u0639\u062f \u062a\u0631\u0643\u064a\u0628\u062a\u0647 \u0627\u0644\u0645\u064f\u0639\u0632\u0651\u0632\u0629 \u0628\u0641\u0644\u0627\u062a\u0631 \u0627\u0644\u0623\u0634\u0639\u0629 \u0641\u0648\u0642 \u0627\u0644\u0628\u0646\u0641\u0633\u062c\u064a\u0629 \u0627\u0644\u0637\u0648\u064a\u0644\u0629 \u0648\u0627\u0644\u0645\u062a\u0648\u0633\u0637\u0629 \u0639\u0644\u0649 \u062d\u0645\u0627\u064a\u0629 \u0627\u0644\u0634\u0639\u0631 \u0645\u0646 \u0627\u0644\u0639\u0648\u0627\u0645\u0644 \u0627\u0644\u062e\u0627\u0631\u062c\u064a\u0629 \u0627\u0644\u0636\u0627\u0631\u0629\u060c \u0648\u062a\u062a\u0631\u0643 \u0644\u0648\u0646\u0647 \u0644\u0627\u0645\u0639\u064b\u0627.<\/p>\n<p style=\"text-align: justify;\">\u0628\u0633\u0628\u0628 \u0627\u0644\u063a\u0633\u0644 \u0627\u0644\u0645\u062a\u0643\u0631\u0631\u060c \u0648\u0627\u0644\u062a\u0639\u0631\u0636 \u0644\u0623\u0634\u0639\u0629 \u0627\u0644\u0634\u0645\u0633\u060c \u0648\u0627\u0644\u062a\u0644\u0648\u062b\u060c \u0648\u063a\u064a\u0631\u0647\u0627 \u0645\u0646 \u0627\u0644\u0639\u0648\u0627\u0645\u0644 \u0627\u0644\u062e\u0627\u0631\u062c\u064a\u0629 \u0627\u0644\u0636\u0627\u0631\u0629\u060c \u0642\u062f \u064a\u0643\u0648\u0646 \u0634\u0639\u0631\u0643 \u0627\u0644\u0645\u0635\u0628\u0648\u063a \u0623\u0643\u062b\u0631 \u062d\u0633\u0627\u0633\u064a\u0629. \u0644\u0645\u0646\u0639 \u0628\u0647\u062a\u0627\u0646 \u0644\u0648\u0646 \u0634\u0639\u0631\u0643 \u0623\u0648 \u0641\u0642\u062f\u0627\u0646 \u0644\u0645\u0639\u0627\u0646\u0647 \u0648\u0643\u062b\u0627\u0641\u062a\u0647\u060c \u0639\u0644\u064a\u0643\u0650 \u062a\u0648\u062e\u064a \u0627\u0644\u062d\u0630\u0631 \u0627\u0644\u0634\u062f\u064a\u062f. \u064a\u062c\u0645\u0639 \u0647\u0630\u0627 \u0627\u0644\u0628\u0644\u0633\u0645 \u0628\u064a\u0646 \u0627\u0644\u0639\u0646\u0627\u064a\u0629 \u0627\u0644\u062a\u064a \u064a\u062d\u062a\u0627\u062c\u0647\u0627 \u0634\u0639\u0631\u0643\u0650\u060c \u0645\u0639 \u0641\u0643\u0651 \u062a\u0634\u0627\u0628\u0643\u0647 \u0628\u0627\u0644\u0643\u0627\u0645\u0644. \u0628\u0627\u0644\u0625\u0636\u0627\u0641\u0629 \u0625\u0644\u0649 \u0630\u0644\u0643\u060c \u062a\u064f\u063a\u0630\u0651\u064a \u062a\u0631\u0643\u064a\u0628\u062a\u0647 \u0627\u0644\u0645\u064f\u0639\u0632\u0651\u0632\u0629 \u0628\u0632\u064a\u062a \u062c\u0648\u0632 \u0627\u0644\u0647\u0646\u062f \u0634\u0639\u0631\u0643\u0650 \u0648\u062a\u0631\u0637\u0651\u0628\u0647 \u0645\u0646 \u0623\u0637\u0631\u0627\u0641\u0647 \u0625\u0644\u0649 \u0623\u0637\u0631\u0627\u0641\u0647. \u0633\u062a\u062d\u0635\u0644\u064a\u0646 \u0639\u0644\u0649 \u062a\u0631\u0637\u064a\u0628 \u0645\u064f\u0643\u062b\u0651\u0641\u060c \u0628\u064a\u0646\u0645\u0627 \u064a\u062f\u0648\u0645 \u0644\u0648\u0646\u0647 \u0644\u0641\u062a\u0631\u0629 \u0623\u0637\u0648\u0644. \u0644\u0645\u0632\u064a\u062f \u0645\u0646 \u0627\u0644\u0639\u0646\u0627\u064a\u0629\u060c \u0627\u0633\u062a\u062e\u062f\u0645\u064a \u0627\u0644\u0634\u0627\u0645\u0628\u0648 \u0648\u0627\u0644\u0642\u0646\u0627\u0639 \u0645\u0646 \u0646\u0641\u0633 \u0645\u062c\u0645\u0648\u0639\u0629 \u0645\u0646\u062a\u062c\u0627\u062a \u0625\u0644\u0641\u064a\u0641 \u0643\u0648\u0644\u0648\u0631 \u0641\u064a\u0641 \u0645\u0646 \u0644\u0648\u0631\u064a\u0627\u0644 \u0628\u0627\u0631\u064a\u0633. \u0628\u0634\u0643\u0644 \u0639\u0627\u0645\u060c \u0647\u0630\u0627 \u0627\u0644\u0628\u0644\u0633\u0645 \u0645\u062b\u0627\u0644\u064a \u0644\u0645\u0646 \u064a\u0631\u063a\u0628\u0646 \u0641\u064a \u0639\u0646\u0627\u064a\u0629 \u0625\u0636\u0627\u0641\u064a\u0629\u060c \u0648\u0634\u0639\u0631 \u0623\u0643\u062b\u0631 \u0644\u0645\u0639\u0627\u0646\u064b\u0627 \u0648\u062d\u0631\u064a\u0631\u064a\u064b\u0627\u060c \u0648\u0644\u0648\u0646 \u062d\u064a\u0648\u064a \u0648\u0635\u062d\u064a.<\/p>\n<p dir=\"ltr\" style=\"text-align: center;\">\ud83c\uddec\ud83c\udde7 L&#8217;Or\u00e9al Elvive Conditioner \u2013 Color Protect<br \/>\n\ud83c\uddeb\ud83c\uddf7 Apr\u00e8s-Shampooing L&#8217;Or\u00e9al Elvive \u2013 Protection Couleur<\/p>","protected":false},"excerpt":{"rendered":"<p>\u0628\u0644\u0633\u0645 \u0625\u0644\u0641\u064a\u0641 \u0643\u0648\u0644\u0648\u0631 \u0641\u064a\u0641 \u0645\u0646 \u0644\u0648\u0631\u064a\u0627\u0644 \u0628\u0627\u0631\u064a\u0633 \u064a\u064f\u0641\u0643\u0651 \u062a\u0634\u0627\u0628\u0643 \u062e\u0635\u0644\u0627\u062a \u0627\u0644\u0634\u0639\u0631 \u0648\u064a\u062d\u0645\u064a \u0644\u0648\u0646\u0647. \u0641\u064a \u0627\u0644\u0648\u0642\u062a \u0646\u0641\u0633\u0647\u060c \u062a\u064f\u0633\u0627\u0639\u062f \u062a\u0631\u0643\u064a\u0628\u062a\u0647 \u0627\u0644\u0645\u064f\u0639\u0632\u0651\u0632\u0629 \u0628\u0641\u0644\u0627\u062a\u0631 \u0627\u0644\u0623\u0634\u0639\u0629 \u0641\u0648\u0642 \u0627\u0644\u0628\u0646\u0641\u0633\u062c\u064a\u0629 \u0627\u0644\u0637\u0648\u064a\u0644\u0629 \u0648\u0627\u0644\u0645\u062a\u0648\u0633\u0637\u0629 \u0639\u0644\u0649 \u062d\u0645\u0627\u064a\u0629 \u0627\u0644\u0634\u0639\u0631 \u0645\u0646 \u0627\u0644\u0639\u0648\u0627\u0645\u0644 \u0627\u0644\u062e\u0627\u0631\u062c\u064a\u0629 \u0627\u0644\u0636\u0627\u0631\u0629\u060c \u0648\u062a\u062a\u0631\u0643 \u0644\u0648\u0646\u0647 \u0644\u0627\u0645\u0639\u064b\u0627. \u0628\u0633\u0628\u0628 \u0627\u0644\u063a\u0633\u0644 \u0627\u0644\u0645\u062a\u0643\u0631\u0631\u060c \u0648\u0627\u0644\u062a\u0639\u0631\u0636 \u0644\u0623\u0634\u0639\u0629 \u0627\u0644\u0634\u0645\u0633\u060c \u0648\u0627\u0644\u062a\u0644\u0648\u062b\u060c \u0648\u063a\u064a\u0631\u0647\u0627 \u0645\u0646 \u0627\u0644\u0639\u0648\u0627\u0645\u0644 \u0627\u0644\u062e\u0627\u0631\u062c\u064a\u0629 \u0627\u0644\u0636\u0627\u0631\u0629\u060c \u0642\u062f \u064a\u0643\u0648\u0646 \u0634\u0639\u0631\u0643 \u0627\u0644\u0645\u0635\u0628\u0648\u063a \u0623\u0643\u062b\u0631 \u062d\u0633\u0627\u0633\u064a\u0629. \u0644\u0645\u0646\u0639 \u0628\u0647\u062a\u0627\u0646 [&hellip;]<\/p>\n","protected":false},"featured_media":29110,"template":"","meta":[],"pwb-brand":[239],"product_brand":[],"product_cat":[1149],"product_tag":[1041],"class_list":{"0":"post-29108","1":"product","2":"type-product","3":"status-publish","4":"has-post-thumbnail","6":"pwb-brand-loreal","7":"product_cat-hair-cond","8":"product_tag-1041","10":"first","11":"outofstock","12":"shipping-taxable","13":"product-type-variable","14":"has-default-attributes","15":"wvs-archive-product-wrapper"},"brands":[{"id":239,"name":"L'Or\u00e9al Paris","slug":"loreal"}],"_links":{"self":[{"href":"https:\/\/gopinkish.com\/fr\/wp-json\/wp\/v2\/product\/29108","targetHints":{"allow":["GET"]}}],"collection":[{"href":"https:\/\/gopinkish.com\/fr\/wp-json\/wp\/v2\/product"}],"about":[{"href":"https:\/\/gopinkish.com\/fr\/wp-json\/wp\/v2\/types\/product"}],"wp:featuredmedia":[{"embeddable":true,"href":"https:\/\/gopinkish.com\/fr\/wp-json\/wp\/v2\/media\/29110"}],"wp:attachment":[{"href":"https:\/\/gopinkish.com\/fr\/wp-json\/wp\/v2\/media?parent=29108"}],"wp:term":[{"taxonomy":"pwb-brand","embeddable":true,"href":"https:\/\/gopinkish.com\/fr\/wp-json\/wp\/v2\/pwb-brand?post=29108"},{"taxonomy":"product_brand","embeddable":true,"href":"https:\/\/gopinkish.com\/fr\/wp-json\/wp\/v2\/product_brand?post=29108"},{"taxonomy":"product_cat","embeddable":true,"href":"https:\/\/gopinkish.com\/fr\/wp-json\/wp\/v2\/product_cat?post=29108"},{"taxonomy":"product_tag","embeddable":true,"href":"https:\/\/gopinkish.com\/fr\/wp-json\/wp\/v2\/product_tag?post=29108"}],"curies":[{"name":"wp","href":"https:\/\/api.w.org\/{rel}","templated":true}]}}