{"id":29066,"date":"2025-07-22T14:13:30","date_gmt":"2025-07-22T13:13:30","guid":{"rendered":"https:\/\/gopinkish.com\/?post_type=product&#038;p=29066"},"modified":"2025-08-05T23:23:45","modified_gmt":"2025-08-05T22:23:45","slug":"5056245021220","status":"publish","type":"product","link":"https:\/\/gopinkish.com\/fr\/produit\/5056245021220\/","title":{"rendered":"Penhaligon's La trag\u00e9die de Lord George"},"content":{"rendered":"<p style=\"text-align: justify;\">La sophistication est la marque de fabrique de ce parfum captivant. Penhaligon's Portraits by Penhaligon's rend hommage aux aventures fantastiques, souvent scandaleuses, des aristocrates anglais ; dans The Tragedy of Lord George, l'histoire tourne autour d'un personnage riche et noble, le chef de famille. Il n'est donc pas \u00e9tonnant qu'il s'agisse d'un parfum masculin, avec des notes de rhum chaud, de v\u00e9tiver luxueux et de savon \u00e0 raser, qui rappellent l'exp\u00e9rience de la rencontre avec le v\u00e9n\u00e9rable lord.<\/p>\n<p style=\"text-align: justify;\">Principaux ingr\u00e9dients : Lavande, rhum<br \/>\nLes ingr\u00e9dients du milieu : F\u00e8ves de Tonka<br \/>\nLes principaux ingr\u00e9dients : Ambre, V\u00e9tiver, Bois de C\u00e8dre<\/p>\n<p dir=\"ltr\" style=\"text-align: center;\">\ud83c\uddec\ud83c\udde7 Penhaligon's The Tragedy of Lord George Eau de Parfum<br \/>\n\ud83c\uddeb\ud83c\uddf7 Eau de Parfum Penhaligon's La Trag\u00e9die de Lord George<\/p>","protected":false},"excerpt":{"rendered":"<p>Eau de Parfum<\/p>","protected":false},"featured_media":29071,"template":"","meta":[],"pwb-brand":[1457],"product_brand":[],"product_cat":[1424],"product_tag":[],"class_list":{"0":"post-29066","1":"product","2":"type-product","3":"status-publish","4":"has-post-thumbnail","6":"pwb-brand-penhaligon","7":"product_cat-edp-men","9":"first","10":"instock","11":"shipping-taxable","12":"purchasable","13":"product-type-variable","14":"has-default-attributes","15":"wvs-archive-product-wrapper"},"brands":[{"id":1457,"name":"Penhaligon's","slug":"penhaligon"}],"_links":{"self":[{"href":"https:\/\/gopinkish.com\/fr\/wp-json\/wp\/v2\/product\/29066","targetHints":{"allow":["GET"]}}],"collection":[{"href":"https:\/\/gopinkish.com\/fr\/wp-json\/wp\/v2\/product"}],"about":[{"href":"https:\/\/gopinkish.com\/fr\/wp-json\/wp\/v2\/types\/product"}],"wp:featuredmedia":[{"embeddable":true,"href":"https:\/\/gopinkish.com\/fr\/wp-json\/wp\/v2\/media\/29071"}],"wp:attachment":[{"href":"https:\/\/gopinkish.com\/fr\/wp-json\/wp\/v2\/media?parent=29066"}],"wp:term":[{"taxonomy":"pwb-brand","embeddable":true,"href":"https:\/\/gopinkish.com\/fr\/wp-json\/wp\/v2\/pwb-brand?post=29066"},{"taxonomy":"product_brand","embeddable":true,"href":"https:\/\/gopinkish.com\/fr\/wp-json\/wp\/v2\/product_brand?post=29066"},{"taxonomy":"product_cat","embeddable":true,"href":"https:\/\/gopinkish.com\/fr\/wp-json\/wp\/v2\/product_cat?post=29066"},{"taxonomy":"product_tag","embeddable":true,"href":"https:\/\/gopinkish.com\/fr\/wp-json\/wp\/v2\/product_tag?post=29066"}],"curies":[{"name":"wp","href":"https:\/\/api.w.org\/{rel}","templated":true}]}}