{"id":29049,"date":"2025-04-27T12:43:55","date_gmt":"2025-04-27T11:43:55","guid":{"rendered":"https:\/\/gopinkish.com\/?post_type=product&#038;p=29049"},"modified":"2025-08-27T01:03:10","modified_gmt":"2025-08-27T00:03:10","slug":"5410103019659","status":"publish","type":"product","link":"https:\/\/gopinkish.com\/fr\/produit\/5410103019659\/","title":{"rendered":"Lait nettoyant, d\u00e9maquillant et anti-rides"},"content":{"rendered":"<p style=\"text-align: justify;\">\u064a\u0633\u0627\u0639\u062f \u0647\u0630\u0627 \u0627\u0644\u062d\u0644\u064a\u0628 \u0627\u0644\u0645\u0646\u0638\u0641 \u0639\u0644\u0649 \u0625\u0632\u0627\u0644\u0629 \u0627\u0644\u062a\u062c\u0627\u0639\u064a\u062f \u0641\u0648\u0631\u064b\u0627 \u0648\u064a\u0646\u0639\u0634 \u0627\u0644\u0628\u0634\u0631\u0629 \u0627\u0644\u0646\u0627\u0636\u062c\u0629. \u0643\u0645\u0627 \u064a\u0633\u0627\u0639\u062f \u0639\u0644\u0649 \u0645\u0646\u0639 \u062c\u0641\u0627\u0641 \u0627\u0644\u0628\u0634\u0631\u0629. \u0645\u0646\u0627\u0633\u0628 \u0644\u0644\u0628\u0634\u0631\u0629 \u0627\u0644\u0646\u0627\u0636\u062c\u0629 \u0648\u0644\u0644\u0646\u0633\u0627\u0621 \u0641\u0648\u0642 \u0633\u0646 \u0627\u0644\u062e\u0645\u0633\u064a\u0646.<\/p>\n<p style=\"text-align: justify;\">\u0628\u0634\u0631\u062a\u0643\u0650 \u0646\u0638\u064a\u0641\u0629 \u0648\u0645\u0646\u062a\u0639\u0634\u0629 \u0648\u062e\u0627\u0644\u064a\u0629 \u0645\u0646 \u0627\u0644\u062a\u062c\u0627\u0639\u064a\u062f\u060c \u0633\u062a\u0634\u0639\u0631\u064a\u0646 \u0628\u0627\u0644\u0627\u0646\u062a\u0639\u0627\u0634 \u0648\u0627\u0644\u0631\u0627\u062d\u0629 \u0644\u0641\u062a\u0631\u0629 \u0637\u0648\u064a\u0644\u0629. \u0643\u0644 \u0635\u0628\u0627\u062d\u060c \u062a\u062a\u062c\u062f\u062f \u0628\u0634\u0631\u062a\u0643\u0650 \u0648\u062a\u0628\u062f\u0648 \u0623\u0642\u0648\u0649.<\/p>\n<p style=\"text-align: justify;\"><strong>\u0644\u0644\u0627\u0633\u062a\u062e\u062f\u0627\u0645 : <\/strong>\u0636\u0639\u064a\u0647 \u0639\u0644\u0649 \u0627\u0644\u0648\u062c\u0647 \u0635\u0628\u0627\u062d\u064b\u0627 \u0648\u0645\u0633\u0627\u0621\u064b \u0628\u0627\u0633\u062a\u062e\u062f\u0627\u0645 \u0642\u0637\u0639\u0629 \u0642\u0637\u0646. \u062b\u0645 \u0636\u0639\u064a \u0643\u0631\u064a\u0645\u064b\u0627 \u0645\u0631\u0637\u0628\u064b\u0627.<\/p>\n<p dir=\"ltr\" style=\"text-align: center;\">\ud83c\uddec\ud83c\udde7 L&#8217;Or\u00e9al Age Perfect Comfortable Cleansing Milk with Magnesium &amp; Vitamin C \u2013 200ml<br \/>\n\ud83c\uddeb\ud83c\uddf7 L&#8217;Or\u00e9al Lait D\u00e9maquillant Confort Age Perfect au Magn\u00e9sium &amp; \u00e0 la Vitamine C \u2013 200ml<\/p>","protected":false},"excerpt":{"rendered":"<p>\u064a\u0633\u0627\u0639\u062f \u0647\u0630\u0627 \u0627\u0644\u062d\u0644\u064a\u0628 \u0627\u0644\u0645\u0646\u0638\u0641 \u0639\u0644\u0649 \u0625\u0632\u0627\u0644\u0629 \u0627\u0644\u062a\u062c\u0627\u0639\u064a\u062f \u0641\u0648\u0631\u064b\u0627 \u0648\u064a\u0646\u0639\u0634 \u0627\u0644\u0628\u0634\u0631\u0629 \u0627\u0644\u0646\u0627\u0636\u062c\u0629. \u0643\u0645\u0627 \u064a\u0633\u0627\u0639\u062f \u0639\u0644\u0649 \u0645\u0646\u0639 \u062c\u0641\u0627\u0641 \u0627\u0644\u0628\u0634\u0631\u0629. \u0645\u0646\u0627\u0633\u0628 \u0644\u0644\u0628\u0634\u0631\u0629 \u0627\u0644\u0646\u0627\u0636\u062c\u0629 \u0648\u0644\u0644\u0646\u0633\u0627\u0621 \u0641\u0648\u0642 \u0633\u0646 \u0627\u0644\u062e\u0645\u0633\u064a\u0646. \u0628\u0634\u0631\u062a\u0643\u0650 \u0646\u0638\u064a\u0641\u0629 \u0648\u0645\u0646\u062a\u0639\u0634\u0629 \u0648\u062e\u0627\u0644\u064a\u0629 \u0645\u0646 \u0627\u0644\u062a\u062c\u0627\u0639\u064a\u062f\u060c \u0633\u062a\u0634\u0639\u0631\u064a\u0646 \u0628\u0627\u0644\u0627\u0646\u062a\u0639\u0627\u0634 \u0648\u0627\u0644\u0631\u0627\u062d\u0629 \u0644\u0641\u062a\u0631\u0629 \u0637\u0648\u064a\u0644\u0629. \u0643\u0644 \u0635\u0628\u0627\u062d\u060c \u062a\u062a\u062c\u062f\u062f \u0628\u0634\u0631\u062a\u0643\u0650 \u0648\u062a\u0628\u062f\u0648 \u0623\u0642\u0648\u0649. \u0644\u0644\u0627\u0633\u062a\u062e\u062f\u0627\u0645 : \u0636\u0639\u064a\u0647 \u0639\u0644\u0649 \u0627\u0644\u0648\u062c\u0647 \u0635\u0628\u0627\u062d\u064b\u0627 \u0648\u0645\u0633\u0627\u0621\u064b \u0628\u0627\u0633\u062a\u062e\u062f\u0627\u0645 \u0642\u0637\u0639\u0629 \u0642\u0637\u0646. \u062b\u0645 \u0636\u0639\u064a \u0643\u0631\u064a\u0645\u064b\u0627 \u0645\u0631\u0637\u0628\u064b\u0627. [&hellip;]<\/p>\n","protected":false},"featured_media":29051,"template":"","meta":[],"pwb-brand":[239],"product_brand":[],"product_cat":[1205],"product_tag":[],"class_list":{"0":"post-29049","1":"product","2":"type-product","3":"status-publish","4":"has-post-thumbnail","6":"pwb-brand-loreal","7":"product_cat-makeup-removers","9":"first","10":"outofstock","11":"shipping-taxable","12":"product-type-variable","13":"has-default-attributes","14":"wvs-archive-product-wrapper"},"brands":[{"id":239,"name":"L'Or\u00e9al Paris","slug":"loreal"}],"_links":{"self":[{"href":"https:\/\/gopinkish.com\/fr\/wp-json\/wp\/v2\/product\/29049","targetHints":{"allow":["GET"]}}],"collection":[{"href":"https:\/\/gopinkish.com\/fr\/wp-json\/wp\/v2\/product"}],"about":[{"href":"https:\/\/gopinkish.com\/fr\/wp-json\/wp\/v2\/types\/product"}],"wp:featuredmedia":[{"embeddable":true,"href":"https:\/\/gopinkish.com\/fr\/wp-json\/wp\/v2\/media\/29051"}],"wp:attachment":[{"href":"https:\/\/gopinkish.com\/fr\/wp-json\/wp\/v2\/media?parent=29049"}],"wp:term":[{"taxonomy":"pwb-brand","embeddable":true,"href":"https:\/\/gopinkish.com\/fr\/wp-json\/wp\/v2\/pwb-brand?post=29049"},{"taxonomy":"product_brand","embeddable":true,"href":"https:\/\/gopinkish.com\/fr\/wp-json\/wp\/v2\/product_brand?post=29049"},{"taxonomy":"product_cat","embeddable":true,"href":"https:\/\/gopinkish.com\/fr\/wp-json\/wp\/v2\/product_cat?post=29049"},{"taxonomy":"product_tag","embeddable":true,"href":"https:\/\/gopinkish.com\/fr\/wp-json\/wp\/v2\/product_tag?post=29049"}],"curies":[{"name":"wp","href":"https:\/\/api.w.org\/{rel}","templated":true}]}}