{"id":29031,"date":"2025-07-03T12:08:39","date_gmt":"2025-07-03T11:08:39","guid":{"rendered":"https:\/\/gopinkish.com\/?post_type=product&#038;p=29031"},"modified":"2026-02-24T22:51:54","modified_gmt":"2026-02-24T21:51:54","slug":"3264680004322","status":"publish","type":"product","link":"https:\/\/gopinkish.com\/fr\/produit\/3264680004322\/","title":{"rendered":"D\u00e9odorant \u00e0 action prolong\u00e9e \u00e0 base de poudre d'alun naturelle et d'argent"},"content":{"rendered":"<p style=\"text-align: justify;\">Le d\u00e9odorant corporel Knox, \u00e0 base de poudre d'alun naturel et d'argent, offre une protection durable sans laisser de traces blanches. Il apaise la peau et \u00e9limine les odeurs d\u00e9sagr\u00e9ables. Disponible dans les magnifiques et douces fragrances Knox : Sorbet de noix de coco, Fleur blanche et Vanille sauvage.<\/p>\n<p style=\"text-align: justify;\"><strong>Caract\u00e9ristiques :<br \/>\n<\/strong>- Le d\u00e9odorant corporel de Nuxe est un spray sans alcool qui offre une protection durable, ne tache pas et vous laisse une sensation de fra\u00eecheur tout au long de la journ\u00e9e.<br \/>\n- Avec son parfum frais, ce d\u00e9odorant d\u00e9sodorise tout en adoucissant la peau, laissant \u00e0 vos aisselles une merveilleuse sensation de fra\u00eecheur.<br \/>\n- D\u00e9odorant longue dur\u00e9e - protection 24 heures<br \/>\n- Convient \u00e0 tous les types de peau, y compris les peaux sensibles et les peaux fra\u00eechement ras\u00e9es.<\/p>\n<p style=\"text-align: justify;\"><strong>Comment l'utiliser ? <\/strong>Appliquer le d\u00e9odorant corporel longue dur\u00e9e Knox sur une peau propre et s\u00e8che le matin apr\u00e8s la douche, et \u00e0 tout moment de la journ\u00e9e si n\u00e9cessaire.<\/p>\n<p dir=\"ltr\" style=\"text-align: center;\">\ud83c\uddec\ud83c\udde7 D\u00e9odorant longue dur\u00e9e Nuxe Body<br \/>\n\ud83c\uddeb\ud83c\uddf7 D\u00e9odorant Longue Dur\u00e9e Nuxe Body<\/p>\n<p>&nbsp;<\/p>","protected":false},"excerpt":{"rendered":"<p>\u0645\u0632\u064a\u0644 \u0639\u0631\u0642 \u0646\u0648\u0643\u0633 \u0644\u0644\u062c\u0633\u0645\u060c \u0628\u0645\u0633\u062d\u0648\u0642 \u0627\u0644\u0634\u0628\u0629 \u0627\u0644\u0637\u0628\u064a\u0639\u064a \u0648\u0627\u0644\u0641\u0636\u0629\u060c \u064a\u0648\u0641\u0631 \u062d\u0645\u0627\u064a\u0629 \u062a\u062f\u0648\u0645 \u0637\u0648\u064a\u0644\u0627\u064b \u062f\u0648\u0646 \u062a\u0631\u0643 \u0623\u064a \u0622\u062b\u0627\u0631 \u0628\u064a\u0636\u0627\u0621. \u064a\u0647\u062f\u0626 \u0627\u0644\u0628\u0634\u0631\u0629 \u0648\u064a\u0632\u064a\u0644 \u0627\u0644\u0631\u0648\u0627\u0626\u062d \u0627\u0644\u0643\u0631\u064a\u0647\u0629. \u0645\u062a\u0648\u0641\u0631 \u0628\u0639\u0637\u0648\u0631 \u0646\u0648\u0643\u0633 \u0627\u0644\u062c\u0645\u064a\u0644\u0629 \u0648\u0627\u0644\u0646\u0627\u0639\u0645\u0629: \u0633\u0648\u0631\u0628\u064a\u0647 \u062c\u0648\u0632 \u0627\u0644\u0647\u0646\u062f\u060c \u0648\u0627\u0644\u0632\u0647\u0648\u0631 \u0627\u0644\u0628\u064a\u0636\u0627\u0621\u060c \u0648\u0627\u0644\u0641\u0627\u0646\u064a\u0644\u064a\u0627 \u0627\u0644\u0628\u0631\u064a\u0629. \u0627\u0644\u0645\u0645\u064a\u0632\u0627\u062a: &#8211; \u0645\u0632\u064a\u0644 \u0639\u0631\u0642 \u0627\u0644\u062c\u0633\u0645 \u0647\u0630\u0627 \u0645\u0646 \u0646\u0648\u0643\u0633 \u0647\u0648 \u0628\u062e\u0627\u062e \u062e\u0627\u0644\u064d \u0645\u0646 \u0627\u0644\u0643\u062d\u0648\u0644 \u064a\u0645\u0646\u062d\u0643 \u062d\u0645\u0627\u064a\u0629 \u062a\u062f\u0648\u0645 \u0637\u0648\u064a\u0644\u0627\u064b \u062f\u0648\u0646 \u062a\u0631\u0643 \u0623\u064a \u0628\u0642\u0639\u060c [&hellip;]<\/p>\n","protected":false},"featured_media":29032,"template":"","meta":[],"pwb-brand":[1010],"product_brand":[],"product_cat":[1228],"product_tag":[686],"class_list":{"0":"post-29031","1":"product","2":"type-product","3":"status-publish","4":"has-post-thumbnail","6":"pwb-brand-nuxe","7":"product_cat-deodorants","8":"product_tag-deodorant","10":"first","11":"instock","12":"shipping-taxable","13":"purchasable","14":"product-type-variable","15":"has-default-attributes","16":"wvs-archive-product-wrapper"},"brands":[{"id":1010,"name":"NUXE","slug":"nuxe"}],"_links":{"self":[{"href":"https:\/\/gopinkish.com\/fr\/wp-json\/wp\/v2\/product\/29031","targetHints":{"allow":["GET"]}}],"collection":[{"href":"https:\/\/gopinkish.com\/fr\/wp-json\/wp\/v2\/product"}],"about":[{"href":"https:\/\/gopinkish.com\/fr\/wp-json\/wp\/v2\/types\/product"}],"wp:featuredmedia":[{"embeddable":true,"href":"https:\/\/gopinkish.com\/fr\/wp-json\/wp\/v2\/media\/29032"}],"wp:attachment":[{"href":"https:\/\/gopinkish.com\/fr\/wp-json\/wp\/v2\/media?parent=29031"}],"wp:term":[{"taxonomy":"pwb-brand","embeddable":true,"href":"https:\/\/gopinkish.com\/fr\/wp-json\/wp\/v2\/pwb-brand?post=29031"},{"taxonomy":"product_brand","embeddable":true,"href":"https:\/\/gopinkish.com\/fr\/wp-json\/wp\/v2\/product_brand?post=29031"},{"taxonomy":"product_cat","embeddable":true,"href":"https:\/\/gopinkish.com\/fr\/wp-json\/wp\/v2\/product_cat?post=29031"},{"taxonomy":"product_tag","embeddable":true,"href":"https:\/\/gopinkish.com\/fr\/wp-json\/wp\/v2\/product_tag?post=29031"}],"curies":[{"name":"wp","href":"https:\/\/api.w.org\/{rel}","templated":true}]}}