{"id":29005,"date":"2025-07-01T14:42:36","date_gmt":"2025-07-01T13:42:36","guid":{"rendered":"https:\/\/gopinkish.com\/?post_type=product&#038;p=29005"},"modified":"2026-02-24T23:11:21","modified_gmt":"2026-02-24T22:11:21","slug":"59096368","status":"publish","type":"product","link":"https:\/\/gopinkish.com\/fr\/produit\/59096368\/","title":{"rendered":"D\u00e9odorant Triple Action Protection Maximale - Homme"},"content":{"rendered":"<p style=\"text-align: justify;\">Quelle que soit votre routine quotidienne, vous pouvez vous passer de v\u00eatements qui transpirent. Le d\u00e9odorant pour hommes Rexona \u00e0 protection maximale emp\u00eachera l'apparition de taches g\u00eanantes sous les aisselles. Gr\u00e2ce \u00e0 ses ingr\u00e9dients anti-transpirants, il emp\u00eache efficacement la formation de sueur et aide \u00e0 garder la peau s\u00e8che. Il offre une protection durable contre les odeurs corporelles et l'humidit\u00e9 ind\u00e9sirable caus\u00e9e par la sueur, vous laissant une sensation de fra\u00eecheur et de propret\u00e9 tout au long de la journ\u00e9e.<\/p>\n<p style=\"text-align: justify;\"><strong>Caract\u00e9ristiques :<br \/>\n<\/strong>Prot\u00e8ge efficacement contre la transpiration<br \/>\nLaisse une sensation de fra\u00eecheur durable<br \/>\nR\u00e9gule la transpiration et l'hydratation de la peau<br \/>\nSp\u00e9cialement formul\u00e9 pour r\u00e9pondre aux besoins de la peau masculine.<\/p>\n<p style=\"text-align: justify;\"><strong>Utiliser :<\/strong><br \/>\nAppliquer sur la peau propre et s\u00e8che des aisselles. Convient \u00e0 un usage quotidien. R\u00e9p\u00e9ter l'op\u00e9ration \u00e0 tout moment de la journ\u00e9e si n\u00e9cessaire.<\/p>\n<p dir=\"ltr\" style=\"text-align: center;\">\ud83c\uddec\ud83c\udde7 Rexona Men Antiperspirant - Cobalt Dry<br \/>\n\ud83c\uddeb\ud83c\uddf7 Antitranspirant Rexona Homme - Cobalt Dry<\/p>","protected":false},"excerpt":{"rendered":"<p>\u0645\u0647\u0645\u0627 \u0643\u0627\u0646 \u0631\u0648\u062a\u064a\u0646\u0643 \u0627\u0644\u064a\u0648\u0645\u064a\u060c \u064a\u0645\u0643\u0646\u0643 \u0627\u0644\u0627\u0633\u062a\u063a\u0646\u0627\u0621 \u0639\u0646 \u0627\u0644\u0645\u0644\u0627\u0628\u0633 \u0627\u0644\u0645\u062a\u0639\u0631\u0642\u0629. \u0645\u0632\u064a\u0644 \u0627\u0644\u0639\u0631\u0642 \u0631\u064a\u0643\u0633\u0648\u0646\u0627 \u0644\u0644\u0631\u062c\u0627\u0644 \u0628\u062d\u0645\u0627\u064a\u0629 \u0642\u0635\u0648\u0649 \u0633\u064a\u0645\u0646\u0639 \u0638\u0647\u0648\u0631 \u0628\u0642\u0639 \u0627\u0644\u0625\u0628\u0637 \u0627\u0644\u0645\u0632\u0639\u062c\u0629. \u0628\u0641\u0636\u0644 \u0645\u0643\u0648\u0646\u0627\u062a\u0647 \u0627\u0644\u0645\u0636\u0627\u062f\u0629 \u0644\u0644\u062a\u0639\u0631\u0642\u060c \u064a\u0645\u0646\u0639 \u0628\u0641\u0639\u0627\u0644\u064a\u0629 \u062a\u0643\u0648\u0646 \u0627\u0644\u0639\u0631\u0642 \u0648\u064a\u0633\u0627\u0639\u062f \u0639\u0644\u0649 \u0627\u0644\u062d\u0641\u0627\u0638 \u0639\u0644\u0649 \u062c\u0641\u0627\u0641 \u0628\u0634\u0631\u062a\u0643. \u0633\u064a\u0648\u0641\u0631 \u0644\u0643 \u062d\u0645\u0627\u064a\u0629 \u0637\u0648\u064a\u0644\u0629 \u0627\u0644\u0623\u0645\u062f \u0645\u0646 \u0631\u0627\u0626\u062d\u0629 \u0627\u0644\u062c\u0633\u0645 \u0648\u0627\u0644\u0631\u0637\u0648\u0628\u0629 \u063a\u064a\u0631 \u0627\u0644\u0645\u0631\u063a\u0648\u0628 \u0641\u064a\u0647\u0627 \u0627\u0644\u0646\u0627\u062a\u062c\u0629 \u0639\u0646 \u0627\u0644\u0639\u0631\u0642\u060c \u0644\u062a\u0633\u062a\u0645\u062a\u0639 \u0628\u0634\u0639\u0648\u0631 \u0628\u0627\u0644\u0627\u0646\u062a\u0639\u0627\u0634 \u0648\u0627\u0644\u0646\u0638\u0627\u0641\u0629 \u0637\u0648\u0627\u0644 \u0627\u0644\u064a\u0648\u0645. [&hellip;]<\/p>\n","protected":false},"featured_media":29006,"template":"","meta":[],"pwb-brand":[236],"product_brand":[],"product_cat":[1228],"product_tag":[686],"class_list":{"0":"post-29005","1":"product","2":"type-product","3":"status-publish","4":"has-post-thumbnail","6":"pwb-brand-nivea","7":"product_cat-deodorants","8":"product_tag-deodorant","10":"first","11":"instock","12":"shipping-taxable","13":"purchasable","14":"product-type-variable","15":"has-default-attributes","16":"wvs-archive-product-wrapper"},"brands":[{"id":236,"name":"Nivea","slug":"nivea"}],"_links":{"self":[{"href":"https:\/\/gopinkish.com\/fr\/wp-json\/wp\/v2\/product\/29005","targetHints":{"allow":["GET"]}}],"collection":[{"href":"https:\/\/gopinkish.com\/fr\/wp-json\/wp\/v2\/product"}],"about":[{"href":"https:\/\/gopinkish.com\/fr\/wp-json\/wp\/v2\/types\/product"}],"wp:featuredmedia":[{"embeddable":true,"href":"https:\/\/gopinkish.com\/fr\/wp-json\/wp\/v2\/media\/29006"}],"wp:attachment":[{"href":"https:\/\/gopinkish.com\/fr\/wp-json\/wp\/v2\/media?parent=29005"}],"wp:term":[{"taxonomy":"pwb-brand","embeddable":true,"href":"https:\/\/gopinkish.com\/fr\/wp-json\/wp\/v2\/pwb-brand?post=29005"},{"taxonomy":"product_brand","embeddable":true,"href":"https:\/\/gopinkish.com\/fr\/wp-json\/wp\/v2\/product_brand?post=29005"},{"taxonomy":"product_cat","embeddable":true,"href":"https:\/\/gopinkish.com\/fr\/wp-json\/wp\/v2\/product_cat?post=29005"},{"taxonomy":"product_tag","embeddable":true,"href":"https:\/\/gopinkish.com\/fr\/wp-json\/wp\/v2\/product_tag?post=29005"}],"curies":[{"name":"wp","href":"https:\/\/api.w.org\/{rel}","templated":true}]}}