{"id":28978,"date":"2025-07-01T13:04:37","date_gmt":"2025-07-01T12:04:37","guid":{"rendered":"https:\/\/gopinkish.com\/?post_type=product&#038;p=28978"},"modified":"2026-02-24T22:50:28","modified_gmt":"2026-02-24T21:50:28","slug":"8410751031697","status":"publish","type":"product","link":"https:\/\/gopinkish.com\/fr\/produit\/8410751031697\/","title":{"rendered":"D\u00e9odorant sans aluminium ni parab\u00e8ne aux propri\u00e9t\u00e9s anti-transpirantes"},"content":{"rendered":"<p style=\"text-align: justify;\">Le d\u00e9odorant \u00e0 la noix de coco blanche de Tulipan Negro est un d\u00e9odorant efficace qui \u00e9limine les odeurs d\u00e9sagr\u00e9ables de transpiration, tout en d\u00e9gageant un parfum tropical envo\u00fbtant. L'essence de noix de coco blanche pr\u00e9sente une vari\u00e9t\u00e9 de notes sensuelles, notamment sucr\u00e9es, cr\u00e9meuses, chaudes, fruit\u00e9es et fra\u00eeches. Le parfum a une composition expressive, ce qui le rend appropri\u00e9 pour les rendez-vous romantiques et les r\u00e9unions d'affaires.<\/p>\n<p style=\"text-align: justify;\"><strong>Caract\u00e9ristiques du d\u00e9odorant en stick Tulipan Negro :<\/strong><\/p>\n<p style=\"text-align: justify;\">- La formule du d\u00e9odorant est exempte de sels d'aluminium et de parab\u00e8nes.<br \/>\n- R\u00e9gule efficacement la transpiration.<br \/>\n- \u00c9limine l'odeur d\u00e9sagr\u00e9able de la sueur et laisse une sensation de fra\u00eecheur.<br \/>\n- Formule intens\u00e9ment hydratante pour la peau sensible des aisselles.<br \/>\n- Se pr\u00e9sente sous la forme d'un steak pratique.<br \/>\n- Convient \u00e0 un usage quotidien.<br \/>\n- Gr\u00e2ce \u00e0 son format compact, ce d\u00e9odorant est parfait pour les voyages.<\/p>\n<p dir=\"ltr\" style=\"text-align: center;\">TULIPAN NEGRO D\u00e9odorant Stick GOURMAND Blanc Noix de Coco<\/p>","protected":false},"excerpt":{"rendered":"<p>\u0645\u0632\u064a\u0644 \u0627\u0644\u0639\u0631\u0642 &#8220;\u062c\u0648\u0632 \u0627\u0644\u0647\u0646\u062f \u0627\u0644\u0623\u0628\u064a\u0636&#8221; \u0645\u0646 \u0645\u0627\u0631\u0643\u0629 \u062a\u0648\u0644\u064a\u0628\u0627\u0646 \u0646\u064a\u063a\u0631\u0648 \u0645\u0646\u062a\u062c \u0641\u0639\u0627\u0644 \u064a\u064f\u062e\u0641\u064a \u0631\u0627\u0626\u062d\u0629 \u0627\u0644\u0639\u0631\u0642 \u0627\u0644\u0643\u0631\u064a\u0647\u0629 \u0628\u0641\u0639\u0627\u0644\u064a\u0629\u060c \u0645\u0639 \u0625\u0636\u0641\u0627\u0621 \u0631\u0627\u0626\u062d\u0629 \u0627\u0633\u062a\u0648\u0627\u0626\u064a\u0629 \u0633\u0627\u062d\u0631\u0629. \u062a\u062a\u0623\u0644\u0642 \u062e\u0644\u0627\u0635\u0629 \u062c\u0648\u0632 \u0627\u0644\u0647\u0646\u062f \u0627\u0644\u0623\u0628\u064a\u0636 \u0628\u0646\u0641\u062d\u0627\u062a \u062d\u0633\u064a\u0629 \u0645\u062a\u0646\u0648\u0639\u0629\u060c \u0645\u0646 \u0628\u064a\u0646\u0647\u0627 \u0646\u0641\u062d\u0627\u062a \u062d\u0644\u0648\u0629\u060c \u0643\u0631\u064a\u0645\u064a\u0629\u060c \u062f\u0627\u0641\u0626\u0629\u060c \u0641\u0627\u0643\u0647\u064a\u0629\u060c \u0648\u0645\u0646\u0639\u0634\u0629. \u064a\u062a\u0645\u064a\u0632 \u0627\u0644\u0639\u0637\u0631 \u0628\u062a\u0631\u0643\u064a\u0628\u0629 \u0645\u0639\u0628\u0631\u0629\u060c \u0645\u0645\u0627 \u064a\u062c\u0639\u0644\u0647 \u0645\u0646\u0627\u0633\u0628\u064b\u0627 \u0644\u0644\u0645\u0648\u0627\u0639\u064a\u062f \u0627\u0644\u0631\u0648\u0645\u0627\u0646\u0633\u064a\u0629 \u0648\u0627\u062c\u062a\u0645\u0627\u0639\u0627\u062a \u0627\u0644\u0639\u0645\u0644. \u0645\u0645\u064a\u0632\u0627\u062a \u0645\u0632\u064a\u0644 \u0627\u0644\u0639\u0631\u0642 \u062a\u0648\u0644\u064a\u0628\u0627\u0646 \u0646\u064a\u063a\u0631\u0648 \u0633\u062a\u064a\u0643: &#8211; [&hellip;]<\/p>\n","protected":false},"featured_media":28979,"template":"","meta":[],"pwb-brand":[1407],"product_brand":[],"product_cat":[1228],"product_tag":[686],"class_list":{"0":"post-28978","1":"product","2":"type-product","3":"status-publish","4":"has-post-thumbnail","6":"pwb-brand-tulipan-negro","7":"product_cat-deodorants","8":"product_tag-deodorant","10":"first","11":"instock","12":"shipping-taxable","13":"purchasable","14":"product-type-variable","15":"has-default-attributes","16":"wvs-archive-product-wrapper"},"brands":[{"id":1407,"name":"Tulipan Negro","slug":"tulipan-negro"}],"_links":{"self":[{"href":"https:\/\/gopinkish.com\/fr\/wp-json\/wp\/v2\/product\/28978","targetHints":{"allow":["GET"]}}],"collection":[{"href":"https:\/\/gopinkish.com\/fr\/wp-json\/wp\/v2\/product"}],"about":[{"href":"https:\/\/gopinkish.com\/fr\/wp-json\/wp\/v2\/types\/product"}],"wp:featuredmedia":[{"embeddable":true,"href":"https:\/\/gopinkish.com\/fr\/wp-json\/wp\/v2\/media\/28979"}],"wp:attachment":[{"href":"https:\/\/gopinkish.com\/fr\/wp-json\/wp\/v2\/media?parent=28978"}],"wp:term":[{"taxonomy":"pwb-brand","embeddable":true,"href":"https:\/\/gopinkish.com\/fr\/wp-json\/wp\/v2\/pwb-brand?post=28978"},{"taxonomy":"product_brand","embeddable":true,"href":"https:\/\/gopinkish.com\/fr\/wp-json\/wp\/v2\/product_brand?post=28978"},{"taxonomy":"product_cat","embeddable":true,"href":"https:\/\/gopinkish.com\/fr\/wp-json\/wp\/v2\/product_cat?post=28978"},{"taxonomy":"product_tag","embeddable":true,"href":"https:\/\/gopinkish.com\/fr\/wp-json\/wp\/v2\/product_tag?post=28978"}],"curies":[{"name":"wp","href":"https:\/\/api.w.org\/{rel}","templated":true}]}}