{"id":28958,"date":"2025-07-05T16:51:20","date_gmt":"2025-07-05T15:51:20","guid":{"rendered":"https:\/\/gopinkish.com\/?post_type=product&#038;p=28958"},"modified":"2026-01-28T18:30:38","modified_gmt":"2026-01-28T17:30:38","slug":"3337871320324","status":"publish","type":"product","link":"https:\/\/gopinkish.com\/fr\/produit\/3337871320324\/","title":{"rendered":"D\u00e9odorant anti-transpirant 48 heures pour peau sensible"},"content":{"rendered":"<p style=\"text-align: justify;\">Pour les femmes de tous \u00e2ges qui souhaitent arr\u00eater de transpirer sans irriter la peau sensible ou d\u00e9shydrat\u00e9e de la zone des aisselles.<\/p>\n<p dir=\"ltr\" style=\"text-align: center;\">\ud83c\uddec\ud83c\udde7 Vichy 48Hr D\u00e9odorant Roll-On Anti-Perspirant Apaisant - Peau sensible ou \u00e9pil\u00e9e<br \/>\n\ud83c\uddeb\ud83c\uddf7 D\u00e9odorant Antisudorifique Apaisant 48H Vichy - Peaux Sensibles ou \u00c9pil\u00e9es<\/p>","protected":false},"excerpt":{"rendered":"<p>\u0644\u0644\u0646\u0633\u0627\u0621 \u0645\u0646 \u062c\u0645\u064a\u0639 \u0627\u0644\u0623\u0639\u0645\u0627\u0631 \u0627\u0644\u0644\u0627\u062a\u064a \u064a\u0631\u063a\u0628\u0646 \u0641\u064a \u0625\u064a\u0642\u0627\u0641 \u0627\u0644\u062a\u0639\u0631\u0642 \u062f\u0648\u0646 \u062a\u0647\u064a\u062c \u0627\u0644\u0628\u0634\u0631\u0629 \u0627\u0644\u062d\u0633\u0627\u0633\u0629 \u0623\u0648 \u0627\u0644\u0645\u062c\u0641\u0641\u0629 \u0641\u064a \u0645\u0646\u0637\u0642\u0629 \u0627\u0644\u0625\u0628\u0637\u064a\u0646. \ud83c\uddec\ud83c\udde7 Vichy 48Hr Soothing Anti-Perspirant Roll-On Deodorant \u2013 Sensitive or Depilated Skin \ud83c\uddeb\ud83c\uddf7 D\u00e9odorant Antisudorifique Apaisant 48H Vichy \u2013 Peaux Sensibles ou \u00c9pil\u00e9es<\/p>","protected":false},"featured_media":28960,"template":"","meta":[],"pwb-brand":[243],"product_brand":[],"product_cat":[1228],"product_tag":[686],"class_list":{"0":"post-28958","1":"product","2":"type-product","3":"status-publish","4":"has-post-thumbnail","6":"pwb-brand-vichy","7":"product_cat-deodorants","8":"product_tag-deodorant","10":"first","11":"outofstock","12":"shipping-taxable","13":"product-type-variable","14":"has-default-attributes","15":"wvs-archive-product-wrapper"},"brands":[{"id":243,"name":"Vichy","slug":"vichy"}],"_links":{"self":[{"href":"https:\/\/gopinkish.com\/fr\/wp-json\/wp\/v2\/product\/28958","targetHints":{"allow":["GET"]}}],"collection":[{"href":"https:\/\/gopinkish.com\/fr\/wp-json\/wp\/v2\/product"}],"about":[{"href":"https:\/\/gopinkish.com\/fr\/wp-json\/wp\/v2\/types\/product"}],"wp:featuredmedia":[{"embeddable":true,"href":"https:\/\/gopinkish.com\/fr\/wp-json\/wp\/v2\/media\/28960"}],"wp:attachment":[{"href":"https:\/\/gopinkish.com\/fr\/wp-json\/wp\/v2\/media?parent=28958"}],"wp:term":[{"taxonomy":"pwb-brand","embeddable":true,"href":"https:\/\/gopinkish.com\/fr\/wp-json\/wp\/v2\/pwb-brand?post=28958"},{"taxonomy":"product_brand","embeddable":true,"href":"https:\/\/gopinkish.com\/fr\/wp-json\/wp\/v2\/product_brand?post=28958"},{"taxonomy":"product_cat","embeddable":true,"href":"https:\/\/gopinkish.com\/fr\/wp-json\/wp\/v2\/product_cat?post=28958"},{"taxonomy":"product_tag","embeddable":true,"href":"https:\/\/gopinkish.com\/fr\/wp-json\/wp\/v2\/product_tag?post=28958"}],"curies":[{"name":"wp","href":"https:\/\/api.w.org\/{rel}","templated":true}]}}