{"id":28951,"date":"2025-02-24T17:34:05","date_gmt":"2025-02-24T16:34:05","guid":{"rendered":"https:\/\/gopinkish.com\/?post_type=product&#038;p=28951"},"modified":"2026-01-08T15:21:38","modified_gmt":"2026-01-08T14:21:38","slug":"3701145200108","status":"publish","type":"product","link":"https:\/\/gopinkish.com\/fr\/produit\/3701145200108\/","title":{"rendered":"Cr\u00e8me pour les mains enrichie \u00e0 l'aloe vera et aux perles bleues naturelles enrichies en vitamines A et E"},"content":{"rendered":"<p>Une cr\u00e8me pour les mains enrichie d'aloe vera et de perles bleues naturelles encapsul\u00e9es de vitamines A et E. Le lavage des mains et l'utilisation fr\u00e9quente de gels \u00e0 base d'alcool fragilisent la peau et nuisent aux microbes qui s'y trouvent. Pour prendre soin de vos mains, nous avons d\u00e9velopp\u00e9 le Baume SOS pour les mains.<\/p>\n<p><strong>Sa composition permet :<\/strong><\/p>\n<p>Apaise la peau irrit\u00e9e gr\u00e2ce au D-panth\u00e9nol et \u00e0 l'allanto\u00efne.<\/p>\n<p>Hydratation par le b\u00eata-sitost\u00e9rol<\/p>\n<p>R\u00e9parer gr\u00e2ce au Postbiotic qui \u00e9quilibre la flore cutan\u00e9e et am\u00e9liore l'hydratation des peaux s\u00e8ches.<\/p>\n<p>En stimulant les marqueurs de coh\u00e9sion, les structures prot\u00e9iques et lipidiques, l'int\u00e9grit\u00e9 de la barri\u00e8re cutan\u00e9e est renforc\u00e9e.<\/p>\n<p>Enrichi en aloe vera et en perles bleues naturelles qui encapsulent les vitamines A et E.<\/p>\n<p>Le format de 75 ml est parfait pour les voyages ou pour \u00eatre emport\u00e9 avec soi.<\/p>\n<p>&nbsp;<\/p>\n<p>D\u00e9velopp\u00e9 et fabriqu\u00e9 en France<\/p>","protected":false},"excerpt":{"rendered":"<p>\u0643\u0631\u064a\u0645 \u0644\u0644\u064a\u062f\u064a\u0646 \u063a\u0646\u064a \u0628\u0627\u0644\u0635\u0628\u0627\u0631 \u0648\u0627\u0644\u062e\u0631\u0632 \u0627\u0644\u0623\u0632\u0631\u0642 \u0627\u0644\u0637\u0628\u064a\u0639\u064a \u0627\u0644\u0645\u063a\u0644\u0641 \u0628\u0627\u0644\u0641\u064a\u062a\u0627\u0645\u064a\u0646\u0627\u062a A \u0648 E. \u063a\u0633\u0644 \u0627\u0644\u064a\u062f\u064a\u0646 \u0648\u0627\u0644\u0627\u0633\u062a\u062e\u062f\u0627\u0645 \u0627\u0644\u0645\u062a\u0643\u0631\u0631 \u0644\u0644\u062c\u0644 \u0627\u0644\u0643\u062d\u0648\u0644\u064a \u064a\u064f\u0636\u0639\u0641 \u0628\u0634\u0631\u062a\u0643\u0650 \u0648\u064a\u0636\u0631 \u0628\u0645\u064a\u0643\u0631\u0648\u0628\u0627\u062a \u0628\u0634\u0631\u062a\u0643\u0650. \u0644\u0644\u0639\u0646\u0627\u064a\u0629 \u0628\u064a\u062f\u064a\u0643\u0650\u060c \u0637\u0648\u0631\u0646\u0627 \u0628\u0644\u0633\u0645 \u0627\u0644\u064a\u062f\u064a\u0646 SOS. \u062a\u0631\u0643\u064a\u0628\u062a\u0647 \u062a\u0633\u0645\u062d \u0628\u0640: \u062a\u0647\u062f\u0626\u0629 \u0627\u0644\u0628\u0634\u0631\u0629 \u0627\u0644\u0645\u062a\u0647\u064a\u062c\u0629 \u0645\u0639 \u062f-\u0628\u0627\u0646\u062b\u064a\u0646\u0648\u0644 \u0648\u0627\u0644\u0623\u0644\u0627\u0646\u062a\u0648\u064a\u0646. \u062a\u0631\u0637\u064a\u0628 \u0628\u0641\u0636\u0644 \u0628\u064a\u062a\u0627 \u0633\u064a\u062a\u0648\u0633\u062a\u064a\u0631\u0648\u0644 \u0625\u0635\u0644\u0627\u062d \u0628\u0641\u0636\u0644 \u0628\u0648\u0633\u062a\u0628\u064a\u0648\u062a\u064a\u0643 \u0627\u0644\u062a\u064a \u062a\u0648\u0627\u0632\u0646 \u0641\u0644\u0648\u0631\u0627 \u0627\u0644\u0628\u0634\u0631\u0629 \u0648\u062a\u062d\u0633\u0646 \u062a\u0631\u0637\u064a\u0628 \u0627\u0644\u0628\u0634\u0631\u0629 \u0627\u0644\u062c\u0627\u0641\u0629. \u0645\u0646 \u062e\u0644\u0627\u0644 [&hellip;]<\/p>\n","protected":false},"featured_media":28953,"template":"","meta":[],"pwb-brand":[],"product_brand":[],"product_cat":[1139],"product_tag":[],"class_list":{"0":"post-28951","1":"product","2":"type-product","3":"status-publish","4":"has-post-thumbnail","6":"product_cat-hands-care","8":"first","9":"instock","10":"shipping-taxable","11":"purchasable","12":"product-type-variable","13":"has-default-attributes","14":"wvs-archive-product-wrapper"},"brands":[],"_links":{"self":[{"href":"https:\/\/gopinkish.com\/fr\/wp-json\/wp\/v2\/product\/28951","targetHints":{"allow":["GET"]}}],"collection":[{"href":"https:\/\/gopinkish.com\/fr\/wp-json\/wp\/v2\/product"}],"about":[{"href":"https:\/\/gopinkish.com\/fr\/wp-json\/wp\/v2\/types\/product"}],"wp:featuredmedia":[{"embeddable":true,"href":"https:\/\/gopinkish.com\/fr\/wp-json\/wp\/v2\/media\/28953"}],"wp:attachment":[{"href":"https:\/\/gopinkish.com\/fr\/wp-json\/wp\/v2\/media?parent=28951"}],"wp:term":[{"taxonomy":"pwb-brand","embeddable":true,"href":"https:\/\/gopinkish.com\/fr\/wp-json\/wp\/v2\/pwb-brand?post=28951"},{"taxonomy":"product_brand","embeddable":true,"href":"https:\/\/gopinkish.com\/fr\/wp-json\/wp\/v2\/product_brand?post=28951"},{"taxonomy":"product_cat","embeddable":true,"href":"https:\/\/gopinkish.com\/fr\/wp-json\/wp\/v2\/product_cat?post=28951"},{"taxonomy":"product_tag","embeddable":true,"href":"https:\/\/gopinkish.com\/fr\/wp-json\/wp\/v2\/product_tag?post=28951"}],"curies":[{"name":"wp","href":"https:\/\/api.w.org\/{rel}","templated":true}]}}