{"id":28936,"date":"2025-07-01T16:56:32","date_gmt":"2025-07-01T15:56:32","guid":{"rendered":"https:\/\/gopinkish.com\/?post_type=product&#038;p=28936"},"modified":"2025-12-22T22:30:29","modified_gmt":"2025-12-22T21:30:29","slug":"3504105033071","status":"publish","type":"product","link":"https:\/\/gopinkish.com\/fr\/produit\/3504105033071\/","title":{"rendered":"Une pommade naturelle pour nettoyer, prot\u00e9ger et apaiser les b\u00e9b\u00e9s"},"content":{"rendered":"<p style=\"text-align: justify;\">La pommade pour pompe Mustela est compos\u00e9e d'ingr\u00e9dients naturels 99%, un produit naturel \u00e0 base d'huile d'olive extra vierge riche en om\u00e9ga 6 et 9 et d'hydroxyde de calcium, utilis\u00e9 depuis des g\u00e9n\u00e9rations pour nettoyer, prot\u00e9ger et apaiser votre b\u00e9b\u00e9 d\u00e8s sa naissance.<\/p>\n<p style=\"text-align: justify;\">Apr\u00e8s utilisation, sa texture riche, cr\u00e9meuse et sans parfum forme un film protecteur sur la peau qui pr\u00e9vient les irritations caus\u00e9es par l'humidit\u00e9 et les frottements des couches. Ce soin doux convient \u00e0 tous les types de peau, m\u00eame sensibles.<\/p>\n<p style=\"text-align: justify;\">Test\u00e9 sous la supervision de dermatologues et de p\u00e9diatres. Hypoallerg\u00e9nique.<\/p>\n<p style=\"text-align: justify;\">Sans parfum, sans parab\u00e8ne, sans phtalate et sans ph\u00e9noxy\u00e9thanol.<\/p>\n<p dir=\"ltr\" style=\"text-align: center;\">\ud83c\uddec\ud83c\udde7 Mustela Liniment Nettoyant pour le Change - Flacon pompe sans parfum<br \/>\n\ud83c\uddeb\ud83c\uddf7 Liniment Nettoyant pour le Change Mustela - Flacon Pompe Pompe Sans Parfum<\/p>","protected":false},"excerpt":{"rendered":"<p>\u0645\u0631\u0647\u0645 \u0645\u0648\u0633\u062a\u064a\u0644\u0627 \u0628\u0645\u0636\u062e\u0629 \u0645\u0635\u0646\u0648\u0639 \u0645\u0646 99% \u0645\u0643\u0648\u0646\u0627\u062a \u0637\u0628\u064a\u0639\u064a\u0629\u060c \u0648\u0647\u0648 \u0645\u0633\u062a\u062d\u0636\u0631 \u0637\u0628\u064a\u0639\u064a \u0628\u0632\u064a\u062a \u0627\u0644\u0632\u064a\u062a\u0648\u0646 \u0627\u0644\u0628\u0643\u0631 \u0627\u0644\u0645\u0645\u062a\u0627\u0632 \u0627\u0644\u063a\u0646\u064a \u0628\u0623\u0648\u0645\u064a\u063a\u0627 6 \u06489 \u0648\u0647\u064a\u062f\u0631\u0648\u0643\u0633\u064a\u062f \u0627\u0644\u0643\u0627\u0644\u0633\u064a\u0648\u0645\u060c \u064a\u064f\u0633\u062a\u062e\u062f\u0645 \u0645\u0646\u0630 \u0623\u062c\u064a\u0627\u0644 \u0644\u062a\u0646\u0638\u064a\u0641 \u0648\u062d\u0645\u0627\u064a\u0629 \u0648\u062a\u0647\u062f\u0626\u0629 \u0637\u0641\u0644\u0643\u0650 \u0645\u0646\u0630 \u0627\u0644\u0648\u0644\u0627\u062f\u0629. \u0628\u0639\u062f \u0627\u0644\u0627\u0633\u062a\u062e\u062f\u0627\u0645\u060c \u064a\u064f\u0634\u0643\u0644 \u0642\u0648\u0627\u0645\u0647 \u0627\u0644\u0643\u0631\u064a\u0645\u064a \u0627\u0644\u063a\u0646\u064a \u0648\u0627\u0644\u062e\u0627\u0644\u064a \u0645\u0646 \u0627\u0644\u0639\u0637\u0648\u0631 \u0637\u0628\u0642\u0629 \u0648\u0627\u0642\u064a\u0629 \u0639\u0644\u0649 \u0627\u0644\u0628\u0634\u0631\u0629 \u062a\u0645\u0646\u0639 \u062a\u0647\u064a\u062c\u0647\u0627 \u0627\u0644\u0646\u0627\u062a\u062c \u0639\u0646 \u0627\u0644\u0631\u0637\u0648\u0628\u0629 \u0648\u0627\u0644\u0627\u062d\u062a\u0643\u0627\u0643 \u0627\u0644\u0646\u0627\u062a\u062c \u0639\u0646 \u0627\u0644\u062d\u0641\u0627\u0636\u0627\u062a. \u0647\u0630\u0627 \u0627\u0644\u0639\u0644\u0627\u062c \u0627\u0644\u0644\u0637\u064a\u0641 [&hellip;]<\/p>\n","protected":false},"featured_media":28937,"template":"","meta":[],"pwb-brand":[1026],"product_brand":[],"product_cat":[1162],"product_tag":[1031],"class_list":{"0":"post-28936","1":"product","2":"type-product","3":"status-publish","4":"has-post-thumbnail","6":"pwb-brand-mustela","7":"product_cat-mom-baby","8":"product_tag-1031","10":"first","11":"outofstock","12":"shipping-taxable","13":"product-type-variable","14":"has-default-attributes","15":"wvs-archive-product-wrapper"},"brands":[{"id":1026,"name":"Mustela","slug":"mustela"}],"_links":{"self":[{"href":"https:\/\/gopinkish.com\/fr\/wp-json\/wp\/v2\/product\/28936","targetHints":{"allow":["GET"]}}],"collection":[{"href":"https:\/\/gopinkish.com\/fr\/wp-json\/wp\/v2\/product"}],"about":[{"href":"https:\/\/gopinkish.com\/fr\/wp-json\/wp\/v2\/types\/product"}],"wp:featuredmedia":[{"embeddable":true,"href":"https:\/\/gopinkish.com\/fr\/wp-json\/wp\/v2\/media\/28937"}],"wp:attachment":[{"href":"https:\/\/gopinkish.com\/fr\/wp-json\/wp\/v2\/media?parent=28936"}],"wp:term":[{"taxonomy":"pwb-brand","embeddable":true,"href":"https:\/\/gopinkish.com\/fr\/wp-json\/wp\/v2\/pwb-brand?post=28936"},{"taxonomy":"product_brand","embeddable":true,"href":"https:\/\/gopinkish.com\/fr\/wp-json\/wp\/v2\/product_brand?post=28936"},{"taxonomy":"product_cat","embeddable":true,"href":"https:\/\/gopinkish.com\/fr\/wp-json\/wp\/v2\/product_cat?post=28936"},{"taxonomy":"product_tag","embeddable":true,"href":"https:\/\/gopinkish.com\/fr\/wp-json\/wp\/v2\/product_tag?post=28936"}],"curies":[{"name":"wp","href":"https:\/\/api.w.org\/{rel}","templated":true}]}}