{"id":28908,"date":"2025-07-05T15:03:31","date_gmt":"2025-07-05T14:03:31","guid":{"rendered":"https:\/\/gopinkish.com\/?post_type=product&#038;p=28908"},"modified":"2026-04-13T15:33:56","modified_gmt":"2026-04-13T14:33:56","slug":"3600523306183","status":"publish","type":"product","link":"https:\/\/gopinkish.com\/fr\/produit\/3600523306183\/","title":{"rendered":"Masque visage \u00e9clatant aux trois types d'argile pure et aux algues rouges"},"content":{"rendered":"<p style=\"text-align: justify;\">L'Or\u00e9al Paris a s\u00e9lectionn\u00e9 trois types d'argile pure et les a associ\u00e9s \u00e0 un extrait d'algue rouge, connu pour ses propri\u00e9t\u00e9s illuminatrices. Sa texture cr\u00e9meuse et granuleuse \u00e9claircit la peau en exfoliant sa surface sans la dess\u00e9cher. Des r\u00e9sultats imm\u00e9diats, durables et visibles. Imm\u00e9diat : Une peau plus lisse, plus douce, plus \u00e9clatante. Utilisation pendant une semaine : Les pores se resserrent et le grain de peau devient plus lisse. Apr\u00e8s utilisation : La peau est plus fra\u00eeche et plus lumineuse, avec un \u00e9clat sain et uniforme.<\/p>\n<p dir=\"ltr\" style=\"text-align: center;\">\ud83c\uddec\ud83c\udde7 Masque \u00e0 l'argile pure de L'Or\u00e9al Paris - Algues rouges<br \/>\n\ud83c\uddeb\ud83c\uddf7 Masque \u00c9clat Pure Clay L'Or\u00e9al Paris - Algues Rouges<\/p>\n<p>&nbsp;<\/p>","protected":false},"excerpt":{"rendered":"<p>\u0627\u062e\u062a\u0627\u0631\u062a \u0645\u062e\u062a\u0628\u0631\u0627\u062a \u0644\u0648\u0631\u064a\u0627\u0644 \u0628\u0627\u0631\u064a\u0633 \u062b\u0644\u0627\u062b\u0629 \u0623\u0646\u0648\u0627\u0639 \u0645\u0646 \u0627\u0644\u0637\u064a\u0646 \u0627\u0644\u0646\u0642\u064a \u0648\u062f\u0645\u062c\u062a\u0647\u0627 \u0645\u0639 \u062e\u0644\u0627\u0635\u0629 \u0627\u0644\u0637\u062d\u0627\u0644\u0628 \u0627\u0644\u062d\u0645\u0631\u0627\u0621\u060c \u0627\u0644\u0645\u0639\u0631\u0648\u0641\u0629 \u0628\u062e\u0635\u0627\u0626\u0635\u0647\u0627 \u0627\u0644\u0645\u064f\u0634\u0631\u0642\u0629. \u064a\u064f\u0636\u0641\u064a \u0642\u0648\u0627\u0645\u0647 \u0627\u0644\u0643\u0631\u064a\u0645\u064a \u0627\u0644\u0645\u064f\u062d\u0628\u0628 \u0625\u0634\u0631\u0627\u0642\u0629 \u0639\u0644\u0649 \u0627\u0644\u0628\u0634\u0631\u0629 \u0645\u0646 \u062e\u0644\u0627\u0644 \u062a\u0642\u0634\u064a\u0631 \u0633\u0637\u062d\u0647\u0627 \u062f\u0648\u0646 \u062a\u062c\u0641\u064a\u0641\u0647\u0627. \u0646\u062a\u0627\u0626\u062c \u0641\u0648\u0631\u064a\u0629 \u0648\u062f\u0627\u0626\u0645\u0629 \u0648\u0648\u0627\u0636\u062d\u0629. \u0641\u0648\u0631\u064b\u0627: \u0628\u0634\u0631\u0629 \u0623\u0646\u0639\u0645 \u0648\u0623\u0643\u062b\u0631 \u0646\u0639\u0648\u0645\u0629 \u0648\u0625\u0634\u0631\u0627\u0642\u064b\u0627. \u064a\u064f\u0633\u062a\u062e\u062f\u0645 \u0644\u0645\u062f\u0629 \u0623\u0633\u0628\u0648\u0639 \u0648\u0627\u062d\u062f: \u062a\u064f\u0635\u0628\u062d \u0627\u0644\u0645\u0633\u0627\u0645\u0627\u062a \u0623\u0643\u062b\u0631 \u062a\u0645\u0627\u0633\u0643\u064b\u0627\u060c \u0648\u064a\u064f\u0635\u0628\u062d \u0645\u0644\u0645\u0633 \u0627\u0644\u0628\u0634\u0631\u0629 \u0623\u0643\u062b\u0631 \u0646\u0639\u0648\u0645\u0629. \u0628\u0639\u062f \u0627\u0644\u0627\u0633\u062a\u062e\u062f\u0627\u0645: [&hellip;]<\/p>\n","protected":false},"featured_media":28910,"template":"","meta":[],"pwb-brand":[239],"product_brand":[],"product_cat":[1124],"product_tag":[],"class_list":{"0":"post-28908","1":"product","2":"type-product","3":"status-publish","4":"has-post-thumbnail","6":"pwb-brand-loreal","7":"product_cat-face-mask","9":"first","10":"instock","11":"shipping-taxable","12":"purchasable","13":"product-type-variable","14":"has-default-attributes","15":"wvs-archive-product-wrapper"},"brands":[{"id":239,"name":"L'Or\u00e9al Paris","slug":"loreal"}],"_links":{"self":[{"href":"https:\/\/gopinkish.com\/fr\/wp-json\/wp\/v2\/product\/28908","targetHints":{"allow":["GET"]}}],"collection":[{"href":"https:\/\/gopinkish.com\/fr\/wp-json\/wp\/v2\/product"}],"about":[{"href":"https:\/\/gopinkish.com\/fr\/wp-json\/wp\/v2\/types\/product"}],"wp:featuredmedia":[{"embeddable":true,"href":"https:\/\/gopinkish.com\/fr\/wp-json\/wp\/v2\/media\/28910"}],"wp:attachment":[{"href":"https:\/\/gopinkish.com\/fr\/wp-json\/wp\/v2\/media?parent=28908"}],"wp:term":[{"taxonomy":"pwb-brand","embeddable":true,"href":"https:\/\/gopinkish.com\/fr\/wp-json\/wp\/v2\/pwb-brand?post=28908"},{"taxonomy":"product_brand","embeddable":true,"href":"https:\/\/gopinkish.com\/fr\/wp-json\/wp\/v2\/product_brand?post=28908"},{"taxonomy":"product_cat","embeddable":true,"href":"https:\/\/gopinkish.com\/fr\/wp-json\/wp\/v2\/product_cat?post=28908"},{"taxonomy":"product_tag","embeddable":true,"href":"https:\/\/gopinkish.com\/fr\/wp-json\/wp\/v2\/product_tag?post=28908"}],"curies":[{"name":"wp","href":"https:\/\/api.w.org\/{rel}","templated":true}]}}