{"id":2889,"date":"2023-02-08T02:33:37","date_gmt":"2023-02-08T01:33:37","guid":{"rendered":"https:\/\/gopinkish.com\/?post_type=product&#038;p=2889"},"modified":"2024-10-29T09:21:35","modified_gmt":"2024-10-29T08:21:35","slug":"3337872412301","status":"publish","type":"product","link":"https:\/\/gopinkish.com\/fr\/produit\/3337872412301\/","title":{"rendered":"Fond de teint liquide pour peau sensible"},"content":{"rendered":"<div class=\"section-element\"><div class=\"row\"><div class=\"large-12 nasa-col columns\"><div class=\"wpb_text_column wpb_content_element\" ><div>La Roche-Posay Toleriane Fond de teint liquide correcteur 10 \/ R - Un fond de teint correcteur innovant qui offre une couverture compl\u00e8te pour tous les types de peaux sensibles et m\u00eame hypersensibles.<\/div>\n<div><\/div>\n<div>Caract\u00e9ristiques :<\/div>\n<div>- Convient aux peaux sensibles<\/div>\n<div>- Test\u00e9 100% hypoallerg\u00e9nique<\/div>\n<div>- Convient m\u00eame aux peaux extr\u00eamement sensibles.<\/div>\n<div><\/div>\n<div>Le fond de teint liquide correcteur Toleriane, test\u00e9 contre les allergies, couvre les rougeurs, les taches, les cernes et les marques sans obstruer les pores.<\/div>\n<div><\/div>\n<div>Sp\u00e9cialement formul\u00e9 pour les peaux sensibles. Approuv\u00e9 par les dermatologues. Protection UV avec SPF 25.<\/div>\n<div><\/div>\n<div>Les rougeurs, les taches, les cernes et les marques sont enti\u00e8rement couvertes.<\/div>\n<div>Un r\u00e9sultat de maquillage naturel - pas de marques, pas de grumeaux et une sensation de confort.<\/div>\n<\/div><\/div><\/div><\/div><div  class=\"section-element\"><div class=\"row\"><div class=\"large-12 nasa-col columns\"><div class=\"nasa-compare-images-wrap\"><div class=\"nasa-compare-images\"><div class=\"hidden-tag\"><div class=\"nasa-img-compare-item before-img\" data-src=\"https:\/\/gopinkish.com\/wp-content\/uploads\/2023\/02\/La-Roche-Posay-Sensitive-Toleriane-Make-up-Ivory-Audrey-Before.jpg\" data-width=\"750\" data-height=\"400\" data-alt=\"\"><\/div><\/div><div class=\"hidden-tag\"><div class=\"nasa-img-compare-item after-img\" data-src=\"https:\/\/gopinkish.com\/wp-content\/uploads\/2023\/02\/La-Roche-Posay-Sensitive-Toleriane-Make-up-Ivory-Audrey-After.jpg\" data-width=\"750\" data-height=\"400\" data-alt=\"\"><\/div><\/div><\/div><\/div><\/div><\/div><\/div>","protected":false},"excerpt":{"rendered":"\u0643\u0631\u064a\u0645 \u0627\u0644\u0623\u0633\u0627\u0633 \u0627\u0644\u0633\u0627\u0626\u0644 La Roche-Posay Toleriane Corrective Liquid Foundation 10 \/ R - \u0643\u0631\u064a\u0645 \u0623\u0633\u0627\u0633 \u0645\u0635\u062d\u062d \u0645\u0628\u062f\u0639 \u064a\u0648\u0641\u0631 \u062a\u063a\u0637\u064a\u0629 \u0643\u0627\u0645\u0644\u0629 \u0644\u0643\u0627\u0641\u0629 \u0623\u0646\u0648\u0627\u0639 \u0627\u0644\u0628\u0634\u0631\u0629 \u0627\u0644\u062d\u0633\u0627\u0633\u0629\u060c \u0648 \u062d\u062a\u0649 \u0634\u062f\u064a\u062f\u0629 \u0627\u0644\u062d\u0633\u0627\u0633\u064a\u0629. \u0627\u0644\u0645\u0645\u064a\u0632\u0627\u062a: \u2022 \u0645\u0646\u0627\u0633\u0628 \u0644\u0644\u0628\u0634\u0631\u0629 \u0627\u0644\u062d\u0633\u0627\u0633\u0629 \u2022 \u062a\u0645 \u0627\u062e\u062a\u0628\u0627\u0631\u0647 \u0636\u062f \u0627\u0644\u062d\u0633\u0627\u0633\u064a\u0629 \u0628\u0646\u0633\u0628\u0629 100\u066a \u2022 \u0645\u0646\u0627\u0633\u0628 \u062d\u062a\u0649 \u0644\u0644\u0628\u0634\u0631\u0629 \u0627\u0644\u0645\u0639\u0631\u0636\u0629 \u0644\u0644\u062d\u0633\u0627\u0633\u064a\u0629 \u0627\u0644\u0634\u062f\u064a\u062f\u0629. \u0643\u0631\u064a\u0645 \u0627\u0644\u0623\u0633\u0627\u0633 \u0627\u0644\u0633\u0627\u0626\u0644 Toleriane \u0627\u0644\u0645\u0635\u062d\u062d \u0627\u0644\u0630\u064a \u062a\u0645 \u0627\u062e\u062a\u0628\u0627\u0631\u0647 [...]","protected":false},"featured_media":2890,"template":"","meta":[],"pwb-brand":[225],"product_brand":[],"product_cat":[1175],"product_tag":[688,740],"class_list":{"0":"post-2889","1":"product","2":"type-product","3":"status-publish","4":"has-post-thumbnail","6":"pwb-brand-la-roche-posay","7":"product_cat-foundation-makeup","8":"product_tag-sensitive","9":"product_tag-740","11":"first","12":"outofstock","13":"shipping-taxable","14":"purchasable","15":"product-type-variable","16":"has-default-attributes","17":"wvs-archive-product-wrapper"},"brands":[{"id":225,"name":"La Roche Posay","slug":"la-roche-posay"}],"_links":{"self":[{"href":"https:\/\/gopinkish.com\/fr\/wp-json\/wp\/v2\/product\/2889","targetHints":{"allow":["GET"]}}],"collection":[{"href":"https:\/\/gopinkish.com\/fr\/wp-json\/wp\/v2\/product"}],"about":[{"href":"https:\/\/gopinkish.com\/fr\/wp-json\/wp\/v2\/types\/product"}],"wp:featuredmedia":[{"embeddable":true,"href":"https:\/\/gopinkish.com\/fr\/wp-json\/wp\/v2\/media\/2890"}],"wp:attachment":[{"href":"https:\/\/gopinkish.com\/fr\/wp-json\/wp\/v2\/media?parent=2889"}],"wp:term":[{"taxonomy":"pwb-brand","embeddable":true,"href":"https:\/\/gopinkish.com\/fr\/wp-json\/wp\/v2\/pwb-brand?post=2889"},{"taxonomy":"product_brand","embeddable":true,"href":"https:\/\/gopinkish.com\/fr\/wp-json\/wp\/v2\/product_brand?post=2889"},{"taxonomy":"product_cat","embeddable":true,"href":"https:\/\/gopinkish.com\/fr\/wp-json\/wp\/v2\/product_cat?post=2889"},{"taxonomy":"product_tag","embeddable":true,"href":"https:\/\/gopinkish.com\/fr\/wp-json\/wp\/v2\/product_tag?post=2889"}],"curies":[{"name":"wp","href":"https:\/\/api.w.org\/{rel}","templated":true}]}}