{"id":28877,"date":"2025-05-24T13:52:17","date_gmt":"2025-05-24T12:52:17","guid":{"rendered":"https:\/\/gopinkish.com\/?post_type=product&#038;p=28877"},"modified":"2026-04-23T18:18:36","modified_gmt":"2026-04-23T17:18:36","slug":"8801619051825","status":"publish","type":"product","link":"https:\/\/gopinkish.com\/fr\/produit\/8801619051825\/","title":{"rendered":"Nettoyant quotidien apaisant pour le visage \u00e0 la camomille et \u00e0 l'extrait de th\u00e9 vert"},"content":{"rendered":"<p style=\"text-align: justify;\">Voici le nettoyant quotidien apaisant pour le visage de St Ives, le choix parfait pour un teint frais et radieux ! Formul\u00e9 avec les meilleurs ingr\u00e9dients naturels, ce nettoyant doux est con\u00e7u pour apaiser et nourrir votre peau au quotidien. Enrichi en extraits apaisants de camomille et de th\u00e9 vert, il \u00e9limine efficacement la salet\u00e9, le s\u00e9bum et les impuret\u00e9s sans priver la peau de son hydratation naturelle.<\/p>\n<p style=\"text-align: justify;\">Gr\u00e2ce \u00e0 sa texture unique et lisse, le nettoyant quotidien pour le visage St Ives Calming glisse en douceur sur votre peau, cr\u00e9ant une mousse riche qui vous laisse une sensation de fra\u00eecheur et d'\u00e9nergie. Adapt\u00e9 \u00e0 tous les types de peau, il est particuli\u00e8rement id\u00e9al pour les peaux sensibles ou irritables, offrant un \u00e9quilibre d\u00e9licat qui laisse \u00e0 votre visage une sensation de propret\u00e9, de douceur et de rajeunissement.<\/p>\n<p style=\"text-align: justify;\">Exploitez le pouvoir de la nature avec cette formule test\u00e9e par des dermatologues, qui exploite les propri\u00e9t\u00e9s apaisantes de la camomille, connue pour ses bienfaits anti-inflammatoires. Elle apaise les irritations et les rougeurs, vous laissant un sentiment de soulagement qui fait de votre routine de nettoyage un moment d'apaisement plut\u00f4t qu'une corv\u00e9e. Pour une protection suppl\u00e9mentaire, le th\u00e9 vert est riche en antioxydants qui aident \u00e0 lutter contre les radicaux libres et favorisent une peau saine et \u00e9clatante.<\/p>\n<p style=\"text-align: justify;\">Le nettoyant quotidien apaisant pour le visage de St Ives n'est pas seulement efficace, il est aussi respectueux de l'environnement. La marque s'engage en faveur du d\u00e9veloppement durable, en utilisant des ingr\u00e9dients d'origine responsable et des emballages recyclables. Vous vous sentirez bien \u00e0 l'id\u00e9e d'ajouter ce produit \u00e0 votre routine de soins de la peau, car il s'aligne sur vos valeurs de respect de la plan\u00e8te.<\/p>\n<p style=\"text-align: justify;\">L'utilisation de ce nettoyant est un ajout facile \u00e0 votre routine quotidienne de soins de la peau. Appliquez simplement une petite quantit\u00e9 sur vos mains mouill\u00e9es ou sur un coton, massez d\u00e9licatement votre visage en effectuant des mouvements circulaires, puis rincez abondamment \u00e0 l'eau ti\u00e8de. Appr\u00e9ciez la sensation de fra\u00eecheur, votre peau se sentira instantan\u00e9ment revitalis\u00e9e et pr\u00eate pour les \u00e9tapes suivantes de votre routine de soins.<\/p>\n<p style=\"text-align: justify;\">Changez votre routine de nettoyage avec le nettoyant quotidien apaisant pour le visage de St Ives. Profitez de la chaleur de la camomille et du th\u00e9 vert et dites adieu \u00e0 la peau terne et fatigu\u00e9e. Profitez d'une peau claire, hydrat\u00e9e et saine qui rayonne de confiance. Ajoutez ce produit essentiel \u00e0 votre panier d\u00e8s aujourd'hui et optimisez votre exp\u00e9rience en mati\u00e8re de soins de la peau !<\/p>","protected":false},"excerpt":{"rendered":"<p>\u0646\u0642\u062f\u0645 \u0644\u0643\u0645 \u063a\u0633\u0648\u0644 \u0627\u0644\u0648\u062c\u0647 \u0627\u0644\u064a\u0648\u0645\u064a \u0627\u0644\u0645\u0647\u062f\u0626 \u0645\u0646 \u0633\u0627\u0646\u062a \u0622\u064a\u0641\u0632\u060c \u062e\u064a\u0627\u0631\u0643\u0645 \u0627\u0644\u0623\u0645\u062b\u0644 \u0644\u0644\u062d\u0635\u0648\u0644 \u0639\u0644\u0649 \u0628\u0634\u0631\u0629 \u0646\u0636\u0631\u0629 \u0648\u0645\u0634\u0631\u0642\u0629! \u0635\u064f\u0645\u0645 \u0647\u0630\u0627 \u0627\u0644\u063a\u0633\u0648\u0644 \u0627\u0644\u0644\u0637\u064a\u0641 \u0645\u0646 \u0623\u062c\u0648\u062f \u0645\u0643\u0648\u0646\u0627\u062a \u0627\u0644\u0637\u0628\u064a\u0639\u0629\u060c \u0644\u064a\u0647\u062f\u0626 \u0628\u0634\u0631\u062a\u0643 \u0648\u064a\u063a\u0630\u064a\u0647\u0627 \u064a\u0648\u0645\u064a\u064b\u0627. \u063a\u0646\u064a \u0628\u0627\u0644\u0628\u0627\u0628\u0648\u0646\u062c \u0627\u0644\u0645\u0647\u062f\u0626 \u0648\u062e\u0644\u0627\u0635\u0629 \u0627\u0644\u0634\u0627\u064a \u0627\u0644\u0623\u062e\u0636\u0631\u060c \u064a\u0632\u064a\u0644 \u0627\u0644\u0623\u0648\u0633\u0627\u062e \u0648\u0627\u0644\u0632\u064a\u0648\u062a \u0648\u0627\u0644\u0634\u0648\u0627\u0626\u0628 \u0628\u0641\u0639\u0627\u0644\u064a\u0629 \u062f\u0648\u0646 \u0623\u0646 \u064a\u064f\u062c\u0631\u062f\u0647\u0627 \u0645\u0646 \u0631\u0637\u0648\u0628\u062a\u0647\u0627 \u0627\u0644\u0637\u0628\u064a\u0639\u064a\u0629. \u0628\u0645\u0644\u0645\u0633\u0647 \u0627\u0644\u0641\u0631\u064a\u062f \u0648\u0627\u0644\u0646\u0627\u0639\u0645\u060c \u064a\u0646\u0633\u0627\u0628 \u063a\u0633\u0648\u0644 \u0627\u0644\u0648\u062c\u0647 \u0627\u0644\u064a\u0648\u0645\u064a \u0627\u0644\u0645\u0647\u062f\u0626 \u0645\u0646 \u0633\u0627\u0646\u062a [&hellip;]<\/p>\n","protected":false},"featured_media":28878,"template":"","meta":[],"pwb-brand":[1059],"product_brand":[],"product_cat":[1119],"product_tag":[693],"class_list":{"0":"post-28877","1":"product","2":"type-product","3":"status-publish","4":"has-post-thumbnail","6":"pwb-brand-stives","7":"product_cat-face-wash","8":"product_tag-cleansing","10":"first","11":"instock","12":"shipping-taxable","13":"purchasable","14":"product-type-variable","15":"has-default-attributes","16":"wvs-archive-product-wrapper"},"brands":[{"id":1059,"name":"St. Ives","slug":"stives"}],"_links":{"self":[{"href":"https:\/\/gopinkish.com\/fr\/wp-json\/wp\/v2\/product\/28877","targetHints":{"allow":["GET"]}}],"collection":[{"href":"https:\/\/gopinkish.com\/fr\/wp-json\/wp\/v2\/product"}],"about":[{"href":"https:\/\/gopinkish.com\/fr\/wp-json\/wp\/v2\/types\/product"}],"wp:featuredmedia":[{"embeddable":true,"href":"https:\/\/gopinkish.com\/fr\/wp-json\/wp\/v2\/media\/28878"}],"wp:attachment":[{"href":"https:\/\/gopinkish.com\/fr\/wp-json\/wp\/v2\/media?parent=28877"}],"wp:term":[{"taxonomy":"pwb-brand","embeddable":true,"href":"https:\/\/gopinkish.com\/fr\/wp-json\/wp\/v2\/pwb-brand?post=28877"},{"taxonomy":"product_brand","embeddable":true,"href":"https:\/\/gopinkish.com\/fr\/wp-json\/wp\/v2\/product_brand?post=28877"},{"taxonomy":"product_cat","embeddable":true,"href":"https:\/\/gopinkish.com\/fr\/wp-json\/wp\/v2\/product_cat?post=28877"},{"taxonomy":"product_tag","embeddable":true,"href":"https:\/\/gopinkish.com\/fr\/wp-json\/wp\/v2\/product_tag?post=28877"}],"curies":[{"name":"wp","href":"https:\/\/api.w.org\/{rel}","templated":true}]}}