{"id":28872,"date":"2025-05-24T13:47:15","date_gmt":"2025-05-24T12:47:15","guid":{"rendered":"https:\/\/gopinkish.com\/?post_type=product&#038;p=28872"},"modified":"2025-12-10T17:10:33","modified_gmt":"2025-12-10T16:10:33","slug":"8801619051832","status":"publish","type":"product","link":"https:\/\/gopinkish.com\/fr\/produit\/8801619051832\/","title":{"rendered":"Nettoyant quotidien pour le visage \u00e0 l'extrait d'arbre \u00e0 th\u00e9"},"content":{"rendered":"<p style=\"text-align: justify;\">Voici le nettoyant quotidien pour le visage St Ives, la solution parfaite pour une peau plus claire et plus saine. Sp\u00e9cialement formul\u00e9 pour combattre les impuret\u00e9s, ce nettoyant quotidien est con\u00e7u pour ceux qui veulent garder une peau radieuse et jeune tout en veillant \u00e0 ce qu'elle soit exempte d'imperfections.<\/p>\n<p style=\"text-align: justify;\">Formul\u00e9 avec des ingr\u00e9dients naturels b\u00e9n\u00e9fiques, ce nettoyant contient de l'acide salicylique, connu pour ses puissantes propri\u00e9t\u00e9s exfoliantes qui p\u00e9n\u00e8trent profond\u00e9ment dans les pores pour aider \u00e0 \u00e9liminer la salet\u00e9, le s\u00e9bum et le maquillage. En \u00e9liminant la brillance, vous \u00e9liminez \u00e9galement les impuret\u00e9s susceptibles de provoquer des \u00e9ruptions cutan\u00e9es. Chaque pompe de ce gel rafra\u00eechissant se transforme en une mousse douce qui apaise votre peau, ce qui en fait un produit id\u00e9al pour un usage quotidien.<\/p>\n<p style=\"text-align: justify;\">Enrichi en extraits de plantes, tels que l'extrait d'\u00e9corce de saule, ce produit ne se contente pas de nettoyer, mais nourrit et rafra\u00eechit \u00e9galement votre peau. L'\u00e9corce de saule est connue pour ses propri\u00e9t\u00e9s astringentes naturelles, qui aident \u00e0 resserrer les pores et \u00e0 obtenir une texture plus lisse. Vous appr\u00e9cierez la sensation de propret\u00e9 et d'hydratation de votre peau apr\u00e8s chaque utilisation, sans les sensations de tiraillement ou de s\u00e9cheresse qui accompagnent souvent les autres nettoyants.<\/p>\n<p style=\"text-align: justify;\">Le nettoyant quotidien pour le visage St Ives pour peau grasse convient \u00e0 tous les types de peau, qu'elle soit grasse, mixte ou sensible. Sa formule hypoallerg\u00e9nique et non com\u00e9dog\u00e8ne garantit l'absence d'\u00e9ruptions cutan\u00e9es apr\u00e8s l'utilisation du produit, ce qui en fait un choix s\u00fbr et fiable pour tous. De plus, son parfum frais rafra\u00eechira vos sens, transformant votre routine de nettoyage en une routine rafra\u00eechissante que vous attendez avec impatience chaque jour.<\/p>\n<p style=\"text-align: justify;\">Appliquer une petite quantit\u00e9 sur la peau humide et masser d\u00e9licatement en mouvements circulaires pour stimuler la circulation. Rincer abondamment \u00e0 l'eau ti\u00e8de et s\u00e9cher en tapotant pour un fini rafra\u00eechissant. Pour de meilleurs r\u00e9sultats, ajoutez ce nettoyant \u00e0 votre routine de soins du matin et du soir et observez l'am\u00e9lioration de votre peau au fil du temps.<\/p>\n<p style=\"text-align: justify;\">Dites adieu aux taches et bonjour \u00e0 la clart\u00e9 avec le nettoyant quotidien pour le visage St Ives pour les peaux grasses. Profitez de la beaut\u00e9 d'une peau nette et gagnez en confiance pour affronter le monde, un nettoyage \u00e0 la fois. Id\u00e9al pour tous ceux qui recherchent des soins efficaces sans ingr\u00e9dients agressifs, ce nettoyant offre qualit\u00e9 et efficacit\u00e9 dans chaque flacon. Choisissez maintenant pour une peau plus saine !<\/p>\n<p dir=\"ltr\" style=\"text-align: center;\">Nettoyant pour le visage St Ives Blemish Care Tea Tree<\/p>","protected":false},"excerpt":{"rendered":"<p>\u0646\u0642\u062f\u0645 \u0644\u0643\u0645 \u0645\u0646\u0638\u0641 \u0627\u0644\u0648\u062c\u0647 \u0627\u0644\u064a\u0648\u0645\u064a \u0644\u0644\u0639\u0646\u0627\u064a\u0629 \u0628\u0627\u0644\u0628\u0634\u0631\u0629 \u0645\u0646 \u0633\u0627\u0646\u062a \u0622\u064a\u0641\u0632\u060c \u0627\u0644\u062d\u0644 \u0627\u0644\u0623\u0645\u062b\u0644 \u0644\u0644\u062d\u0635\u0648\u0644 \u0639\u0644\u0649 \u0628\u0634\u0631\u0629 \u0623\u0643\u062b\u0631 \u0646\u0642\u0627\u0621\u064b \u0648\u0635\u062d\u0629. \u0635\u064f\u0645\u0645 \u0647\u0630\u0627 \u0627\u0644\u0645\u0646\u0638\u0641 \u0627\u0644\u064a\u0648\u0645\u064a \u062e\u0635\u064a\u0635\u064b\u0627 \u0644\u0645\u0643\u0627\u0641\u062d\u0629 \u0627\u0644\u0634\u0648\u0627\u0626\u0628\u060c \u0648\u0647\u0648 \u0645\u0635\u0645\u0645 \u062e\u0635\u064a\u0635\u064b\u0627 \u0644\u0645\u0646 \u064a\u0631\u063a\u0628\u0646 \u0641\u064a \u0627\u0644\u062d\u0641\u0627\u0638 \u0639\u0644\u0649 \u0625\u0634\u0631\u0627\u0642\u0629 \u0648\u0634\u0628\u0627\u0628 \u0627\u0644\u0628\u0634\u0631\u0629 \u0645\u0639 \u0636\u0645\u0627\u0646 \u062e\u0644\u0648\u0647\u0627 \u0645\u0646 \u0627\u0644\u0634\u0648\u0627\u0626\u0628. \u064a\u062d\u062a\u0648\u064a \u0647\u0630\u0627 \u0627\u0644\u0645\u0646\u0638\u0641 \u0639\u0644\u0649 \u0645\u0643\u0648\u0646\u0627\u062a \u0637\u0628\u064a\u0639\u064a\u0629 \u0645\u0641\u064a\u062f\u0629\u060c \u0648\u064a\u062d\u062a\u0648\u064a \u0639\u0644\u0649 \u062d\u0645\u0636 \u0627\u0644\u0633\u0627\u0644\u064a\u0633\u064a\u0644\u064a\u0643\u060c \u0627\u0644\u0645\u0639\u0631\u0648\u0641 \u0628\u062e\u0635\u0627\u0626\u0635\u0647 \u0627\u0644\u062a\u0642\u0634\u064a\u0631\u064a\u0629 [&hellip;]<\/p>\n","protected":false},"featured_media":28875,"template":"","meta":[],"pwb-brand":[1059],"product_brand":[],"product_cat":[1119],"product_tag":[693],"class_list":{"0":"post-28872","1":"product","2":"type-product","3":"status-publish","4":"has-post-thumbnail","6":"pwb-brand-stives","7":"product_cat-face-wash","8":"product_tag-cleansing","10":"first","11":"instock","12":"shipping-taxable","13":"purchasable","14":"product-type-variable","15":"has-default-attributes","16":"wvs-archive-product-wrapper"},"brands":[{"id":1059,"name":"St. Ives","slug":"stives"}],"_links":{"self":[{"href":"https:\/\/gopinkish.com\/fr\/wp-json\/wp\/v2\/product\/28872","targetHints":{"allow":["GET"]}}],"collection":[{"href":"https:\/\/gopinkish.com\/fr\/wp-json\/wp\/v2\/product"}],"about":[{"href":"https:\/\/gopinkish.com\/fr\/wp-json\/wp\/v2\/types\/product"}],"wp:featuredmedia":[{"embeddable":true,"href":"https:\/\/gopinkish.com\/fr\/wp-json\/wp\/v2\/media\/28875"}],"wp:attachment":[{"href":"https:\/\/gopinkish.com\/fr\/wp-json\/wp\/v2\/media?parent=28872"}],"wp:term":[{"taxonomy":"pwb-brand","embeddable":true,"href":"https:\/\/gopinkish.com\/fr\/wp-json\/wp\/v2\/pwb-brand?post=28872"},{"taxonomy":"product_brand","embeddable":true,"href":"https:\/\/gopinkish.com\/fr\/wp-json\/wp\/v2\/product_brand?post=28872"},{"taxonomy":"product_cat","embeddable":true,"href":"https:\/\/gopinkish.com\/fr\/wp-json\/wp\/v2\/product_cat?post=28872"},{"taxonomy":"product_tag","embeddable":true,"href":"https:\/\/gopinkish.com\/fr\/wp-json\/wp\/v2\/product_tag?post=28872"}],"curies":[{"name":"wp","href":"https:\/\/api.w.org\/{rel}","templated":true}]}}