{"id":28864,"date":"2025-03-24T13:32:13","date_gmt":"2025-03-24T12:32:13","guid":{"rendered":"https:\/\/gopinkish.com\/?post_type=product&#038;p=28864"},"modified":"2026-04-25T09:27:30","modified_gmt":"2026-04-25T08:27:30","slug":"3574661384771","status":"publish","type":"product","link":"https:\/\/gopinkish.com\/fr\/produit\/3574661384771\/","title":{"rendered":"Cr\u00e8me baume de soin \u00e0 l'extrait de fleur d'oranger pour une hydratation et un lissage en profondeur"},"content":{"rendered":"<p style=\"text-align: justify;\">Le Petit Mercier Baume corporel \u00e0 la fleur d'oranger 200ml est un baume corporel fabriqu\u00e9 en France. Ses ingr\u00e9dients naturels hydratent et adoucissent la peau en profondeur.<\/p>\n<p style=\"text-align: justify;\"><strong>Avantages :<\/strong><\/p>\n<p style=\"text-align: justify;\">Maintient l'\u00e9quilibre naturel de la peau.<br \/>\nAdoucit et hydrate la peau. u<br \/>\nIl lui conf\u00e8re un parfum agr\u00e9able.<\/p>\n<p style=\"text-align: justify;\"><strong>Caract\u00e9ristiques :<\/strong><\/p>\n<p style=\"text-align: justify;\">98% Ingr\u00e9dients naturels.<br \/>\nContient de l'huile de fleur d'oranger et de l'huile d'olive.<br \/>\nHydrate et adoucit la peau en profondeur.<br \/>\nLaisse un parfum agr\u00e9able sur la peau.<\/p>\n<p style=\"text-align: justify;\"><strong>Utiliser :<\/strong><\/p>\n<p style=\"text-align: justify;\">Appliquer le baume sur une peau propre et s\u00e8che.<br \/>\nMasser la peau.<br \/>\nUtiliser une ou deux fois par jour.<\/p>\n<p>Ses ingr\u00e9dients, l'huile de fleur d'oranger et l'huile d'olive, hydratent et adoucissent la peau en profondeur. Son parfum agr\u00e9able rafra\u00eechit la peau.<\/p>\n<p dir=\"ltr\" style=\"text-align: center;\">\ud83c\uddec\ud83c\udde7 Maybelline Instant Anti Age 4-in-1 Mattifying Complexion Perfector<br \/>\n\ud83c\uddeb\ud83c\uddf7 Perfecteur de Teint Matifiant 4-en-1 Maybelline Instant Anti Age<\/p>","protected":false},"excerpt":{"rendered":"<p>\u0628\u0644\u0633\u0645 \u0627\u0644\u062c\u0633\u0645 &#8220;\u0644\u0648 \u0628\u0648\u062a\u064a \u0645\u0627\u0631\u0633\u064a\u064a\u0647&#8221; \u0628\u0632\u0647\u0631 \u0627\u0644\u0628\u0631\u062a\u0642\u0627\u0644 200 \u0645\u0644 \u0647\u0648 \u0628\u0644\u0633\u0645 \u0644\u0644\u062c\u0633\u0645 \u0645\u0635\u0646\u0648\u0639 \u0641\u064a \u0641\u0631\u0646\u0633\u0627. \u0645\u0643\u0648\u0646\u0627\u062a\u0647 \u0627\u0644\u0637\u0628\u064a\u0639\u064a\u0629 \u062a\u0631\u0637\u0628 \u0628\u0634\u0631\u062a\u0643 \u0628\u0639\u0645\u0642 \u0648\u062a\u0646\u0639\u0645\u0647\u0627. \u0627\u0644\u0641\u0648\u0627\u0626\u062f: \u064a\u062d\u0627\u0641\u0638 \u0639\u0644\u0649 \u062a\u0648\u0627\u0632\u0646 \u0627\u0644\u0628\u0634\u0631\u0629 \u0627\u0644\u0637\u0628\u064a\u0639\u064a. \u064a\u0646\u0639\u0645 \u0627\u0644\u0628\u0634\u0631\u0629 \u0648\u064a\u0631\u0637\u0628\u0647\u0627.\u0634 \u064a\u0645\u0646\u062d\u0647\u0627 \u0631\u0627\u0626\u062d\u0629 \u0632\u0643\u064a\u0629. \u0627\u0644\u0645\u0645\u064a\u0632\u0627\u062a: 98% \u0645\u0643\u0648\u0646\u0627\u062a \u0637\u0628\u064a\u0639\u064a\u0629. \u064a\u062d\u062a\u0648\u064a \u0639\u0644\u0649 \u0632\u064a\u062a \u0632\u0647\u0631 \u0627\u0644\u0628\u0631\u062a\u0642\u0627\u0644 \u0648\u0632\u064a\u062a \u0627\u0644\u0632\u064a\u062a\u0648\u0646. \u064a\u0631\u0637\u0628 \u0627\u0644\u0628\u0634\u0631\u0629 \u0628\u0639\u0645\u0642 \u0648\u064a\u0646\u0639\u0645\u0647\u0627. \u064a\u062a\u0631\u0643 \u0631\u0627\u0626\u062d\u0629 \u0632\u0643\u064a\u0629 \u0639\u0644\u0649 \u0627\u0644\u0628\u0634\u0631\u0629. \u0627\u0644\u0627\u0633\u062a\u062e\u062f\u0627\u0645: \u0636\u0639\u064a [&hellip;]<\/p>\n","protected":false},"featured_media":28865,"template":"","meta":[],"pwb-brand":[1377],"product_brand":[],"product_cat":[1137,1121],"product_tag":[697,680],"class_list":{"0":"post-28864","1":"product","2":"type-product","3":"status-publish","4":"has-post-thumbnail","6":"pwb-brand-le-petit-marseillais","7":"product_cat-body-moist","8":"product_cat-face-moist","9":"product_tag-moisturizing","10":"product_tag-dryness","12":"first","13":"instock","14":"shipping-taxable","15":"purchasable","16":"product-type-variable","17":"has-default-attributes","18":"wvs-archive-product-wrapper"},"brands":[{"id":1377,"name":"Le Petit Marseiliais","slug":"le-petit-marseillais"}],"_links":{"self":[{"href":"https:\/\/gopinkish.com\/fr\/wp-json\/wp\/v2\/product\/28864","targetHints":{"allow":["GET"]}}],"collection":[{"href":"https:\/\/gopinkish.com\/fr\/wp-json\/wp\/v2\/product"}],"about":[{"href":"https:\/\/gopinkish.com\/fr\/wp-json\/wp\/v2\/types\/product"}],"wp:featuredmedia":[{"embeddable":true,"href":"https:\/\/gopinkish.com\/fr\/wp-json\/wp\/v2\/media\/28865"}],"wp:attachment":[{"href":"https:\/\/gopinkish.com\/fr\/wp-json\/wp\/v2\/media?parent=28864"}],"wp:term":[{"taxonomy":"pwb-brand","embeddable":true,"href":"https:\/\/gopinkish.com\/fr\/wp-json\/wp\/v2\/pwb-brand?post=28864"},{"taxonomy":"product_brand","embeddable":true,"href":"https:\/\/gopinkish.com\/fr\/wp-json\/wp\/v2\/product_brand?post=28864"},{"taxonomy":"product_cat","embeddable":true,"href":"https:\/\/gopinkish.com\/fr\/wp-json\/wp\/v2\/product_cat?post=28864"},{"taxonomy":"product_tag","embeddable":true,"href":"https:\/\/gopinkish.com\/fr\/wp-json\/wp\/v2\/product_tag?post=28864"}],"curies":[{"name":"wp","href":"https:\/\/api.w.org\/{rel}","templated":true}]}}