{"id":28850,"date":"2025-07-05T12:29:16","date_gmt":"2025-07-05T11:29:16","guid":{"rendered":"https:\/\/gopinkish.com\/?post_type=product&#038;p=28850"},"modified":"2026-04-05T20:56:21","modified_gmt":"2026-04-05T19:56:21","slug":"3600542383400","status":"publish","type":"product","link":"https:\/\/gopinkish.com\/fr\/produit\/3600542383400\/","title":{"rendered":"Masque hydratant v\u00e9g\u00e9tal au lait de coco et \u00e0 l'acide hyaluronique"},"content":{"rendered":"<p style=\"text-align: justify;\">Lorsque la peau est s\u00e8che, il ne suffit pas de l'hydrater, il faut la nourrir. Offrez-vous ce masque v\u00e9g\u00e9talien \u00e0 base de lait de coco et d'acide hyaluronique. Enrichi de l'\u00e9quivalent d'un flacon de s\u00e9rum, il nourrit et revitalise votre peau en 15 minutes seulement. Id\u00e9al pour les peaux s\u00e8ches et ternes.<\/p>\n<p style=\"text-align: justify;\">Efficacit\u00e9 prouv\u00e9e :<\/p>\n<p style=\"text-align: justify;\">Apr\u00e8s 15 minutes, la peau est nourrie, hydrat\u00e9e et \u00e9clatante.<\/p>\n<p style=\"text-align: justify;\">Une semaine plus tard :<br \/>\n- Un teint plus lumineux.<br \/>\n- Moins de ridules.<\/p>\n<p style=\"text-align: justify;\">Formule v\u00e9g\u00e9talienne, sans ingr\u00e9dients ni d\u00e9riv\u00e9s d'origine animale.<\/p>\n<p dir=\"ltr\" style=\"text-align: center;\">\ud83c\uddec\ud83c\udde7 Garnier SkinActive Nutri Bomb Sheet Mask - Lait de coco et acide hyaluronique<br \/>\n\ud83c\uddeb\ud83c\uddf7 Masque Tissu Garnier SkinActive Nutri Bomb - Lait de Coco &amp; Acide Hyaluronique<\/p>","protected":false},"excerpt":{"rendered":"<p>\u0639\u0646\u062f\u0645\u0627 \u062a\u0643\u0648\u0646 \u0627\u0644\u0628\u0634\u0631\u0629 \u062c\u0627\u0641\u0629\u060c \u0644\u0627 \u064a\u0643\u0641\u064a \u0627\u0644\u062a\u0631\u0637\u064a\u0628\u060c \u0628\u0644 \u062a\u062d\u062a\u0627\u062c \u0625\u0644\u0649 \u062a\u063a\u0630\u064a\u0629. \u062f\u0644\u0644\u064a \u0646\u0641\u0633\u0643\u0650 \u0628\u0647\u0630\u0627 \u0627\u0644\u0642\u0646\u0627\u0639 \u0627\u0644\u0646\u0628\u0627\u062a\u064a \u0627\u0644\u0645\u0635\u0646\u0648\u0639 \u0645\u0646 \u062d\u0644\u064a\u0628 \u062c\u0648\u0632 \u0627\u0644\u0647\u0646\u062f \u0648\u062d\u0645\u0636 \u0627\u0644\u0647\u064a\u0627\u0644\u0648\u0631\u0648\u0646\u064a\u0643. \u063a\u0646\u064a \u0628\u0643\u0645\u064a\u0629 \u062a\u0639\u0627\u062f\u0644 \u0632\u062c\u0627\u062c\u0629 \u0633\u064a\u0631\u0648\u0645\u060c \u064a\u063a\u0630\u064a \u0628\u0634\u0631\u062a\u0643\u0650 \u0648\u064a\u0639\u064a\u062f \u0625\u0644\u064a\u0647\u0627 \u0646\u0636\u0627\u0631\u062a\u0647\u0627 \u0641\u064a 15 \u062f\u0642\u064a\u0642\u0629 \u0641\u0642\u0637. \u0645\u062b\u0627\u0644\u064a \u0644\u0644\u0628\u0634\u0631\u0629 \u0627\u0644\u062c\u0627\u0641\u0629 \u0648\u0627\u0644\u0628\u0627\u0647\u062a\u0629. \u0641\u0639\u0627\u0644\u064a\u0629 \u0645\u062b\u0628\u062a\u0629: \u0628\u0639\u062f 15 \u062f\u0642\u064a\u0642\u0629\u060c \u062a\u064f\u063a\u0630\u0651\u0649 \u0627\u0644\u0628\u0634\u0631\u0629 \u0648\u062a\u064f\u0631\u0637\u0628 \u0648\u062a\u064f\u0634\u0631\u0642. \u0628\u0639\u062f \u0623\u0633\u0628\u0648\u0639 \u0648\u0627\u062d\u062f: &#8211; \u0628\u0634\u0631\u0629 [&hellip;]<\/p>\n","protected":false},"featured_media":28852,"template":"","meta":[],"pwb-brand":[218],"product_brand":[],"product_cat":[1124],"product_tag":[],"class_list":{"0":"post-28850","1":"product","2":"type-product","3":"status-publish","4":"has-post-thumbnail","6":"pwb-brand-garnier","7":"product_cat-face-mask","9":"first","10":"instock","11":"shipping-taxable","12":"purchasable","13":"product-type-variable","14":"has-default-attributes","15":"wvs-archive-product-wrapper"},"brands":[{"id":218,"name":"Garnier","slug":"garnier"}],"_links":{"self":[{"href":"https:\/\/gopinkish.com\/fr\/wp-json\/wp\/v2\/product\/28850","targetHints":{"allow":["GET"]}}],"collection":[{"href":"https:\/\/gopinkish.com\/fr\/wp-json\/wp\/v2\/product"}],"about":[{"href":"https:\/\/gopinkish.com\/fr\/wp-json\/wp\/v2\/types\/product"}],"wp:featuredmedia":[{"embeddable":true,"href":"https:\/\/gopinkish.com\/fr\/wp-json\/wp\/v2\/media\/28852"}],"wp:attachment":[{"href":"https:\/\/gopinkish.com\/fr\/wp-json\/wp\/v2\/media?parent=28850"}],"wp:term":[{"taxonomy":"pwb-brand","embeddable":true,"href":"https:\/\/gopinkish.com\/fr\/wp-json\/wp\/v2\/pwb-brand?post=28850"},{"taxonomy":"product_brand","embeddable":true,"href":"https:\/\/gopinkish.com\/fr\/wp-json\/wp\/v2\/product_brand?post=28850"},{"taxonomy":"product_cat","embeddable":true,"href":"https:\/\/gopinkish.com\/fr\/wp-json\/wp\/v2\/product_cat?post=28850"},{"taxonomy":"product_tag","embeddable":true,"href":"https:\/\/gopinkish.com\/fr\/wp-json\/wp\/v2\/product_tag?post=28850"}],"curies":[{"name":"wp","href":"https:\/\/api.w.org\/{rel}","templated":true}]}}