{"id":28838,"date":"2025-10-02T11:55:56","date_gmt":"2025-10-02T10:55:56","guid":{"rendered":"https:\/\/gopinkish.com\/?post_type=product&#038;p=28838"},"modified":"2026-03-28T19:10:19","modified_gmt":"2026-03-28T18:10:19","slug":"8436097096411","status":"publish","type":"product","link":"https:\/\/gopinkish.com\/fr\/produit\/8436097096411\/","title":{"rendered":"S\u00e9rum anti-\u00e2ge et anti-rides profondes au r\u00e9tinol"},"content":{"rendered":"<p style=\"text-align: justify;\">Le s\u00e9rum anti-rides Bioface Retinol est un traitement avanc\u00e9 pour combattre les rides profondes, minimiser les rides d'expression et am\u00e9liorer les signes du vieillissement. Sa formule innovante, qui associe le r\u00e9tinol et l'acide hyaluronique dans une mol\u00e9cule unique, hydrate efficacement la peau pendant 24 heures, lui redonnant \u00e9lasticit\u00e9 et densit\u00e9.<\/p>\n<p style=\"text-align: justify;\">Ce s\u00e9rum puissant ne se contente pas de rajeunir la peau, il contribue \u00e9galement \u00e0 att\u00e9nuer l'apparence des rides et \u00e0 restaurer sa fermet\u00e9 et sa douceur.<\/p>\n<p style=\"text-align: justify;\">Am\u00e9liore la densit\u00e9 de la peau et r\u00e9duit les rides profondes.<br \/>\nRestaure et revitalise l'\u00e9lasticit\u00e9 de la peau.<br \/>\nHydratation 24 heures sur 24 pour une peau douce et lisse.<br \/>\nEnrichi en r\u00e9tinol et en acide hyaluronique pour des r\u00e9sultats visibles.<br \/>\nChangez votre routine de soins de la peau et profitez d'une peau plus ferme, plus lisse et plus rajeunie.<\/p>\n<p dir=\"ltr\" style=\"text-align: center;\">\ud83c\uddec\ud83c\udde7 Byphasse S\u00e9rum anti-rides au r\u00e9tinol<br \/>\n\ud83c\uddeb\ud83c\uddf7 S\u00e9rum Anti-Rides au R\u00e9tinol Byphasse<\/p>","protected":false},"excerpt":{"rendered":"<p>\u0633\u064a\u0631\u0648\u0645 \u0628\u0627\u064a\u0641\u0627\u0633 \u0631\u064a\u062a\u064a\u0646\u0648\u0644 \u0627\u0644\u0645\u0636\u0627\u062f \u0644\u0644\u062a\u062c\u0627\u0639\u064a\u062f \u0647\u0648 \u0639\u0644\u0627\u062c \u0645\u062a\u0637\u0648\u0631 \u0644\u0645\u0643\u0627\u0641\u062d\u0629 \u0627\u0644\u062a\u062c\u0627\u0639\u064a\u062f \u0627\u0644\u0639\u0645\u064a\u0642\u0629\u060c \u0648\u062a\u0642\u0644\u064a\u0644 \u062e\u0637\u0648\u0637 \u0627\u0644\u062a\u0639\u0628\u064a\u0631\u060c \u0648\u062a\u062d\u0633\u064a\u0646 \u0639\u0644\u0627\u0645\u0627\u062a \u0627\u0644\u0634\u064a\u062e\u0648\u062e\u0629.\u00a0\u062a\u0631\u0643\u064a\u0628\u062a\u0647 \u0627\u0644\u0645\u0628\u062a\u0643\u0631\u0629\u060c \u0627\u0644\u062a\u064a \u062a\u062c\u0645\u0639 \u0628\u064a\u0646 \u0627\u0644\u0631\u064a\u062a\u064a\u0646\u0648\u0644 \u0648\u062d\u0645\u0636 \u0627\u0644\u0647\u064a\u0627\u0644\u0648\u0631\u0648\u0646\u064a\u0643 \u0641\u064a \u062c\u0632\u064a\u0621 \u0641\u0631\u064a\u062f\u060c \u062a\u0639\u0645\u0644 \u0628\u0641\u0639\u0627\u0644\u064a\u0629 \u0639\u0644\u0649 \u062a\u0631\u0637\u064a\u0628 \u0627\u0644\u0628\u0634\u0631\u0629 \u0644\u0645\u062f\u0629 24 \u0633\u0627\u0639\u0629\u060c \u0648\u0627\u0633\u062a\u0639\u0627\u062f\u0629 \u0645\u0631\u0648\u0646\u062a\u0647\u0627 \u0648\u0643\u062b\u0627\u0641\u062a\u0647\u0627. \u0647\u0630\u0627 \u0627\u0644\u0633\u064a\u0631\u0648\u0645 \u0627\u0644\u0642\u0648\u064a \u0644\u0627 \u064a\u062c\u062f\u062f \u0627\u0644\u0628\u0634\u0631\u0629 \u0641\u062d\u0633\u0628\u060c \u0628\u0644 \u064a\u0633\u0627\u0639\u062f \u0623\u064a\u0636\u064b\u0627 \u0639\u0644\u0649 \u062a\u0642\u0644\u064a\u0644 \u0638\u0647\u0648\u0631 \u0627\u0644\u062a\u062c\u0627\u0639\u064a\u062f \u0648\u0627\u0633\u062a\u0639\u0627\u062f\u0629 \u062a\u0645\u0627\u0633\u0643\u0647\u0627 \u0648\u0646\u0639\u0648\u0645\u062a\u0647\u0627. [&hellip;]<\/p>\n","protected":false},"featured_media":28841,"template":"","meta":[],"pwb-brand":[428],"product_brand":[],"product_cat":[1227,1121,1230],"product_tag":[672,697,1013],"class_list":{"0":"post-28838","1":"product","2":"type-product","3":"status-publish","4":"has-post-thumbnail","6":"pwb-brand-byphasse","7":"product_cat-face-renew","8":"product_cat-face-moist","9":"product_cat-face-serum","10":"product_tag-wrinkles","11":"product_tag-moisturizing","12":"product_tag-1013","14":"first","15":"outofstock","16":"shipping-taxable","17":"product-type-variable","18":"has-default-attributes","19":"wvs-archive-product-wrapper"},"brands":[{"id":428,"name":"Byphasse","slug":"byphasse"}],"_links":{"self":[{"href":"https:\/\/gopinkish.com\/fr\/wp-json\/wp\/v2\/product\/28838","targetHints":{"allow":["GET"]}}],"collection":[{"href":"https:\/\/gopinkish.com\/fr\/wp-json\/wp\/v2\/product"}],"about":[{"href":"https:\/\/gopinkish.com\/fr\/wp-json\/wp\/v2\/types\/product"}],"wp:featuredmedia":[{"embeddable":true,"href":"https:\/\/gopinkish.com\/fr\/wp-json\/wp\/v2\/media\/28841"}],"wp:attachment":[{"href":"https:\/\/gopinkish.com\/fr\/wp-json\/wp\/v2\/media?parent=28838"}],"wp:term":[{"taxonomy":"pwb-brand","embeddable":true,"href":"https:\/\/gopinkish.com\/fr\/wp-json\/wp\/v2\/pwb-brand?post=28838"},{"taxonomy":"product_brand","embeddable":true,"href":"https:\/\/gopinkish.com\/fr\/wp-json\/wp\/v2\/product_brand?post=28838"},{"taxonomy":"product_cat","embeddable":true,"href":"https:\/\/gopinkish.com\/fr\/wp-json\/wp\/v2\/product_cat?post=28838"},{"taxonomy":"product_tag","embeddable":true,"href":"https:\/\/gopinkish.com\/fr\/wp-json\/wp\/v2\/product_tag?post=28838"}],"curies":[{"name":"wp","href":"https:\/\/api.w.org\/{rel}","templated":true}]}}