{"id":28822,"date":"2025-07-10T11:36:11","date_gmt":"2025-07-10T10:36:11","guid":{"rendered":"https:\/\/gopinkish.com\/?post_type=product&#038;p=28822"},"modified":"2026-04-26T14:58:32","modified_gmt":"2026-04-26T13:58:32","slug":"041554588736","status":"publish","type":"product","link":"https:\/\/gopinkish.com\/fr\/produit\/041554588736\/","title":{"rendered":"Eyeliner de pr\u00e9cision \u00e0 l'argan"},"content":{"rendered":"<p style=\"text-align: justify;\">Voici le crayon eyeliner le plus facile qui soit ! Le crayon ultra-facile et glissant de Maybelline New York vous donne un eyeliner de pr\u00e9cision. La formule gel douce est enrichie en huile d'argan, ce qui la rend super douce. Sa pointe fine et cr\u00e9meuse de 1,5 mm et son grip hexagonal sp\u00e9cialement con\u00e7u vous offrent un contr\u00f4le parfait et une application facile, stable et antid\u00e9rapante.<\/p>\n<p style=\"text-align: justify;\">Test\u00e9 par des ophtalmologistes, il convient aux yeux sensibles et aux lentilles de contact.<\/p>\n<p dir=\"ltr\" style=\"text-align: center;\">\ud83c\uddec\ud83c\udde7 Maybelline Hyper Easy No Slip Eyeliner Crayon<br \/>\n\ud83c\uddeb\ud83c\uddf7 Crayon Eyeliner Hyper Easy Sans Glissement Maybelline<\/p>","protected":false},"excerpt":{"rendered":"<p>\u0646\u0642\u062f\u0645 \u0644\u0643\u0650 \u0623\u0633\u0647\u0644 \u0642\u0644\u0645 \u0644\u062a\u062d\u062f\u064a\u062f \u0639\u064a\u0646\u064a\u0643\u0650! \u0642\u0644\u0645 \u0645\u064a\u0628\u064a\u0644\u064a\u0646 \u0646\u064a\u0648\u064a\u0648\u0631\u0643 \u0641\u0627\u0626\u0642 \u0627\u0644\u0633\u0647\u0648\u0644\u0629 \u0648\u0627\u0644\u0627\u0646\u0633\u064a\u0627\u0628\u064a\u0629 \u064a\u0645\u0646\u062d\u0643\u0650 \u062f\u0642\u0629\u064b \u0641\u064a \u0631\u0633\u0645 \u0627\u0644\u0622\u064a\u0644\u0627\u064a\u0646\u0631. \u062a\u0631\u0643\u064a\u0628\u0629 \u0627\u0644\u062c\u0644 \u0627\u0644\u0646\u0627\u0639\u0645\u0629 \u063a\u0646\u064a\u0629 \u0628\u0632\u064a\u062a \u0627\u0644\u0623\u0631\u063a\u0627\u0646\u060c \u0645\u0645\u0627 \u064a\u0645\u0646\u062d\u0643\u0650 \u0646\u0639\u0648\u0645\u0629 \u0641\u0627\u0626\u0642\u0629. \u0643\u0645\u0627 \u0623\u0646 \u0637\u0631\u0641\u0647 \u0627\u0644\u062f\u0642\u064a\u0642 \u0627\u0644\u0643\u0631\u064a\u0645\u064a \u0627\u0644\u0646\u0627\u0639\u0645 \u0628\u0642\u0637\u0631 1.5 \u0645\u0645\u060c \u0648\u0642\u0628\u0636\u062a\u0647 \u0627\u0644\u0633\u062f\u0627\u0633\u064a\u0629 \u0627\u0644\u0645\u0635\u0645\u0645\u0629 \u062e\u0635\u064a\u0635\u064b\u0627\u060c \u062a\u0645\u0646\u062d\u0643\u0650 \u062a\u062d\u0643\u0645\u064b\u0627 \u0645\u062b\u0627\u0644\u064a\u064b\u0627 \u0648\u062a\u0637\u0628\u064a\u0642\u064b\u0627 \u0633\u0647\u0644\u064b\u0627 \u0648\u062b\u0627\u0628\u062a\u064b\u0627 \u062f\u0648\u0646 \u0627\u0646\u0632\u0644\u0627\u0642. \u062a\u0645 \u0627\u062e\u062a\u0628\u0627\u0631\u0647 \u0645\u0646 \u0642\u0628\u0644 \u0623\u0637\u0628\u0627\u0621 \u0627\u0644\u0639\u064a\u0648\u0646\u060c \u0648\u0647\u0648 [&hellip;]<\/p>\n","protected":false},"featured_media":28832,"template":"","meta":[],"pwb-brand":[238],"product_brand":[],"product_cat":[1187],"product_tag":[],"class_list":{"0":"post-28822","1":"product","2":"type-product","3":"status-publish","4":"has-post-thumbnail","6":"pwb-brand-maybelline-new-york","7":"product_cat-eyeliner-makeup","9":"first","10":"instock","11":"shipping-taxable","12":"purchasable","13":"product-type-variable","14":"has-default-attributes","15":"wvs-archive-product-wrapper"},"brands":[{"id":238,"name":"Maybelline New York","slug":"maybelline-new-york"}],"_links":{"self":[{"href":"https:\/\/gopinkish.com\/fr\/wp-json\/wp\/v2\/product\/28822","targetHints":{"allow":["GET"]}}],"collection":[{"href":"https:\/\/gopinkish.com\/fr\/wp-json\/wp\/v2\/product"}],"about":[{"href":"https:\/\/gopinkish.com\/fr\/wp-json\/wp\/v2\/types\/product"}],"wp:featuredmedia":[{"embeddable":true,"href":"https:\/\/gopinkish.com\/fr\/wp-json\/wp\/v2\/media\/28832"}],"wp:attachment":[{"href":"https:\/\/gopinkish.com\/fr\/wp-json\/wp\/v2\/media?parent=28822"}],"wp:term":[{"taxonomy":"pwb-brand","embeddable":true,"href":"https:\/\/gopinkish.com\/fr\/wp-json\/wp\/v2\/pwb-brand?post=28822"},{"taxonomy":"product_brand","embeddable":true,"href":"https:\/\/gopinkish.com\/fr\/wp-json\/wp\/v2\/product_brand?post=28822"},{"taxonomy":"product_cat","embeddable":true,"href":"https:\/\/gopinkish.com\/fr\/wp-json\/wp\/v2\/product_cat?post=28822"},{"taxonomy":"product_tag","embeddable":true,"href":"https:\/\/gopinkish.com\/fr\/wp-json\/wp\/v2\/product_tag?post=28822"}],"curies":[{"name":"wp","href":"https:\/\/api.w.org\/{rel}","templated":true}]}}