{"id":28784,"date":"2025-07-05T15:11:55","date_gmt":"2025-07-05T14:11:55","guid":{"rendered":"https:\/\/gopinkish.com\/?post_type=product&#038;p=28784"},"modified":"2026-04-16T14:11:31","modified_gmt":"2026-04-16T13:11:31","slug":"5000174917710","status":"publish","type":"product","link":"https:\/\/gopinkish.com\/fr\/produit\/5000174917710\/","title":{"rendered":"D\u00e9odorant Gel Fresh White Water - Homme"},"content":{"rendered":"<p style=\"text-align: justify;\">On dit souvent que l'eau est l'\u00e9l\u00e9ment le plus puissant de la Terre. Bien que cette affirmation soit souvent r\u00e9p\u00e9t\u00e9e, elle n'est pas vraie car l'eau n'est pas un \u00e9l\u00e9ment et n'a pas la force de l'uranium 235. Cependant, l'odeur du d\u00e9odorant et de l'anti-transpirant Old Spice Whitewater est tr\u00e8s rafra\u00eechissante selon les scientifiques. Du moins ceux qui savent bien sentir. Le d\u00e9odorant Old Spice pour hommes vous aide \u00e0 vous d\u00e9barrasser des odeurs d'aisselles et de la transpiration excessive. Procurez-vous d\u00e8s aujourd'hui votre d\u00e9odorant Old Spice et prouvez que ce parfum rafra\u00eechissant est le cha\u00eenon manquant de l'\u00e9quation de la masculinit\u00e9.<\/p>\n<p dir=\"ltr\" style=\"text-align: center;\">\ud83c\uddec\ud83c\udde7 Old Spice Whitewater Antiperspirant &amp; Deodorant Gel<br \/>\n\ud83c\uddeb\ud83c\uddf7 Gel D\u00e9odorant &amp; Antisudorifique Old Spice Whitewater<\/p>","protected":false},"excerpt":{"rendered":"<p>\u064a\u064f\u0642\u0627\u0644 \u063a\u0627\u0644\u0628\u064b\u0627 \u0623\u0646 \u0627\u0644\u0645\u0627\u0621 \u0647\u0648 \u0623\u0642\u0648\u0649 \u0639\u0646\u0635\u0631 \u0639\u0644\u0649 \u0648\u062c\u0647 \u0627\u0644\u0623\u0631\u0636. \u0648\u0631\u063a\u0645 \u062a\u0643\u0631\u0627\u0631 \u0647\u0630\u0627 \u0627\u0644\u0642\u0648\u0644 \u0643\u062b\u064a\u0631\u064b\u0627\u060c \u0625\u0644\u0627 \u0623\u0646\u0647 \u063a\u064a\u0631 \u0635\u062d\u064a\u062d \u0644\u0623\u0646 \u0627\u0644\u0645\u0627\u0621 \u0644\u064a\u0633 \u0639\u0646\u0635\u0631\u064b\u0627 \u0648\u0644\u0627 \u064a\u062a\u0645\u062a\u0639 \u0628\u0642\u0648\u0629 \u0627\u0644\u064a\u0648\u0631\u0627\u0646\u064a\u0648\u0645 235. \u0648\u0645\u0639 \u0630\u0644\u0643\u060c \u0641\u0625\u0646 \u0631\u0627\u0626\u062d\u0629 \u0645\u0632\u064a\u0644 \u0627\u0644\u0639\u0631\u0642 \u0648\u0645\u0636\u0627\u062f \u0627\u0644\u062a\u0639\u0631\u0642 Old Spice Whitewater \u0647\u064a \u0631\u0627\u0626\u062d\u0629 \u0645\u0646\u0639\u0634\u0629 \u0644\u0644\u063a\u0627\u064a\u0629 \u0648\u0641\u0642\u064b\u0627 \u0644\u0644\u0639\u0644\u0645\u0627\u0621. \u0639\u0644\u0649 \u0627\u0644\u0623\u0642\u0644 \u0623\u0648\u0644\u0626\u0643 \u0627\u0644\u0630\u064a\u0646 \u064a\u0639\u0631\u0641\u0648\u0646 \u0643\u064a\u0641\u064a\u0629 \u0627\u0644\u0634\u0645 \u0627\u0644\u062c\u064a\u062f. \u064a\u0633\u0627\u0639\u062f\u0643 \u0645\u0632\u064a\u0644 [&hellip;]<\/p>\n","protected":false},"featured_media":28785,"template":"","meta":[],"pwb-brand":[1382],"product_brand":[],"product_cat":[1228],"product_tag":[686],"class_list":{"0":"post-28784","1":"product","2":"type-product","3":"status-publish","4":"has-post-thumbnail","6":"pwb-brand-old-spice","7":"product_cat-deodorants","8":"product_tag-deodorant","10":"first","11":"instock","12":"shipping-taxable","13":"purchasable","14":"product-type-variable","15":"has-default-attributes","16":"wvs-archive-product-wrapper"},"brands":[{"id":1382,"name":"Old Spice","slug":"vieilles-epices"}],"_links":{"self":[{"href":"https:\/\/gopinkish.com\/fr\/wp-json\/wp\/v2\/product\/28784","targetHints":{"allow":["GET"]}}],"collection":[{"href":"https:\/\/gopinkish.com\/fr\/wp-json\/wp\/v2\/product"}],"about":[{"href":"https:\/\/gopinkish.com\/fr\/wp-json\/wp\/v2\/types\/product"}],"wp:featuredmedia":[{"embeddable":true,"href":"https:\/\/gopinkish.com\/fr\/wp-json\/wp\/v2\/media\/28785"}],"wp:attachment":[{"href":"https:\/\/gopinkish.com\/fr\/wp-json\/wp\/v2\/media?parent=28784"}],"wp:term":[{"taxonomy":"pwb-brand","embeddable":true,"href":"https:\/\/gopinkish.com\/fr\/wp-json\/wp\/v2\/pwb-brand?post=28784"},{"taxonomy":"product_brand","embeddable":true,"href":"https:\/\/gopinkish.com\/fr\/wp-json\/wp\/v2\/product_brand?post=28784"},{"taxonomy":"product_cat","embeddable":true,"href":"https:\/\/gopinkish.com\/fr\/wp-json\/wp\/v2\/product_cat?post=28784"},{"taxonomy":"product_tag","embeddable":true,"href":"https:\/\/gopinkish.com\/fr\/wp-json\/wp\/v2\/product_tag?post=28784"}],"curies":[{"name":"wp","href":"https:\/\/api.w.org\/{rel}","templated":true}]}}