{"id":28667,"date":"2025-07-19T21:01:45","date_gmt":"2025-07-19T20:01:45","guid":{"rendered":"https:\/\/gopinkish.com\/?post_type=product&#038;p=28667"},"modified":"2026-01-21T14:06:07","modified_gmt":"2026-01-21T13:06:07","slug":"8809447254395","status":"publish","type":"product","link":"https:\/\/gopinkish.com\/fr\/produit\/8809447254395\/","title":{"rendered":"S\u00e9rum pour lutter contre les rides et ridules du contour de l'\u0153il et hydrater en profondeur"},"content":{"rendered":"<p style=\"text-align: justify;\">Le s\u00e9rum pour les yeux To Be Youthful du Dr Althea offre une solution pratique et compl\u00e8te pour prot\u00e9ger la peau d\u00e9licate du contour des yeux, la peau la plus fine du corps. Ce s\u00e9rum combat efficacement les rides et les ridules en hydratant la peau en profondeur, en emp\u00eachant la perte de nutriments et en favorisant la r\u00e9tention d'eau.<\/p>\n<p style=\"text-align: justify;\"><strong>Avantages :<\/strong><br \/>\n- Minimise et pr\u00e9vient l'apparition des ridules<br \/>\n- Fournit de l'humidit\u00e9 et des nutriments<br \/>\n- L\u00e9ger, non collant, \u00e0 absorption rapide<\/p>\n<p style=\"text-align: justify;\">R\u00e9sultats :<br \/>\nEnrichi d'un puissant m\u00e9lange d'ad\u00e9nosine, de tocoph\u00e9rol et de niacinamide, il s'attaque aux signes de l'\u00e2ge, laissant la zone d\u00e9licate du contour de l'\u0153il plus lisse et plus lumineuse.<\/p>\n<p dir=\"ltr\" style=\"text-align: center;\">\ud83c\uddec\ud83c\udde7 Dr Althea To Be Youthful Eye Serum<br \/>\n\ud83c\uddeb\ud83c\uddf7 S\u00e9rum Contour des Yeux To Be Youthful Dr Althea<\/p>","protected":false},"excerpt":{"rendered":"<p>\u064a\u0642\u062f\u0645 \u0633\u064a\u0631\u0648\u0645 \u0627\u0644\u0639\u064a\u0648\u0646 &#8220;\u062a\u0648 \u0628\u064a \u064a\u0648\u062b\u0641\u0648\u0644&#8221; \u0645\u0646 \u062f\u0643\u062a\u0648\u0631 \u0623\u0644\u062b\u064a\u0627 \u062d\u0644\u0627\u064b \u0639\u0645\u0644\u064a\u064b\u0627 \u0648\u0634\u0627\u0645\u0644\u0627\u064b \u0644\u062d\u0645\u0627\u064a\u0629 \u0627\u0644\u0628\u0634\u0631\u0629 \u0627\u0644\u062d\u0633\u0627\u0633\u0629 \u062d\u0648\u0644 \u0627\u0644\u0639\u064a\u0646\u064a\u0646\u060c \u0648\u0647\u064a \u0623\u0631\u0642 \u0628\u0634\u0631\u0629 \u0641\u064a \u0627\u0644\u062c\u0633\u0645.\u00a0\u064a\u064f\u0643\u0627\u0641\u062d \u0647\u0630\u0627 \u0627\u0644\u0633\u064a\u0631\u0648\u0645 \u0627\u0644\u062a\u062c\u0627\u0639\u064a\u062f \u0648\u0627\u0644\u062e\u0637\u0648\u0637 \u0627\u0644\u062f\u0642\u064a\u0642\u0629 \u0628\u0641\u0639\u0627\u0644\u064a\u0629 \u0645\u0646 \u062e\u0644\u0627\u0644 \u062a\u0631\u0637\u064a\u0628 \u0627\u0644\u0628\u0634\u0631\u0629 \u0628\u0639\u0645\u0642\u060c \u0648\u0645\u0646\u0639 \u0641\u0642\u062f\u0627\u0646 \u0627\u0644\u0639\u0646\u0627\u0635\u0631 \u0627\u0644\u063a\u0630\u0627\u0626\u064a\u0629\u060c \u0648\u062a\u0639\u0632\u064a\u0632 \u0627\u062d\u062a\u0628\u0627\u0633 \u0627\u0644\u0645\u0627\u0621. \u0627\u0644\u0641\u0648\u0627\u0626\u062f: &#8211; \u064a\u064f\u0642\u0644\u0644 \u0645\u0646 \u0638\u0647\u0648\u0631 \u0627\u0644\u062e\u0637\u0648\u0637 \u0627\u0644\u062f\u0642\u064a\u0642\u0629 \u0648\u064a\u0645\u0646\u0639\u0647\u0627 &#8211; \u064a\u064f\u0648\u0641\u0631 \u0627\u0644\u062a\u0631\u0637\u064a\u0628 \u0648\u0627\u0644\u0645\u063a\u0630\u064a\u0627\u062a &#8211; \u062e\u0641\u064a\u0641 \u0627\u0644\u0648\u0632\u0646\u060c [&hellip;]<\/p>\n","protected":false},"featured_media":28668,"template":"","meta":[],"pwb-brand":[1375],"product_brand":[],"product_cat":[1126,1128],"product_tag":[672,734,763],"class_list":{"0":"post-28667","1":"product","2":"type-product","3":"status-publish","4":"has-post-thumbnail","6":"pwb-brand-doctor-althea","7":"product_cat-eyes-moist","8":"product_cat-eyes-lift","9":"product_tag-wrinkles","10":"product_tag-734","11":"product_tag-korean-product-2","13":"first","14":"outofstock","15":"shipping-taxable","16":"product-type-variable","17":"has-default-attributes","18":"wvs-archive-product-wrapper"},"brands":[{"id":1375,"name":"Dr. Althea","slug":"docteur-althea"}],"_links":{"self":[{"href":"https:\/\/gopinkish.com\/fr\/wp-json\/wp\/v2\/product\/28667","targetHints":{"allow":["GET"]}}],"collection":[{"href":"https:\/\/gopinkish.com\/fr\/wp-json\/wp\/v2\/product"}],"about":[{"href":"https:\/\/gopinkish.com\/fr\/wp-json\/wp\/v2\/types\/product"}],"wp:featuredmedia":[{"embeddable":true,"href":"https:\/\/gopinkish.com\/fr\/wp-json\/wp\/v2\/media\/28668"}],"wp:attachment":[{"href":"https:\/\/gopinkish.com\/fr\/wp-json\/wp\/v2\/media?parent=28667"}],"wp:term":[{"taxonomy":"pwb-brand","embeddable":true,"href":"https:\/\/gopinkish.com\/fr\/wp-json\/wp\/v2\/pwb-brand?post=28667"},{"taxonomy":"product_brand","embeddable":true,"href":"https:\/\/gopinkish.com\/fr\/wp-json\/wp\/v2\/product_brand?post=28667"},{"taxonomy":"product_cat","embeddable":true,"href":"https:\/\/gopinkish.com\/fr\/wp-json\/wp\/v2\/product_cat?post=28667"},{"taxonomy":"product_tag","embeddable":true,"href":"https:\/\/gopinkish.com\/fr\/wp-json\/wp\/v2\/product_tag?post=28667"}],"curies":[{"name":"wp","href":"https:\/\/api.w.org\/{rel}","templated":true}]}}