{"id":28649,"date":"2025-07-29T20:09:31","date_gmt":"2025-07-29T19:09:31","guid":{"rendered":"https:\/\/gopinkish.com\/?post_type=product&#038;p=28649"},"modified":"2026-02-10T13:18:48","modified_gmt":"2026-02-10T12:18:48","slug":"3380810449068","status":"publish","type":"product","link":"https:\/\/gopinkish.com\/fr\/produit\/3380810449068\/","title":{"rendered":"Autobronzant pour un \u00e9clat naturel et radieux"},"content":{"rendered":"<p style=\"text-align: justify;\">Clarins Radiance-Plus Golden Glow Booster Face est un autobronzant sp\u00e9cialement formul\u00e9 pour se fondre dans votre cr\u00e8me hydratante et vous donner progressivement un h\u00e2le naturel.<\/p>\n<p style=\"text-align: justify;\">Clarins Radiance Plus Golden Glow Booster Face est un autobronzant qui donne \u00e0 la peau du visage un \u00e9clat et une brillance naturels. Sa texture est onctueuse et facile \u00e0 m\u00e9langer avec votre cr\u00e8me hydratante pr\u00e9f\u00e9r\u00e9e, pour une application pratique sans \u00e9tape suppl\u00e9mentaire dans votre routine de soin quotidienne. Id\u00e9ale pour celles qui souhaitent sublimer leur bronzage par un h\u00e2le progressif et naturel, cette poudre bronzante convient \u00e0 tous les types de peau.<\/p>\n<p style=\"text-align: justify;\">Sa formule v\u00e9g\u00e9talienne contient 99% d'ingr\u00e9dients naturels, pour un r\u00e9sultat enti\u00e8rement naturel. Enrichi en aloe vera, ce concentr\u00e9 de bronzage aide \u00e9galement \u00e0 hydrater, apaiser et adoucir la peau. De plus, la glyc\u00e9rine aide \u00e0 hydrater la peau. Utilisez-le aussi souvent que n\u00e9cessaire pour obtenir une peau parfaite et un \u00e9clat naturel !<\/p>\n<p style=\"text-align: justify;\"><strong>Les principaux avantages :<\/strong> Favorise un bronzage naturel et personnalis\u00e9, sans erreur, facile et rapide \u00e0 utiliser, hydrate et adoucit la peau en m\u00eame temps, 99% d'ingr\u00e9dients naturels.<\/p>\n<p style=\"text-align: justify;\">Textures : Liquide<br \/>\nProbl\u00e8mes de peau : Peau terne et in\u00e9gale<br \/>\nDur\u00e9e d'utilisation : Au choix<br \/>\n\u00c2ge : 15+<br \/>\nType de peau : Tous les types de peau<br \/>\nFormul\u00e9 sans : Parfums.<\/p>\n<p dir=\"ltr\" style=\"text-align: center;\">\ud83c\uddec\ud83c\udde7 Booster d'Eclat-Plus Clarins - Gouttes autobronzantes pour le visage<br \/>\n\ud83c\uddeb\ud83c\uddf7 Gouttes Autobronzantes Visage Clarins Addition Concentr\u00e9 \u00c9clat Visage<\/p>","protected":false},"excerpt":{"rendered":"<p>Clarins Radiance-Plus Golden Glow Booster Face \u0647\u0648 \u0645\u0633\u062a\u062d\u0636\u0631 \u062a\u0633\u0645\u064a\u0631 \u0630\u0627\u062a\u064a \u0645\u0635\u0645\u0645 \u062e\u0635\u064a\u0635\u064b\u0627 \u0644\u0643\u060c \u064a\u0645\u062a\u0632\u062c \u0645\u0639 \u0627\u0644\u0645\u0631\u0637\u0628 \u0627\u0644\u062e\u0627\u0635 \u0628\u0643 \u0644\u064a\u0645\u0646\u062d\u0643 \u062a\u0648\u0647\u062c\u064b\u0627 \u062a\u062f\u0631\u064a\u062c\u064a\u064b\u0627 \u0648\u0637\u0628\u064a\u0639\u064a\u064b\u0627 \u0645\u0634\u0645\u0633\u064b\u0627. \u0643\u0644\u0627\u0631\u0646\u0633 \u0631\u0627\u062f\u064a\u0627\u0646\u0633 \u0628\u0644\u0633 \u062c\u0648\u0644\u062f\u0646 \u062c\u0644\u0648 \u0628\u0648\u0633\u062a\u0631 \u0641\u064a\u0633 \u0647\u0648 \u0645\u064f\u0633\u0645\u0631 \u0630\u0627\u062a\u064a \u064a\u0645\u0646\u062d \u0628\u0634\u0631\u0629 \u0627\u0644\u0648\u062c\u0647 \u0625\u0634\u0631\u0627\u0642\u0629 \u0637\u0628\u064a\u0639\u064a\u0629 \u0648\u0644\u0645\u0639\u0627\u0646\u064b\u0627 \u0637\u0628\u064a\u0639\u064a\u064b\u0627. \u0642\u0648\u0627\u0645\u0647 \u0633\u0644\u0633 \u0648\u0633\u0647\u0644 \u0627\u0644\u0645\u0632\u062c \u0645\u0639 \u0645\u0631\u0637\u0628 \u0627\u0644\u0648\u062c\u0647 \u0627\u0644\u0645\u0641\u0636\u0644 \u0644\u062f\u064a\u0643\u0650\u060c \u0644\u062a\u0637\u0628\u064a\u0642 \u0639\u0645\u0644\u064a \u0648\u0645\u0631\u064a\u062d \u062f\u0648\u0646 \u0627\u0644\u062d\u0627\u062c\u0629 \u0625\u0644\u0649 [&hellip;]<\/p>\n","protected":false},"featured_media":28650,"template":"","meta":[],"pwb-brand":[1007],"product_brand":[],"product_cat":[1146],"product_tag":[],"class_list":{"0":"post-28649","1":"product","2":"type-product","3":"status-publish","4":"has-post-thumbnail","6":"pwb-brand-clarins","7":"product_cat-tan-sunscreen","9":"first","10":"instock","11":"shipping-taxable","12":"purchasable","13":"product-type-variable","14":"has-default-attributes","15":"wvs-archive-product-wrapper"},"brands":[{"id":1007,"name":"Clarins","slug":"clarins"}],"_links":{"self":[{"href":"https:\/\/gopinkish.com\/fr\/wp-json\/wp\/v2\/product\/28649","targetHints":{"allow":["GET"]}}],"collection":[{"href":"https:\/\/gopinkish.com\/fr\/wp-json\/wp\/v2\/product"}],"about":[{"href":"https:\/\/gopinkish.com\/fr\/wp-json\/wp\/v2\/types\/product"}],"wp:featuredmedia":[{"embeddable":true,"href":"https:\/\/gopinkish.com\/fr\/wp-json\/wp\/v2\/media\/28650"}],"wp:attachment":[{"href":"https:\/\/gopinkish.com\/fr\/wp-json\/wp\/v2\/media?parent=28649"}],"wp:term":[{"taxonomy":"pwb-brand","embeddable":true,"href":"https:\/\/gopinkish.com\/fr\/wp-json\/wp\/v2\/pwb-brand?post=28649"},{"taxonomy":"product_brand","embeddable":true,"href":"https:\/\/gopinkish.com\/fr\/wp-json\/wp\/v2\/product_brand?post=28649"},{"taxonomy":"product_cat","embeddable":true,"href":"https:\/\/gopinkish.com\/fr\/wp-json\/wp\/v2\/product_cat?post=28649"},{"taxonomy":"product_tag","embeddable":true,"href":"https:\/\/gopinkish.com\/fr\/wp-json\/wp\/v2\/product_tag?post=28649"}],"curies":[{"name":"wp","href":"https:\/\/api.w.org\/{rel}","templated":true}]}}