{"id":28616,"date":"2025-09-14T16:59:02","date_gmt":"2025-09-14T15:59:02","guid":{"rendered":"https:\/\/gopinkish.com\/?post_type=product&#038;p=28616"},"modified":"2026-04-21T14:26:09","modified_gmt":"2026-04-21T13:26:09","slug":"041554538311","status":"publish","type":"product","link":"https:\/\/gopinkish.com\/fr\/produit\/041554538311\/","title":{"rendered":"Un fond de teint mat et l\u00e9ger au fini naturel"},"content":{"rendered":"<p style=\"text-align: justify;\">Un fond de teint l\u00e9ger et mat qui cr\u00e9e un fini naturel et affine les pores.<\/p>\n<p style=\"text-align: justify;\">Des couleurs qui s'adaptent \u00e0 votre teint, disponibles dans des tons chauds, neutres et froids.<\/p>\n<p style=\"text-align: justify;\">Il tient toute la journ\u00e9e, parfait pour les peaux normales \u00e0 grasses !<\/p>\n<p style=\"text-align: justify;\"><strong>Les principales caract\u00e9ristiques :<\/strong><\/p>\n<p style=\"text-align: justify;\">- Finition mate naturelle<br \/>\n- Formule l\u00e9g\u00e8re et perm\u00e9able \u00e0 l'air avec une couvrance moyenne<br \/>\n- Adapt\u00e9 \u00e0 la couleur et \u00e0 la texture de la peau<br \/>\n- Contr\u00f4le de la brillance pendant 12 heures : Formule micro-poudre<br \/>\n- Non com\u00e9dog\u00e8ne<br \/>\n- Test\u00e9 sous contr\u00f4le dermatologique et antiallergique<\/p>\n<p dir=\"ltr\" style=\"text-align: center;\">\ud83c\uddec\ud83c\udde7 Fond de teint liquide Maybelline Fit Me Matte + Poreless<br \/>\n\ud83c\uddeb\ud83c\uddf7 Fond de Teint Liquide Mat + Sans Pores Fit Me Maybelline<\/p>","protected":false},"excerpt":{"rendered":"<p>\u062a\u0631\u0643\u064a\u0628\u0629 \u0643\u0631\u064a\u0645 \u0623\u0633\u0627\u0633 \u0645\u0637\u0641\u064a\u0629 \u0648\u062e\u0641\u064a\u0641\u0629 \u0627\u0644\u0648\u0632\u0646 \u062a\u064f\u0636\u0641\u064a \u0644\u0645\u0633\u0629 \u0646\u0647\u0627\u0626\u064a\u0629 \u0637\u0628\u064a\u0639\u064a\u0629 \u0639\u0644\u0649 \u0627\u0644\u0628\u0634\u0631\u0629 \u0648\u062a\u064f\u0646\u0642\u0651\u064a \u0627\u0644\u0645\u0633\u0627\u0645. \u0623\u0644\u0648\u0627\u0646 \u0645\u062a\u0646\u0627\u0633\u0642\u0629 \u0645\u0639 \u0644\u0648\u0646 \u0627\u0644\u0628\u0634\u0631\u0629\u060c \u0645\u062a\u0648\u0641\u0631\u0629 \u0628\u062f\u0631\u062c\u0627\u062a \u062f\u0627\u0641\u0626\u0629\u060c \u0648\u0645\u062d\u0627\u064a\u062f\u0629\u060c \u0648\u0628\u0627\u0631\u062f\u0629. \u064a\u062f\u0648\u0645 \u0637\u0648\u0627\u0644 \u0627\u0644\u064a\u0648\u0645\u060c \u0645\u062b\u0627\u0644\u064a \u0644\u0644\u0628\u0634\u0631\u0629 \u0627\u0644\u0639\u0627\u062f\u064a\u0629 \u0625\u0644\u0649 \u0627\u0644\u062f\u0647\u0646\u064a\u0629! \u0627\u0644\u0645\u0645\u064a\u0632\u0627\u062a \u0627\u0644\u0631\u0626\u064a\u0633\u064a\u0629: \u2022 \u0644\u0645\u0633\u0629 \u0646\u0647\u0627\u0626\u064a\u0629 \u0637\u0628\u064a\u0639\u064a\u0629 \u063a\u064a\u0631 \u0644\u0627\u0645\u0639\u0629 \u2022 \u062a\u0631\u0643\u064a\u0628\u0629 \u062e\u0641\u064a\u0641\u0629 \u0627\u0644\u0648\u0632\u0646\u060c \u062a\u0633\u0645\u062d \u0628\u0645\u0631\u0648\u0631 \u0627\u0644\u0647\u0648\u0627\u0621\u060c \u0628\u062a\u063a\u0637\u064a\u0629 \u0645\u062a\u0648\u0633\u0637\u0629 \u2022 \u062a\u0646\u0627\u0633\u0628 \u0644\u0648\u0646 \u0627\u0644\u0628\u0634\u0631\u0629 \u0648\u0645\u0644\u0645\u0633\u0647\u0627 \u2022 [&hellip;]<\/p>\n","protected":false},"featured_media":28617,"template":"","meta":[],"pwb-brand":[238],"product_brand":[],"product_cat":[1175],"product_tag":[],"class_list":{"0":"post-28616","1":"product","2":"type-product","3":"status-publish","4":"has-post-thumbnail","6":"pwb-brand-maybelline-new-york","7":"product_cat-foundation-makeup","9":"first","10":"instock","11":"shipping-taxable","12":"purchasable","13":"product-type-variable","14":"has-default-attributes","15":"wvs-archive-product-wrapper"},"brands":[{"id":238,"name":"Maybelline New York","slug":"maybelline-new-york"}],"_links":{"self":[{"href":"https:\/\/gopinkish.com\/fr\/wp-json\/wp\/v2\/product\/28616","targetHints":{"allow":["GET"]}}],"collection":[{"href":"https:\/\/gopinkish.com\/fr\/wp-json\/wp\/v2\/product"}],"about":[{"href":"https:\/\/gopinkish.com\/fr\/wp-json\/wp\/v2\/types\/product"}],"wp:featuredmedia":[{"embeddable":true,"href":"https:\/\/gopinkish.com\/fr\/wp-json\/wp\/v2\/media\/28617"}],"wp:attachment":[{"href":"https:\/\/gopinkish.com\/fr\/wp-json\/wp\/v2\/media?parent=28616"}],"wp:term":[{"taxonomy":"pwb-brand","embeddable":true,"href":"https:\/\/gopinkish.com\/fr\/wp-json\/wp\/v2\/pwb-brand?post=28616"},{"taxonomy":"product_brand","embeddable":true,"href":"https:\/\/gopinkish.com\/fr\/wp-json\/wp\/v2\/product_brand?post=28616"},{"taxonomy":"product_cat","embeddable":true,"href":"https:\/\/gopinkish.com\/fr\/wp-json\/wp\/v2\/product_cat?post=28616"},{"taxonomy":"product_tag","embeddable":true,"href":"https:\/\/gopinkish.com\/fr\/wp-json\/wp\/v2\/product_tag?post=28616"}],"curies":[{"name":"wp","href":"https:\/\/api.w.org\/{rel}","templated":true}]}}