{"id":28502,"date":"2025-07-17T14:34:27","date_gmt":"2025-07-17T13:34:27","guid":{"rendered":"https:\/\/gopinkish.com\/?post_type=product&#038;p=28502"},"modified":"2026-04-24T17:53:38","modified_gmt":"2026-04-24T16:53:38","slug":"6972421573439","status":"publish","type":"product","link":"https:\/\/gopinkish.com\/fr\/produit\/6972421573439\/","title":{"rendered":"Surligneur liquide 4 en 1 avec acide hyaluronique hydratant"},"content":{"rendered":"<p style=\"text-align: justify;\">Shiglam Sunburst Glow Mixer 4-in-1 est un liquide booster d'\u00e9clat et de peau pour un look doux et lumineux, enrichi en acide hyaluronique.<\/p>\n<p style=\"text-align: justify;\">Caract\u00e9ristiques :<\/p>\n<p style=\"text-align: justify;\"><strong>Aspect lisse :<\/strong> Purifie les pores pour une beaut\u00e9 rafra\u00eechie qui dure toute la journ\u00e9e.<\/p>\n<p style=\"text-align: justify;\"><strong>Super brillant :<\/strong> Renforce l'\u00e9clat de la peau.<\/p>\n<p style=\"text-align: justify;\"><strong>Doux pour la peau :<\/strong> Longue dur\u00e9e sans tiraillement.<\/p>\n<p style=\"text-align: justify;\"><strong>Formule nourrissante :<\/strong> 3,5% Squalane.<\/p>\n<p dir=\"ltr\" style=\"text-align: center;\">\ud83c\uddec\ud83c\udde7 SHEGLAM Sunburst Glow Mixer 4-IN-1 Liquid Glow<br \/>\n\ud83c\uddeb\ud83c\uddf7 Enlumineur Liquide 4-en-1 SHEGLAM Sunburst Glow Mixer<\/p>","protected":false},"excerpt":{"rendered":"<p>\u0634\u064a\u062c\u0644\u0627\u0645 \u0635\u0646 \u0628\u0631\u0633\u062a \u062c\u0644\u0648 \u0645\u064a\u0643\u0633\u0631 4 \u0641\u064a 1 \u0633\u0627\u0626\u0644 \u062a\u0648\u0647\u062c\u060c \u0645\u0639\u0632\u0632 \u0644\u0644\u0628\u0634\u0631\u0629 \u0644\u0625\u0637\u0644\u0627\u0644\u0629 \u0645\u062a\u0648\u0647\u062c\u0629 \u0648\u0646\u0627\u0639\u0645\u0629\u060c \u063a\u0646\u064a \u0628\u062d\u0645\u0636 \u0627\u0644\u0647\u064a\u0627\u0644\u0648\u0631\u0648\u0646\u064a\u0643. \u0627\u0644\u0645\u0645\u064a\u0632\u0627\u062a: \u0645\u0638\u0647\u0631 \u0646\u0627\u0639\u0645: \u064a\u064f\u0646\u0642\u0651\u064a \u0627\u0644\u0645\u0633\u0627\u0645 \u0644\u0625\u0637\u0644\u0627\u0644\u0629 \u062c\u0645\u0627\u0644\u064a\u0629 \u0645\u0646\u0639\u0634\u0629 \u062a\u062f\u0648\u0645 \u0637\u0648\u0627\u0644 \u0627\u0644\u064a\u0648\u0645. \u0644\u0645\u0639\u0627\u0646 \u0641\u0627\u0626\u0642: \u064a\u064f\u0639\u0632\u0632 \u0625\u0634\u0631\u0627\u0642\u0629 \u0627\u0644\u0628\u0634\u0631\u0629. \u0644\u0637\u064a\u0641 \u0639\u0644\u0649 \u0627\u0644\u0628\u0634\u0631\u0629: \u064a\u062f\u0648\u0645 \u0637\u0648\u064a\u0644\u064b\u0627 \u062f\u0648\u0646 \u0623\u0646 \u064a\u064f\u0633\u0628\u0628 \u0634\u062f\u064b\u0627. \u062a\u0631\u0643\u064a\u0628\u0629 \u0645\u064f\u063a\u0630\u064a\u0629: 3.5% \u0633\u0643\u0648\u0627\u0644\u064a\u0646. \ud83c\uddec\ud83c\udde7 SHEGLAM Sunburst Glow Mixer 4-IN-1 Liquid Glow [&hellip;]<\/p>\n","protected":false},"featured_media":28519,"template":"","meta":[],"pwb-brand":[709],"product_brand":[],"product_cat":[1170],"product_tag":[],"class_list":{"0":"post-28502","1":"product","2":"type-product","3":"status-publish","4":"has-post-thumbnail","6":"pwb-brand-sheglam","7":"product_cat-highlighter-makeup","9":"first","10":"instock","11":"shipping-taxable","12":"purchasable","13":"product-type-variable","14":"has-default-attributes","15":"wvs-archive-product-wrapper"},"brands":[{"id":709,"name":"Sheglam","slug":"sheglam"}],"_links":{"self":[{"href":"https:\/\/gopinkish.com\/fr\/wp-json\/wp\/v2\/product\/28502","targetHints":{"allow":["GET"]}}],"collection":[{"href":"https:\/\/gopinkish.com\/fr\/wp-json\/wp\/v2\/product"}],"about":[{"href":"https:\/\/gopinkish.com\/fr\/wp-json\/wp\/v2\/types\/product"}],"wp:featuredmedia":[{"embeddable":true,"href":"https:\/\/gopinkish.com\/fr\/wp-json\/wp\/v2\/media\/28519"}],"wp:attachment":[{"href":"https:\/\/gopinkish.com\/fr\/wp-json\/wp\/v2\/media?parent=28502"}],"wp:term":[{"taxonomy":"pwb-brand","embeddable":true,"href":"https:\/\/gopinkish.com\/fr\/wp-json\/wp\/v2\/pwb-brand?post=28502"},{"taxonomy":"product_brand","embeddable":true,"href":"https:\/\/gopinkish.com\/fr\/wp-json\/wp\/v2\/product_brand?post=28502"},{"taxonomy":"product_cat","embeddable":true,"href":"https:\/\/gopinkish.com\/fr\/wp-json\/wp\/v2\/product_cat?post=28502"},{"taxonomy":"product_tag","embeddable":true,"href":"https:\/\/gopinkish.com\/fr\/wp-json\/wp\/v2\/product_tag?post=28502"}],"curies":[{"name":"wp","href":"https:\/\/api.w.org\/{rel}","templated":true}]}}