{"id":28495,"date":"2026-04-02T13:42:03","date_gmt":"2026-04-02T12:42:03","guid":{"rendered":"https:\/\/gopinkish.com\/?post_type=product&#038;p=28495"},"modified":"2026-04-05T20:39:16","modified_gmt":"2026-04-05T19:39:16","slug":"3600524119836","status":"publish","type":"product","link":"https:\/\/gopinkish.com\/fr\/produit\/3600524119836\/","title":{"rendered":"S\u00e9rum anti-pigmentation au niacinamide"},"content":{"rendered":"<p style=\"text-align: justify;\">Le s\u00e9rum anti-taches Bright Reveal Niacinamide de L'Or\u00e9al Paris aide \u00e0 r\u00e9duire visiblement tous les types de taches cutan\u00e9es, y compris les taches post-acn\u00e9iques, les taches solaires et les taches brunes.<\/p>\n<p style=\"text-align: justify;\">Ce traitement combine :<\/p>\n<p style=\"text-align: justify;\"><strong>Niacinamide :<\/strong> Le niacinamide aide \u00e0 restaurer l'\u00e9clat de la peau et \u00e0 minimiser l'apparence des imperfections.<\/p>\n<p style=\"text-align: justify;\"><strong>Acide aminosulfonique :<\/strong>\u00a0Un exfoliant doux qui \u00e9limine les cellules mortes et unifie le teint.<\/p>\n<p style=\"text-align: justify;\">Sa formule douce convient aux peaux sensibles.<\/p>\n<p style=\"text-align: justify;\">Ce s\u00e9rum est non collant, non gras et compatible avec le maquillage.<\/p>\n<p style=\"text-align: justify;\">Test\u00e9 sur tous les types et couleurs de peau.<\/p>\n<p dir=\"ltr\" style=\"text-align: center;\">\ud83c\uddec\ud83c\udde7 L'Or\u00e9al Paris Bright Reveal Niacinamide Dark Spot Serum (s\u00e9rum anti-taches)<br \/>\n\ud83c\uddeb\ud83c\uddf7 S\u00e9rum Visage Anti-T\u00e2ches Niacinamide Bright Reveal L'Or\u00e9al Paris<\/p>","protected":false},"excerpt":{"rendered":"<p>\u0633\u064a\u0631\u0648\u0645 \u0644\u0648\u0631\u064a\u0627\u0644 \u0628\u0627\u0631\u064a\u0633 \u0628\u0631\u0627\u064a\u062a \u0631\u064a\u0641\u064a\u0644 \u0646\u064a\u0627\u0633\u064a\u0646\u0627\u0645\u064a\u062f \u0627\u0644\u0645\u0636\u0627\u062f \u0644\u0644\u0628\u0642\u0639 \u064a\u0633\u0627\u0639\u062f \u0639\u0644\u0649 \u062a\u0642\u0644\u064a\u0644 \u062c\u0645\u064a\u0639 \u0623\u0646\u0648\u0627\u0639 \u0628\u0642\u0639 \u0627\u0644\u0628\u0634\u0631\u0629 \u0628\u0634\u0643\u0644 \u0648\u0627\u0636\u062d\u060c \u0628\u0645\u0627 \u0641\u064a \u0630\u0644\u0643 \u0628\u0642\u0639 \u0645\u0627 \u0628\u0639\u062f \u062d\u0628 \u0627\u0644\u0634\u0628\u0627\u0628\u060c \u0648\u0628\u0642\u0639 \u0627\u0644\u0634\u0645\u0633\u060c \u0648\u0627\u0644\u0628\u0642\u0639 \u0627\u0644\u0628\u0646\u064a\u0629. \u064a\u062c\u0645\u0639 \u0647\u0630\u0627 \u0627\u0644\u0639\u0644\u0627\u062c \u0628\u064a\u0646: \u0627\u0644\u0646\u064a\u0627\u0633\u064a\u0646\u0627\u0645\u064a\u062f: \u064a\u0633\u0627\u0639\u062f \u0627\u0644\u0646\u064a\u0627\u0633\u064a\u0646\u0627\u0645\u064a\u062f \u0639\u0644\u0649 \u0627\u0633\u062a\u0639\u0627\u062f\u0629 \u0646\u0636\u0627\u0631\u0629 \u0627\u0644\u0628\u0634\u0631\u0629 \u0648\u062a\u0642\u0644\u064a\u0644 \u0638\u0647\u0648\u0631 \u0627\u0644\u0634\u0648\u0627\u0626\u0628. \u062d\u0645\u0636 \u0627\u0644\u0623\u0645\u064a\u0646\u0648 \u0633\u0644\u0641\u0648\u0646\u064a\u0643:\u00a0\u0645\u0642\u0634\u0631 \u0644\u0637\u064a\u0641 \u064a\u0632\u064a\u0644 \u062e\u0644\u0627\u064a\u0627 \u0627\u0644\u062c\u0644\u062f \u0627\u0644\u0645\u064a\u062a\u0629 \u0648\u064a\u0648\u062d\u062f \u0644\u0648\u0646 \u0627\u0644\u0628\u0634\u0631\u0629. \u062a\u0631\u0643\u064a\u0628\u062a\u0647 [&hellip;]<\/p>\n","protected":false},"featured_media":28496,"template":"","meta":[],"pwb-brand":[239],"product_brand":[],"product_cat":[1123,1231,1120],"product_tag":[675,671],"class_list":{"0":"post-28495","1":"product","2":"type-product","3":"status-publish","4":"has-post-thumbnail","6":"pwb-brand-loreal","7":"product_cat-face-bright","8":"product_cat-daily-face-care","9":"product_cat-face-exfo","10":"product_tag-spots","11":"product_tag-pigmentation","13":"first","14":"instock","15":"shipping-taxable","16":"purchasable","17":"product-type-variable","18":"has-default-attributes","19":"wvs-archive-product-wrapper"},"brands":[{"id":239,"name":"L'Or\u00e9al Paris","slug":"loreal"}],"_links":{"self":[{"href":"https:\/\/gopinkish.com\/fr\/wp-json\/wp\/v2\/product\/28495","targetHints":{"allow":["GET"]}}],"collection":[{"href":"https:\/\/gopinkish.com\/fr\/wp-json\/wp\/v2\/product"}],"about":[{"href":"https:\/\/gopinkish.com\/fr\/wp-json\/wp\/v2\/types\/product"}],"wp:featuredmedia":[{"embeddable":true,"href":"https:\/\/gopinkish.com\/fr\/wp-json\/wp\/v2\/media\/28496"}],"wp:attachment":[{"href":"https:\/\/gopinkish.com\/fr\/wp-json\/wp\/v2\/media?parent=28495"}],"wp:term":[{"taxonomy":"pwb-brand","embeddable":true,"href":"https:\/\/gopinkish.com\/fr\/wp-json\/wp\/v2\/pwb-brand?post=28495"},{"taxonomy":"product_brand","embeddable":true,"href":"https:\/\/gopinkish.com\/fr\/wp-json\/wp\/v2\/product_brand?post=28495"},{"taxonomy":"product_cat","embeddable":true,"href":"https:\/\/gopinkish.com\/fr\/wp-json\/wp\/v2\/product_cat?post=28495"},{"taxonomy":"product_tag","embeddable":true,"href":"https:\/\/gopinkish.com\/fr\/wp-json\/wp\/v2\/product_tag?post=28495"}],"curies":[{"name":"wp","href":"https:\/\/api.w.org\/{rel}","templated":true}]}}