{"id":28444,"date":"2025-07-12T18:57:21","date_gmt":"2025-07-12T17:57:21","guid":{"rendered":"https:\/\/gopinkish.com\/?post_type=product&#038;p=28444"},"modified":"2026-01-14T23:08:47","modified_gmt":"2026-01-14T22:08:47","slug":"3600523424900","status":"publish","type":"product","link":"https:\/\/gopinkish.com\/fr\/produit\/3600523424900\/","title":{"rendered":"Gel hydratant \u00e0 base d'eau avec une texture l\u00e9g\u00e8re et non grasse pour les peaux normales \u00e0 s\u00e8ches."},"content":{"rendered":"<p style=\"text-align: justify;\">D\u00e9couvrez le secret d'une peau saine et hydrat\u00e9e avec le gel hydratant \u00e0 l'aloe vera de L'Or\u00e9al Paris, sp\u00e9cialement con\u00e7u pour les peaux normales \u00e0 s\u00e8ches. Cette formule rafra\u00eechissante est la solution parfaite pour restaurer et maintenir l'\u00e9quilibre hydrique naturel de votre peau.<\/p>\n<p style=\"text-align: justify;\">Profitez du pouvoir apaisant de l'aloe vera, connu pour ses propri\u00e9t\u00e9s hydratantes et cicatrisantes. Le jus d'aloe vera est soigneusement extrait pour pr\u00e9server ses bienfaits naturels, garantissant \u00e0 votre peau les soins qu'elle m\u00e9rite.<\/p>\n<p style=\"text-align: justify;\"><strong>Hydratation en profondeur :<\/strong> Con\u00e7ue pour p\u00e9n\u00e9trer profond\u00e9ment dans la peau, la formule procure une hydratation durable, gardant la peau douce et souple tout au long de la journ\u00e9e.<\/p>\n<p style=\"text-align: justify;\"><strong>Analg\u00e9sie s\u00e9dative :<\/strong> Id\u00e9al pour les peaux qui tiraillent ou qui sont inconfortables en raison de la s\u00e9cheresse, le jus d'aloe vera aide \u00e0 apaiser et \u00e0 calmer la peau, en minimisant les irritations et les rougeurs.<\/p>\n<p style=\"text-align: justify;\"><strong>Barri\u00e8re de protection de la peau :<\/strong> Renforce la barri\u00e8re naturelle de la peau, la prot\u00e9geant des facteurs environnementaux nocifs et pr\u00e9venant la perte d'hydratation.<\/p>\n<p style=\"text-align: justify;\"><strong>Belle composition :<\/strong> Adapt\u00e9e \u00e0 un usage quotidien, cette cr\u00e8me l\u00e9g\u00e8re et non grasse p\u00e9n\u00e8tre rapidement sans obstruer les pores, ce qui la rend id\u00e9ale pour tous les types de peau, en particulier les peaux normales \u00e0 s\u00e8ches.<\/p>\n<p style=\"text-align: justify;\">Changez votre routine de soins avec le jus hydratant \u00e0 l'aloe vera de L'Or\u00e9al Paris. Profitez des bienfaits rafra\u00eechissants et nourrissants de l'aloe vera et donnez \u00e0 votre peau l'hydratation dont elle a besoin. Dites adieu \u00e0 la s\u00e9cheresse pour un teint radieux et revitalis\u00e9.<\/p>\n<p style=\"text-align: justify;\">Ne manquez pas l'occasion d'optimiser la sant\u00e9 et l'apparence de votre peau. Essayez le jus hydratant \u00e0 l'aloe vera de L'Or\u00e9al Paris d\u00e8s aujourd'hui et voyez la diff\u00e9rence !<\/p>\n<p dir=\"ltr\" style=\"text-align: center;\">\ud83c\uddec\ud83c\udde7 L'Or\u00e9al Hydra Genius S\u00e9rum Hydratant - Peau normale \u00e0 s\u00e8che<br \/>\n\ud83c\uddeb\ud83c\uddf7 S\u00e9rum Hydratant Hydra Genius L'Or\u00e9al - Peaux Normales \u00e0 S\u00e8ches<\/p>","protected":false},"excerpt":{"rendered":"<p>\u0627\u0643\u062a\u0634\u0641\u064a \u0633\u0631\u0651 \u0628\u0634\u0631\u0629 \u0631\u0637\u0628\u0629 \u0648\u0635\u062d\u064a\u0629 \u0645\u0639 \u062c\u0644 \u0627\u0644\u0635\u0628\u0627\u0631 \u0627\u0644\u0645\u0631\u0637\u0628 \u0645\u0646 \u0644\u0648\u0631\u064a\u0627\u0644 \u0628\u0627\u0631\u064a\u0633 \u0645\u0635\u0645\u0645 \u062e\u0635\u064a\u0635\u0627\u064b \u0644\u0644\u0628\u0634\u0631\u0629 \u0627\u0644\u0639\u0627\u062f\u064a\u0629 \u0625\u0644\u0649 \u0627\u0644\u062c\u0627\u0641\u0629. \u0647\u0630\u0647 \u0627\u0644\u062a\u0631\u0643\u064a\u0628\u0629 \u0627\u0644\u0645\u0646\u0639\u0634\u0629 \u0647\u064a \u0627\u0644\u062d\u0644 \u0627\u0644\u0623\u0645\u062b\u0644 \u0644\u0627\u0633\u062a\u0639\u0627\u062f\u0629 \u062a\u0648\u0627\u0632\u0646 \u0631\u0637\u0648\u0628\u0629 \u0628\u0634\u0631\u062a\u0643\u0650 \u0627\u0644\u0637\u0628\u064a\u0639\u064a\u0629 \u0648\u0627\u0644\u062d\u0641\u0627\u0638 \u0639\u0644\u064a\u0647. \u0627\u0633\u062a\u0645\u062a\u0639\u064a \u0628\u0642\u0648\u0629 \u0627\u0644\u0635\u0628\u0627\u0631 \u0627\u0644\u0645\u0647\u062f\u0626\u0629\u060c \u0627\u0644\u0645\u0639\u0631\u0648\u0641\u0629 \u0628\u062e\u0635\u0627\u0626\u0635\u0647\u0627 \u0627\u0644\u0645\u0631\u0637\u0628\u0629 \u0648\u0627\u0644\u0639\u0644\u0627\u062c\u064a\u0629. \u064a\u064f\u0633\u062a\u062e\u0631\u062c \u0639\u0635\u064a\u0631 \u0627\u0644\u0635\u0628\u0627\u0631 \u0628\u0639\u0646\u0627\u064a\u0629 \u0644\u0644\u062d\u0641\u0627\u0638 \u0639\u0644\u0649 \u0641\u0648\u0627\u0626\u062f\u0647 \u0627\u0644\u0637\u0628\u064a\u0639\u064a\u0629\u060c \u0645\u0645\u0627 \u064a\u0636\u0645\u0646 \u062d\u0635\u0648\u0644 \u0628\u0634\u0631\u062a\u0643\u0650 \u0639\u0644\u0649 \u0623\u0641\u0636\u0644 \u0639\u0646\u0627\u064a\u0629 \u062a\u0633\u062a\u062d\u0642\u0647\u0627. [&hellip;]<\/p>\n","protected":false},"featured_media":28445,"template":"","meta":[],"pwb-brand":[239],"product_brand":[],"product_cat":[1231,1121],"product_tag":[697],"class_list":{"0":"post-28444","1":"product","2":"type-product","3":"status-publish","4":"has-post-thumbnail","6":"pwb-brand-loreal","7":"product_cat-daily-face-care","8":"product_cat-face-moist","9":"product_tag-moisturizing","11":"first","12":"instock","13":"shipping-taxable","14":"purchasable","15":"product-type-variable","16":"has-default-attributes","17":"wvs-archive-product-wrapper"},"brands":[{"id":239,"name":"L'Or\u00e9al Paris","slug":"loreal"}],"_links":{"self":[{"href":"https:\/\/gopinkish.com\/fr\/wp-json\/wp\/v2\/product\/28444","targetHints":{"allow":["GET"]}}],"collection":[{"href":"https:\/\/gopinkish.com\/fr\/wp-json\/wp\/v2\/product"}],"about":[{"href":"https:\/\/gopinkish.com\/fr\/wp-json\/wp\/v2\/types\/product"}],"wp:featuredmedia":[{"embeddable":true,"href":"https:\/\/gopinkish.com\/fr\/wp-json\/wp\/v2\/media\/28445"}],"wp:attachment":[{"href":"https:\/\/gopinkish.com\/fr\/wp-json\/wp\/v2\/media?parent=28444"}],"wp:term":[{"taxonomy":"pwb-brand","embeddable":true,"href":"https:\/\/gopinkish.com\/fr\/wp-json\/wp\/v2\/pwb-brand?post=28444"},{"taxonomy":"product_brand","embeddable":true,"href":"https:\/\/gopinkish.com\/fr\/wp-json\/wp\/v2\/product_brand?post=28444"},{"taxonomy":"product_cat","embeddable":true,"href":"https:\/\/gopinkish.com\/fr\/wp-json\/wp\/v2\/product_cat?post=28444"},{"taxonomy":"product_tag","embeddable":true,"href":"https:\/\/gopinkish.com\/fr\/wp-json\/wp\/v2\/product_tag?post=28444"}],"curies":[{"name":"wp","href":"https:\/\/api.w.org\/{rel}","templated":true}]}}