{"id":28417,"date":"2025-07-10T19:59:38","date_gmt":"2025-07-10T18:59:38","guid":{"rendered":"https:\/\/gopinkish.com\/?post_type=product&#038;p=28417"},"modified":"2026-04-01T18:37:49","modified_gmt":"2026-04-01T17:37:49","slug":"3506770012023","status":"publish","type":"product","link":"https:\/\/gopinkish.com\/fr\/produit\/3506770012023\/","title":{"rendered":"Cr\u00e8me pour les mains \u00e0 la noix de coco biologique pour nourrir les mains extr\u00eamement s\u00e8ches"},"content":{"rendered":"<p style=\"text-align: justify;\">\u0643\u0631\u064a\u0645 \u0644\u0648\u0641\u064a\u0627 \u0627\u0644\u0639\u0636\u0648\u064a \u0644\u0644\u064a\u062f\u064a\u0646 \u0628\u0632\u064a\u062a \u062c\u0648\u0632 \u0627\u0644\u0647\u0646\u062f\u060c 75 \u0645\u0644\u060c \u0645\u062b\u0627\u0644\u064a \u0644\u062a\u063a\u0630\u064a\u0629 \u0627\u0644\u064a\u062f\u064a\u0646 \u0634\u062f\u064a\u062f\u062a\u064a \u0627\u0644\u062c\u0641\u0627\u0641 \u0648\u0645\u0646\u062d\u0647\u0645\u0627 \u0634\u0639\u0648\u0631\u064b\u0627 \u0641\u0648\u0631\u064a\u064b\u0627 \u0628\u0627\u0644\u0631\u0627\u062d\u0629.\u00a0\u0647\u0630\u0627 \u0627\u0644\u0643\u0631\u064a\u0645 \u063a\u0646\u064a \u0628\u0632\u064a\u062a \u062c\u0648\u0632 \u0627\u0644\u0647\u0646\u062f\u060c \u0648\u064a\u062a\u0631\u0643 \u064a\u062f\u064a\u0643\u0650 \u0631\u0637\u0628\u0629 \u0648\u0645\u062d\u0645\u064a\u0629 \u0648\u0646\u0627\u0639\u0645\u0629. \u062a\u0631\u0643\u064a\u0628\u062a\u0647 \u0627\u0644\u063a\u0646\u064a\u0629 \u0648\u0627\u0644\u0643\u0631\u064a\u0645\u064a\u0629 \u062a\u062a\u063a\u0644\u063a\u0644 \u0628\u0633\u0631\u0639\u0629\u060c \u062a\u0627\u0631\u0643\u0629\u064b \u0637\u0628\u0642\u0629 \u0631\u0642\u064a\u0642\u0629 \u0645\u0646 \u0627\u0644\u0639\u0637\u0631 \u0627\u0644\u0645\u0645\u064a\u0632. \u0628\u0627\u0644\u0625\u0636\u0627\u0641\u0629 \u0625\u0644\u0649 \u0645\u0641\u0639\u0648\u0644\u0647 \u0627\u0644\u0645\u0631\u0637\u0628\u060c \u064a\u064f\u0634\u0643\u0644 \u0647\u0630\u0627 \u0627\u0644\u0643\u0631\u064a\u0645 \u062d\u0627\u062c\u0632\u064b\u0627 \u0648\u0627\u0642\u064a\u064b\u0627 \u0636\u062f \u0627\u0644\u0639\u0648\u0627\u0645\u0644 \u0627\u0644\u062e\u0627\u0631\u062c\u064a\u0629 \u0627\u0644\u0636\u0627\u0631\u0629\u060c \u0644\u064a\u062a\u0631\u0643 \u064a\u062f\u064a\u0643\u0650 \u0646\u0627\u0639\u0645\u0629 \u0643\u0627\u0644\u062d\u0631\u064a\u0631.<\/p>\n<p style=\"text-align: justify;\">\u062e\u0627\u0644\u064d \u0645\u0646 \u0627\u0644\u0633\u064a\u0644\u064a\u0643\u0648\u0646.<\/p>\n<p style=\"text-align: justify;\">99% \u0645\u0646 \u0627\u0644\u0645\u0643\u0648\u0646\u0627\u062a \u0637\u0628\u064a\u0639\u064a\u0629.<br \/>\n23% \u0645\u0646 \u0625\u062c\u0645\u0627\u0644\u064a \u0627\u0644\u0645\u0643\u0648\u0646\u0627\u062a \u0645\u0632\u0631\u0648\u0639\u0629 \u0639\u0636\u0648\u064a\u064b\u0627.<\/p>\n<p style=\"text-align: justify;\">\u0645\u0646\u062a\u062c \u0643\u0648\u0632\u0645\u0648\u0633 \u0627\u0644\u0639\u0636\u0648\u064a \u0645\u0639\u062a\u0645\u062f \u0645\u0646 Ecocert Greenlife \u0648\u0641\u0642\u064b\u0627 \u0644\u0645\u0639\u064a\u0627\u0631 \u0643\u0648\u0632\u0645\u0648\u0633.<\/p>\n<p style=\"text-align: justify;\">\u0646\u0628\u0627\u062a\u064a.<\/p>\n<p style=\"text-align: justify;\">Fabriqu\u00e9 en France.<\/p>\n<p dir=\"ltr\" style=\"text-align: center;\">\ud83c\uddec\ud83c\udde7 Lovea Organic Coconut Oil Hand Cream<br \/>\n\ud83c\uddeb\ud83c\uddf7 Cr\u00e8me Mains \u00e0 l\u2019Huile de Coco Bio Lovea<\/p>","protected":false},"excerpt":{"rendered":"<p>\u0643\u0631\u064a\u0645 \u0644\u0648\u0641\u064a\u0627 \u0627\u0644\u0639\u0636\u0648\u064a \u0644\u0644\u064a\u062f\u064a\u0646 \u0628\u0632\u064a\u062a \u062c\u0648\u0632 \u0627\u0644\u0647\u0646\u062f\u060c 75 \u0645\u0644\u060c \u0645\u062b\u0627\u0644\u064a \u0644\u062a\u063a\u0630\u064a\u0629 \u0627\u0644\u064a\u062f\u064a\u0646 \u0634\u062f\u064a\u062f\u062a\u064a \u0627\u0644\u062c\u0641\u0627\u0641 \u0648\u0645\u0646\u062d\u0647\u0645\u0627 \u0634\u0639\u0648\u0631\u064b\u0627 \u0641\u0648\u0631\u064a\u064b\u0627 \u0628\u0627\u0644\u0631\u0627\u062d\u0629.\u00a0\u0647\u0630\u0627 \u0627\u0644\u0643\u0631\u064a\u0645 \u063a\u0646\u064a \u0628\u0632\u064a\u062a \u062c\u0648\u0632 \u0627\u0644\u0647\u0646\u062f\u060c \u0648\u064a\u062a\u0631\u0643 \u064a\u062f\u064a\u0643\u0650 \u0631\u0637\u0628\u0629 \u0648\u0645\u062d\u0645\u064a\u0629 \u0648\u0646\u0627\u0639\u0645\u0629. \u062a\u0631\u0643\u064a\u0628\u062a\u0647 \u0627\u0644\u063a\u0646\u064a\u0629 \u0648\u0627\u0644\u0643\u0631\u064a\u0645\u064a\u0629 \u062a\u062a\u063a\u0644\u063a\u0644 \u0628\u0633\u0631\u0639\u0629\u060c \u062a\u0627\u0631\u0643\u0629\u064b \u0637\u0628\u0642\u0629 \u0631\u0642\u064a\u0642\u0629 \u0645\u0646 \u0627\u0644\u0639\u0637\u0631 \u0627\u0644\u0645\u0645\u064a\u0632. \u0628\u0627\u0644\u0625\u0636\u0627\u0641\u0629 \u0625\u0644\u0649 \u0645\u0641\u0639\u0648\u0644\u0647 \u0627\u0644\u0645\u0631\u0637\u0628\u060c \u064a\u064f\u0634\u0643\u0644 \u0647\u0630\u0627 \u0627\u0644\u0643\u0631\u064a\u0645 \u062d\u0627\u062c\u0632\u064b\u0627 \u0648\u0627\u0642\u064a\u064b\u0627 \u0636\u062f \u0627\u0644\u0639\u0648\u0627\u0645\u0644 \u0627\u0644\u062e\u0627\u0631\u062c\u064a\u0629 \u0627\u0644\u0636\u0627\u0631\u0629\u060c \u0644\u064a\u062a\u0631\u0643 \u064a\u062f\u064a\u0643\u0650 \u0646\u0627\u0639\u0645\u0629 [&hellip;]<\/p>\n","protected":false},"featured_media":28418,"template":"","meta":[],"pwb-brand":[1453],"product_brand":[],"product_cat":[1139],"product_tag":[],"class_list":{"0":"post-28417","1":"product","2":"type-product","3":"status-publish","4":"has-post-thumbnail","6":"pwb-brand-lovea","7":"product_cat-hands-care","9":"first","10":"outofstock","11":"shipping-taxable","12":"product-type-variable","13":"has-default-attributes","14":"wvs-archive-product-wrapper"},"brands":[{"id":1453,"name":"Lovea","slug":"lovea"}],"_links":{"self":[{"href":"https:\/\/gopinkish.com\/fr\/wp-json\/wp\/v2\/product\/28417","targetHints":{"allow":["GET"]}}],"collection":[{"href":"https:\/\/gopinkish.com\/fr\/wp-json\/wp\/v2\/product"}],"about":[{"href":"https:\/\/gopinkish.com\/fr\/wp-json\/wp\/v2\/types\/product"}],"wp:featuredmedia":[{"embeddable":true,"href":"https:\/\/gopinkish.com\/fr\/wp-json\/wp\/v2\/media\/28418"}],"wp:attachment":[{"href":"https:\/\/gopinkish.com\/fr\/wp-json\/wp\/v2\/media?parent=28417"}],"wp:term":[{"taxonomy":"pwb-brand","embeddable":true,"href":"https:\/\/gopinkish.com\/fr\/wp-json\/wp\/v2\/pwb-brand?post=28417"},{"taxonomy":"product_brand","embeddable":true,"href":"https:\/\/gopinkish.com\/fr\/wp-json\/wp\/v2\/product_brand?post=28417"},{"taxonomy":"product_cat","embeddable":true,"href":"https:\/\/gopinkish.com\/fr\/wp-json\/wp\/v2\/product_cat?post=28417"},{"taxonomy":"product_tag","embeddable":true,"href":"https:\/\/gopinkish.com\/fr\/wp-json\/wp\/v2\/product_tag?post=28417"}],"curies":[{"name":"wp","href":"https:\/\/api.w.org\/{rel}","templated":true}]}}