{"id":28402,"date":"2025-07-13T18:35:22","date_gmt":"2025-07-13T17:35:22","guid":{"rendered":"https:\/\/gopinkish.com\/?post_type=product&#038;p=28402"},"modified":"2026-04-04T14:06:59","modified_gmt":"2026-04-04T13:06:59","slug":"6973474683205","status":"publish","type":"product","link":"https:\/\/gopinkish.com\/fr\/produit\/6973474683205\/","title":{"rendered":"Cache-cernes haute couvrance enrichi en huile de squalane"},"content":{"rendered":"<p style=\"text-align: justify;\">Le dernier correcteur \u00e0 pointe min\u00e9rale de Chiglam pr\u00e9sente une formule hautement couvrante avec une pointe min\u00e9rale innovante qui rafra\u00eechit et apaise la zone sous les yeux ! Enrichi en Squalane 100% Huile d'Olive pour minimiser la perte d'eau trans\u00e9pidermique, ce correcteur offre une hydratation sup\u00e9rieure pour un look ultra-naturel et rafra\u00eechi !<\/p>\n<p dir=\"ltr\" style=\"text-align: center;\">\ud83c\uddec\ud83c\udde7 SHEGLAM Bright Eyes Cooling Concealer (correcteur rafra\u00eechissant pour les yeux)<br \/>\n\ud83c\uddeb\ud83c\uddf7 Anti-Cernes Rafra\u00eechissant SHEGLAM<\/p>","protected":false},"excerpt":{"rendered":"<p>\u0623\u062d\u062f\u062b \u062e\u0627\u0641\u064a \u0639\u064a\u0648\u0628 \u0645\u0646 \u0634\u064a\u063a\u0644\u0627\u0645 \u0628\u0637\u0631\u0641 \u0645\u0639\u062f\u0646\u064a \u064a\u062a\u0645\u064a\u0632 \u0628\u062a\u0631\u0643\u064a\u0628\u0629 \u0639\u0627\u0644\u064a\u0629 \u0627\u0644\u062a\u063a\u0637\u064a\u0629\u060c \u0628\u0627\u0644\u0625\u0636\u0627\u0641\u0629 \u0625\u0644\u0649 \u0637\u0631\u0641 \u0645\u0639\u062f\u0646\u064a \u0645\u0628\u062a\u0643\u0631 \u064a\u064f\u0646\u0639\u0634 \u0648\u064a\u0647\u062f\u0626 \u0645\u0646\u0637\u0642\u0629 \u0623\u0633\u0641\u0644 \u0627\u0644\u0639\u064a\u0646\u064a\u0646! \u0645\u064f\u0639\u0632\u0632 \u0628\u0632\u064a\u062a \u0627\u0644\u0632\u064a\u062a\u0648\u0646 \u0633\u0643\u0648\u0627\u0644\u064a\u0646 100% \u0644\u062a\u0642\u0644\u064a\u0644 \u0641\u0642\u062f\u0627\u0646 \u0627\u0644\u0645\u0627\u0621 \u0639\u0628\u0631 \u0627\u0644\u062c\u0644\u062f\u060c \u064a\u064f\u0648\u0641\u0631 \u0647\u0630\u0627 \u0627\u0644\u062e\u0627\u0641\u064a \u062a\u0631\u0637\u064a\u0628\u064b\u0627 \u0641\u0627\u0626\u0642\u064b\u0627 \u0644\u0625\u0637\u0644\u0627\u0644\u0629 \u0637\u0628\u064a\u0639\u064a\u0629 \u0648\u0645\u0646\u062a\u0639\u0634\u0629 \u0644\u0644\u063a\u0627\u064a\u0629! \ud83c\uddec\ud83c\udde7 SHEGLAM Bright Eyes Cooling Concealer \ud83c\uddeb\ud83c\uddf7 Anti-Cernes Rafra\u00eechissant SHEGLAM<\/p>","protected":false},"featured_media":28409,"template":"","meta":[],"pwb-brand":[709],"product_brand":[],"product_cat":[1173],"product_tag":[],"class_list":{"0":"post-28402","1":"product","2":"type-product","3":"status-publish","4":"has-post-thumbnail","6":"pwb-brand-sheglam","7":"product_cat-concealer-makeup","9":"first","10":"instock","11":"shipping-taxable","12":"purchasable","13":"product-type-variable","14":"has-default-attributes","15":"wvs-archive-product-wrapper"},"brands":[{"id":709,"name":"Sheglam","slug":"sheglam"}],"_links":{"self":[{"href":"https:\/\/gopinkish.com\/fr\/wp-json\/wp\/v2\/product\/28402","targetHints":{"allow":["GET"]}}],"collection":[{"href":"https:\/\/gopinkish.com\/fr\/wp-json\/wp\/v2\/product"}],"about":[{"href":"https:\/\/gopinkish.com\/fr\/wp-json\/wp\/v2\/types\/product"}],"wp:featuredmedia":[{"embeddable":true,"href":"https:\/\/gopinkish.com\/fr\/wp-json\/wp\/v2\/media\/28409"}],"wp:attachment":[{"href":"https:\/\/gopinkish.com\/fr\/wp-json\/wp\/v2\/media?parent=28402"}],"wp:term":[{"taxonomy":"pwb-brand","embeddable":true,"href":"https:\/\/gopinkish.com\/fr\/wp-json\/wp\/v2\/pwb-brand?post=28402"},{"taxonomy":"product_brand","embeddable":true,"href":"https:\/\/gopinkish.com\/fr\/wp-json\/wp\/v2\/product_brand?post=28402"},{"taxonomy":"product_cat","embeddable":true,"href":"https:\/\/gopinkish.com\/fr\/wp-json\/wp\/v2\/product_cat?post=28402"},{"taxonomy":"product_tag","embeddable":true,"href":"https:\/\/gopinkish.com\/fr\/wp-json\/wp\/v2\/product_tag?post=28402"}],"curies":[{"name":"wp","href":"https:\/\/api.w.org\/{rel}","templated":true}]}}