{"id":28370,"date":"2025-07-13T16:57:05","date_gmt":"2025-07-13T15:57:05","guid":{"rendered":"https:\/\/gopinkish.com\/?post_type=product&#038;p=28370"},"modified":"2025-11-26T11:48:09","modified_gmt":"2025-11-26T10:48:09","slug":"8809416470191","status":"publish","type":"product","link":"https:\/\/gopinkish.com\/fr\/produit\/8809416470191\/","title":{"rendered":"SPF50+\/PA+++ Cr\u00e8me solaire apaisante \u00e0 l'extrait d'aloe vera"},"content":{"rendered":"<p style=\"text-align: justify;\">Formul\u00e9e \u00e0 partir d'extraits de feuilles d'aloe vera, cette cr\u00e8me solaire quotidienne apaisante est l\u00e9g\u00e8re, hydratante et ne laisse aucun r\u00e9sidu blanc. Con\u00e7ue pour \u00eatre facile \u00e0 transporter, la cr\u00e8me solaire apaisante COSRX Aloe Vera peut \u00eatre emport\u00e9e partout et appliqu\u00e9e en couche suppl\u00e9mentaire \u00e0 tout moment.<\/p>\n<p style=\"text-align: justify;\"><strong>Avantages :<br \/>\n<\/strong>- Bloque les rayons UV<br \/>\n- Apaise et hydrate la peau<br \/>\n- Texture l\u00e9g\u00e8re<\/p>\n<p dir=\"ltr\" style=\"text-align: center;\">\ud83c\uddec\ud83c\udde7 COSRX Cr\u00e8me solaire apaisante \u00e0 l'alo\u00e8s SPF50+ PA+++<br \/>\n\ud83c\uddeb\ud83c\uddf7 Cr\u00e8me Solaire Apaisante \u00e0 l'Aloe COSRX SPF50+ PA+++<\/p>","protected":false},"excerpt":{"rendered":"<p>\u0645\u064f\u0635\u0645\u0645 \u0628\u0645\u0633\u062a\u062e\u0644\u0635 \u0623\u0648\u0631\u0627\u0642 \u0627\u0644\u0635\u0628\u0627\u0631\u060c \u064a\u062a\u0645\u064a\u0632 \u0648\u0627\u0642\u064a \u0627\u0644\u0634\u0645\u0633 \u0627\u0644\u064a\u0648\u0645\u064a \u0627\u0644\u0645\u064f\u0647\u062f\u0626 \u0628\u0648\u0632\u0646\u0647 \u0627\u0644\u062e\u0641\u064a\u0641 \u0627\u0644\u0630\u064a \u064a\u064f\u0639\u0637\u064a \u0634\u0639\u0648\u0631\u064b\u0627 \u0628\u0627\u0644\u062a\u0631\u0637\u064a\u0628\u060c \u0648\u0644\u0627 \u064a\u062a\u0631\u0643 \u0623\u064a \u0623\u062b\u0631 \u0623\u0628\u064a\u0636. \u0635\u064f\u0645\u0645 \u0644\u064a\u0643\u0648\u0646 \u0633\u0647\u0644 \u0627\u0644\u062d\u0645\u0644\u060c \u062d\u064a\u062b \u064a\u064f\u0645\u0643\u0646\u0643 \u062d\u0645\u0644 \u0643\u0631\u064a\u0645 \u0627\u0644\u0634\u0645\u0633 \u0627\u0644\u0645\u064f\u0647\u062f\u0626 \u0628\u0627\u0644\u0623\u0644\u0648\u0641\u064a\u0631\u0627 \u0645\u0646 COSRX \u0628\u0633\u0647\u0648\u0644\u0629 \u0641\u064a \u0623\u064a \u0645\u0643\u0627\u0646 \u0648\u0648\u0636\u0639 \u0637\u0628\u0642\u0629 \u0625\u0636\u0627\u0641\u064a\u0629 \u0645\u0646\u0647 \u0641\u064a \u0623\u064a \u0648\u0642\u062a. \u0627\u0644\u0641\u0648\u0627\u0626\u062f: \u2022 \u064a\u062d\u062c\u0628 \u0627\u0644\u0623\u0634\u0639\u0629 \u0641\u0648\u0642 \u0627\u0644\u0628\u0646\u0641\u0633\u062c\u064a\u0629 \u2022 \u064a\u0647\u062f\u0626 \u0648\u064a\u0631\u0637\u0628 \u0627\u0644\u0628\u0634\u0631\u0629 \u2022 [&hellip;]<\/p>\n","protected":false},"featured_media":28376,"template":"","meta":[],"pwb-brand":[722],"product_brand":[],"product_cat":[1121,1144],"product_tag":[697,763,717],"class_list":{"0":"post-28370","1":"product","2":"type-product","3":"status-publish","4":"has-post-thumbnail","6":"pwb-brand-cosrx","7":"product_cat-face-moist","8":"product_cat-face-sunscreen","9":"product_tag-moisturizing","10":"product_tag-korean-product-2","11":"product_tag-717","13":"first","14":"outofstock","15":"shipping-taxable","16":"product-type-variable","17":"has-default-attributes","18":"wvs-archive-product-wrapper"},"brands":[{"id":722,"name":"Cosrx","slug":"cosrx"}],"_links":{"self":[{"href":"https:\/\/gopinkish.com\/fr\/wp-json\/wp\/v2\/product\/28370","targetHints":{"allow":["GET"]}}],"collection":[{"href":"https:\/\/gopinkish.com\/fr\/wp-json\/wp\/v2\/product"}],"about":[{"href":"https:\/\/gopinkish.com\/fr\/wp-json\/wp\/v2\/types\/product"}],"wp:featuredmedia":[{"embeddable":true,"href":"https:\/\/gopinkish.com\/fr\/wp-json\/wp\/v2\/media\/28376"}],"wp:attachment":[{"href":"https:\/\/gopinkish.com\/fr\/wp-json\/wp\/v2\/media?parent=28370"}],"wp:term":[{"taxonomy":"pwb-brand","embeddable":true,"href":"https:\/\/gopinkish.com\/fr\/wp-json\/wp\/v2\/pwb-brand?post=28370"},{"taxonomy":"product_brand","embeddable":true,"href":"https:\/\/gopinkish.com\/fr\/wp-json\/wp\/v2\/product_brand?post=28370"},{"taxonomy":"product_cat","embeddable":true,"href":"https:\/\/gopinkish.com\/fr\/wp-json\/wp\/v2\/product_cat?post=28370"},{"taxonomy":"product_tag","embeddable":true,"href":"https:\/\/gopinkish.com\/fr\/wp-json\/wp\/v2\/product_tag?post=28370"}],"curies":[{"name":"wp","href":"https:\/\/api.w.org\/{rel}","templated":true}]}}