{"id":28360,"date":"2025-07-15T16:44:40","date_gmt":"2025-07-15T15:44:40","guid":{"rendered":"https:\/\/gopinkish.com\/?post_type=product&#038;p=28360"},"modified":"2025-08-06T00:00:20","modified_gmt":"2025-08-05T23:00:20","slug":"3337875765596","status":"publish","type":"product","link":"https:\/\/gopinkish.com\/fr\/produit\/3337875765596\/","title":{"rendered":"Lotion hydratante \u00e0 protection solaire maximale"},"content":{"rendered":"<p style=\"text-align: justify;\">Choisir une protection solaire efficace sans nuire \u00e0 l'environnement, c'est d\u00e9sormais possible avec la lotion solaire \u00e9co-con\u00e7ue Capital Soleil SPF50+. Cette lotion combine une formule biod\u00e9gradable test\u00e9e en mer et un tube en carton qui r\u00e9duit consid\u00e9rablement l'utilisation du plastique. Contribuez concr\u00e8tement \u00e0 la pr\u00e9servation des oc\u00e9ans tout en prot\u00e9geant efficacement votre peau du soleil.<\/p>\n<p dir=\"ltr\" style=\"text-align: center;\">\ud83c\uddec\ud83c\udde7 Vichy Capital Soleil Lait solaire \u00e9co-con\u00e7u SPF50+ - Visage et corps<br \/>\n\ud83c\uddeb\ud83c\uddf7 Lait Solaire \u00c9co-Con\u00e7u Capital Soleil Vichy SPF50+ - Visage &amp; Corps<\/p>","protected":false},"excerpt":{"rendered":"<p>\u0623\u0635\u0628\u062d \u0627\u062e\u062a\u064a\u0627\u0631 \u062d\u0645\u0627\u064a\u0629 \u0641\u0639\u0651\u0627\u0644\u0629 \u0645\u0646 \u0627\u0644\u0634\u0645\u0633 \u062f\u0648\u0646 \u0627\u0644\u0625\u0636\u0631\u0627\u0631 \u0628\u0627\u0644\u0628\u064a\u0626\u0629 \u0645\u0645\u0643\u0646\u064b\u0627 \u0628\u0641\u0636\u0644 \u0644\u0648\u0634\u0646 \u0627\u0644\u062d\u0645\u0627\u064a\u0629 \u0645\u0646 \u0627\u0644\u0634\u0645\u0633 &#8220;\u0643\u0627\u0628\u064a\u062a\u0627\u0644 \u0633\u0648\u0644\u064a\u0647&#8221; SPF50+ \u0627\u0644\u0645\u0635\u0645\u0645 \u0628\u064a\u0626\u064a\u064b\u0627. \u064a\u062c\u0645\u0639 \u0647\u0630\u0627 \u0627\u0644\u0644\u0648\u0634\u0646 \u0628\u064a\u0646 \u062a\u0631\u0643\u064a\u0628\u0629 \u0645\u064f\u062e\u062a\u0628\u0631\u0629 \u0641\u064a \u0627\u0644\u0628\u064a\u0626\u0627\u062a \u0627\u0644\u0628\u062d\u0631\u064a\u0629 \u0648\u0642\u0627\u0628\u0644\u0629 \u0644\u0644\u062a\u062d\u0644\u0644 \u0627\u0644\u062d\u064a\u0648\u064a\u060c \u0648\u0623\u0646\u0628\u0648\u0628 \u0645\u0646 \u0627\u0644\u0648\u0631\u0642 \u0627\u0644\u0645\u0642\u0648\u0649 \u064a\u064f\u0642\u0644\u0644 \u0628\u0634\u0643\u0644 \u0643\u0628\u064a\u0631 \u0645\u0646 \u0627\u0633\u062a\u062e\u062f\u0627\u0645 \u0627\u0644\u0628\u0644\u0627\u0633\u062a\u064a\u0643. \u0633\u0627\u0647\u0645 \u0628\u0634\u0643\u0644 \u0645\u0644\u0645\u0648\u0633 \u0641\u064a \u0627\u0644\u062d\u0641\u0627\u0638 \u0639\u0644\u0649 \u0627\u0644\u0645\u062d\u064a\u0637\u0627\u062a\u060c \u0645\u0639 \u062d\u0645\u0627\u064a\u0629 \u0628\u0634\u0631\u062a\u0643 \u0628\u0641\u0639\u0627\u0644\u064a\u0629 \u0645\u0646 \u0627\u0644\u0634\u0645\u0633. [&hellip;]<\/p>\n","protected":false},"featured_media":28361,"template":"","meta":[],"pwb-brand":[243],"product_brand":[],"product_cat":[1144],"product_tag":[],"class_list":{"0":"post-28360","1":"product","2":"type-product","3":"status-publish","4":"has-post-thumbnail","6":"pwb-brand-vichy","7":"product_cat-face-sunscreen","9":"first","10":"instock","11":"shipping-taxable","12":"purchasable","13":"product-type-variable","14":"has-default-attributes","15":"wvs-archive-product-wrapper"},"brands":[{"id":243,"name":"Vichy","slug":"vichy"}],"_links":{"self":[{"href":"https:\/\/gopinkish.com\/fr\/wp-json\/wp\/v2\/product\/28360","targetHints":{"allow":["GET"]}}],"collection":[{"href":"https:\/\/gopinkish.com\/fr\/wp-json\/wp\/v2\/product"}],"about":[{"href":"https:\/\/gopinkish.com\/fr\/wp-json\/wp\/v2\/types\/product"}],"wp:featuredmedia":[{"embeddable":true,"href":"https:\/\/gopinkish.com\/fr\/wp-json\/wp\/v2\/media\/28361"}],"wp:attachment":[{"href":"https:\/\/gopinkish.com\/fr\/wp-json\/wp\/v2\/media?parent=28360"}],"wp:term":[{"taxonomy":"pwb-brand","embeddable":true,"href":"https:\/\/gopinkish.com\/fr\/wp-json\/wp\/v2\/pwb-brand?post=28360"},{"taxonomy":"product_brand","embeddable":true,"href":"https:\/\/gopinkish.com\/fr\/wp-json\/wp\/v2\/product_brand?post=28360"},{"taxonomy":"product_cat","embeddable":true,"href":"https:\/\/gopinkish.com\/fr\/wp-json\/wp\/v2\/product_cat?post=28360"},{"taxonomy":"product_tag","embeddable":true,"href":"https:\/\/gopinkish.com\/fr\/wp-json\/wp\/v2\/product_tag?post=28360"}],"curies":[{"name":"wp","href":"https:\/\/api.w.org\/{rel}","templated":true}]}}