{"id":28328,"date":"2025-07-15T15:28:45","date_gmt":"2025-07-15T14:28:45","guid":{"rendered":"https:\/\/gopinkish.com\/?post_type=product&#038;p=28328"},"modified":"2025-08-17T14:25:37","modified_gmt":"2025-08-17T13:25:37","slug":"3600523363339","status":"publish","type":"product","link":"https:\/\/gopinkish.com\/fr\/produit\/3600523363339\/","title":{"rendered":"Gel hydratant l\u00e9ger, non gras, \u00e0 base d'eau, pour les peaux normales \u00e0 mixtes."},"content":{"rendered":"<p style=\"text-align: justify;\">Un hydratant l\u00e9ger pour le visage : Hydratant \u00e0 base d'eau, de texture l\u00e9g\u00e8re et non grasse, qui procure une hydratation compl\u00e8te, mais sous la forme d'un gel facial \u00e0 absorption rapide, semblable \u00e0 de l'eau. Laisse la peau hydrat\u00e9e, rafra\u00eechie et \u00e9clatante. Un hydratant liquide pour les peaux normales \u00e0 mixtes : Formul\u00e9 avec de l'acide hyaluronique et de l'eau d'aloe vera, ce soin hydratant l\u00e9ger pour le visage absorbe rapidement l'eau et maintient l'hydratation de la peau jusqu'\u00e0 72 heures. Une nouvelle fa\u00e7on d'hydrater instantan\u00e9ment et en profondeur votre peau pour un teint frais et \u00e9clatant. Inspir\u00e9 des soins asiatiques, il offre une hydratation pure qui p\u00e9n\u00e8tre rapidement et en profondeur, sans surcharger la peau.<\/p>\n<p style=\"text-align: justify;\">Des ingr\u00e9dients qui retiennent l'eau : 1- L'Aloe Vera pur, connu pour ses propri\u00e9t\u00e9s hydratantes et riche en min\u00e9raux essentiels. 2- L'acide hyaluronique, un actif capable de retenir 1000 fois son poids en eau. - Une hydratation instantan\u00e9e et durable et des r\u00e9sultats visibles. - La peau est imm\u00e9diatement plus fra\u00eeche, plus lisse et plus \u00e9lastique. - Utilis\u00e9 en post-application, le produit p\u00e9n\u00e8tre dans la peau pour une hydratation intense et durable, pour un teint plus \u00e9clatant.<\/p>\n<p style=\"text-align: justify;\">Les engagements de L'Or\u00e9al Paris en mati\u00e8re de soins : - Les produits de soins sont \u00e9valu\u00e9s pour leur tol\u00e9rance sur tous les types de peaux, m\u00eame sensibles, et sont test\u00e9s sous la supervision de dermatologues avec au moins 600 applications. - Leur efficacit\u00e9 a \u00e9t\u00e9 prouv\u00e9e par des \u00e9tudes cliniques ou des \u00e9tudes consommateurs men\u00e9es par des instituts ind\u00e9pendants.<\/p>\n<p dir=\"ltr\" style=\"text-align: center;\">\ud83c\uddec\ud83c\udde7 L'Or\u00e9al Paris Hydra Genius Daily Liquid Care Moisturiser - Aloe Water<br \/>\n\ud83c\uddeb\ud83c\uddf7 Soin Hydratant Quotidien Hydra Genius L'Or\u00e9al Paris - Eau d'Aloe<\/p>","protected":false},"excerpt":{"rendered":"<p>\u0645\u0631\u0637\u0628 \u062e\u0641\u064a\u0641 \u0644\u0644\u0648\u062c\u0647: \u0645\u0631\u0637\u0628 \u0645\u0627\u0626\u064a \u0630\u0648 \u0642\u0648\u0627\u0645 \u062e\u0641\u064a\u0641 \u0648\u063a\u064a\u0631 \u062f\u0647\u0646\u064a\u060c \u064a\u0645\u0646\u062d \u0627\u0644\u0628\u0634\u0631\u0629 \u062a\u0631\u0637\u064a\u0628\u064b\u0627 \u0643\u0627\u0645\u0644\u064b\u0627\u060c \u0648\u0644\u0643\u0646 \u0639\u0644\u0649 \u0634\u0643\u0644 \u062c\u0644 \u0645\u0631\u0637\u0628 \u0644\u0644\u0648\u062c\u0647 \u0633\u0631\u064a\u0639 \u0627\u0644\u0627\u0645\u062a\u0635\u0627\u0635 \u064a\u0634\u0628\u0647 \u0627\u0644\u0645\u0627\u0621. \u064a\u062a\u0631\u0643 \u0627\u0644\u0628\u0634\u0631\u0629 \u0631\u0637\u0628\u0629 \u0648\u0645\u0646\u062a\u0639\u0634\u0629 \u0648\u0645\u0634\u0631\u0642\u0629. \u0645\u0631\u0637\u0628 \u0633\u0627\u0626\u0644 \u0644\u0644\u0628\u0634\u0631\u0629 \u0627\u0644\u0639\u0627\u062f\u064a\u0629 \u0625\u0644\u0649 \u0627\u0644\u0645\u062e\u062a\u0644\u0637\u0629: \u0645\u064f\u0635\u0645\u0645 \u0628\u062d\u0645\u0636 \u0627\u0644\u0647\u064a\u0627\u0644\u0648\u0631\u0648\u0646\u064a\u0643 \u0648\u0645\u0627\u0621 \u0627\u0644\u0635\u0628\u0627\u0631\u060c \u0645\u0631\u0637\u0628 \u0627\u0644\u0648\u062c\u0647 \u062e\u0641\u064a\u0641 \u0627\u0644\u0648\u0632\u0646\u060c \u064a\u0648\u0641\u0631 \u062a\u0631\u0637\u064a\u0628\u064b\u0627 \u0633\u0631\u064a\u0639 \u0627\u0644\u0627\u0645\u062a\u0635\u0627\u0635\u060c \u0648\u064a\u062d\u0627\u0641\u0638 \u0639\u0644\u0649 \u062a\u0631\u0637\u064a\u0628 \u0627\u0644\u0628\u0634\u0631\u0629 \u0644\u0645\u062f\u0629 \u062a\u0635\u0644 \u0625\u0644\u0649 [&hellip;]<\/p>\n","protected":false},"featured_media":28330,"template":"","meta":[],"pwb-brand":[239],"product_brand":[],"product_cat":[1121,1231],"product_tag":[697],"class_list":{"0":"post-28328","1":"product","2":"type-product","3":"status-publish","4":"has-post-thumbnail","6":"pwb-brand-loreal","7":"product_cat-face-moist","8":"product_cat-daily-face-care","9":"product_tag-moisturizing","11":"first","12":"outofstock","13":"shipping-taxable","14":"product-type-variable","15":"has-default-attributes","16":"wvs-archive-product-wrapper"},"brands":[{"id":239,"name":"L'Or\u00e9al Paris","slug":"loreal"}],"_links":{"self":[{"href":"https:\/\/gopinkish.com\/fr\/wp-json\/wp\/v2\/product\/28328","targetHints":{"allow":["GET"]}}],"collection":[{"href":"https:\/\/gopinkish.com\/fr\/wp-json\/wp\/v2\/product"}],"about":[{"href":"https:\/\/gopinkish.com\/fr\/wp-json\/wp\/v2\/types\/product"}],"wp:featuredmedia":[{"embeddable":true,"href":"https:\/\/gopinkish.com\/fr\/wp-json\/wp\/v2\/media\/28330"}],"wp:attachment":[{"href":"https:\/\/gopinkish.com\/fr\/wp-json\/wp\/v2\/media?parent=28328"}],"wp:term":[{"taxonomy":"pwb-brand","embeddable":true,"href":"https:\/\/gopinkish.com\/fr\/wp-json\/wp\/v2\/pwb-brand?post=28328"},{"taxonomy":"product_brand","embeddable":true,"href":"https:\/\/gopinkish.com\/fr\/wp-json\/wp\/v2\/product_brand?post=28328"},{"taxonomy":"product_cat","embeddable":true,"href":"https:\/\/gopinkish.com\/fr\/wp-json\/wp\/v2\/product_cat?post=28328"},{"taxonomy":"product_tag","embeddable":true,"href":"https:\/\/gopinkish.com\/fr\/wp-json\/wp\/v2\/product_tag?post=28328"}],"curies":[{"name":"wp","href":"https:\/\/api.w.org\/{rel}","templated":true}]}}