{"id":28286,"date":"2026-04-24T17:13:48","date_gmt":"2026-04-24T16:13:48","guid":{"rendered":"https:\/\/gopinkish.com\/?post_type=product&#038;p=28286"},"modified":"2026-04-25T21:02:17","modified_gmt":"2026-04-25T20:02:17","slug":"8809700320812","status":"publish","type":"product","link":"https:\/\/gopinkish.com\/fr\/produit\/8809700320812\/","title":{"rendered":"Traitement anti-\u00e2ge \u00e0 base de r\u00e9tinol pur et de Matrixyl pour raffermir et hydrater."},"content":{"rendered":"<p style=\"text-align: justify;\">Am\u00e9liorez l'\u00e9lasticit\u00e9 et la texture de votre peau gr\u00e2ce \u00e0 ce puissant traitement anti-\u00e2ge, qui contient 0,1% de r\u00e9tinol pur et 3% de Matrixyl\u00ae 3000. Sa formule unique contient des particules ultrafines pour une absorption en profondeur et une hydratation radieuse.<\/p>\n<p style=\"text-align: justify;\"><strong>Avantages : <\/strong><\/p>\n<p style=\"text-align: justify;\">- Un booster anti-\u00e2ge, formul\u00e9 avec 0,1% de r\u00e9tinol pur et 3% de Matrixyl\u00ae 3000, qui aide \u00e0 renforcer l'\u00e9lasticit\u00e9 de la peau et \u00e0 pr\u00e9venir l'apparition des rides et des ridules.<\/p>\n<p style=\"text-align: justify;\">- Contient 20 250 A-Shot\u2122, des microparticules qui aident \u00e0 stimuler la peau terne et favorisent l'absorption des ingr\u00e9dients actifs.<\/p>\n<p style=\"text-align: justify;\">- Hydrate en profondeur gr\u00e2ce \u00e0 1% de vitamine B5 Panth\u00e9nol.<\/p>\n<p style=\"text-align: justify;\">- La texture hautement concentr\u00e9e donne \u00e0 la peau un fini rafra\u00eechissant.<\/p>\n<p dir=\"ltr\" style=\"text-align: center;\">\ud83c\uddec\ud83c\udde7 Celimax THE-A Retinal Shot Booster Serum<br \/>\n\ud83c\uddeb\ud83c\uddf7 S\u00e9rum Booster au R\u00e9tinal THE-A Celimax<\/p>","protected":false},"excerpt":{"rendered":"<p>\u0639\u0632\u0632\u064a \u0645\u0631\u0648\u0646\u0629 \u0628\u0634\u0631\u062a\u0643\u0650 \u0648\u0645\u0644\u0645\u0633\u0647\u0627 \u0645\u0639 \u0647\u0630\u0627 \u0627\u0644\u0639\u0644\u0627\u062c \u0627\u0644\u0641\u0639\u0627\u0644 \u0627\u0644\u0645\u0636\u0627\u062f \u0644\u0644\u0634\u064a\u062e\u0648\u062e\u0629\u060c \u0648\u0627\u0644\u0630\u064a \u064a\u062d\u062a\u0648\u064a \u0639\u0644\u0649 0.1% \u0631\u064a\u062a\u064a\u0646\u0648\u0644 \u0646\u0642\u064a \u06483% \u0645\u0627\u062a\u0631\u064a\u0643\u0633\u064a\u0644\u00ae 3000. \u062a\u062a\u0645\u064a\u0632 \u062a\u0631\u0643\u064a\u0628\u062a\u0647 \u0627\u0644\u0641\u0631\u064a\u062f\u0629 \u0628\u062c\u0632\u064a\u0626\u0627\u062a \u062f\u0642\u064a\u0642\u0629 \u0644\u0644\u063a\u0627\u064a\u0629 \u0644\u0627\u0645\u062a\u0635\u0627\u0635 \u0639\u0645\u064a\u0642 \u0648\u062a\u0631\u0637\u064a\u0628 \u0645\u062a\u0623\u0644\u0642. \u0627\u0644\u0641\u0648\u0627\u0626\u062f: &#8211; \u0645\u0639\u0632\u0632 \u0644\u0645\u0643\u0627\u0641\u062d\u0629 \u0627\u0644\u0634\u064a\u062e\u0648\u062e\u0629\u060c \u0645\u064f\u0631\u0643\u0651\u0628 \u0645\u0646 0.1% \u0631\u064a\u062a\u064a\u0646\u0648\u0644 \u0646\u0642\u064a \u06483% \u0645\u0627\u062a\u0631\u064a\u0643\u0633\u064a\u0644\u00ae 3000\u060c \u0645\u0645\u0627 \u064a\u064f\u0633\u0627\u0639\u062f \u0639\u0644\u0649 \u062a\u0639\u0632\u064a\u0632 \u0645\u0631\u0648\u0646\u0629 \u0627\u0644\u0628\u0634\u0631\u0629 \u0648\u0645\u0646\u0639 \u0638\u0647\u0648\u0631 \u0627\u0644\u062a\u062c\u0627\u0639\u064a\u062f \u0648\u0627\u0644\u062e\u0637\u0648\u0637 \u0627\u0644\u062f\u0642\u064a\u0642\u0629. &#8211; \u064a\u062d\u062a\u0648\u064a [&hellip;]<\/p>\n","protected":false},"featured_media":28287,"template":"","meta":[],"pwb-brand":[1450],"product_brand":[],"product_cat":[1227],"product_tag":[672,697,1013],"class_list":{"0":"post-28286","1":"product","2":"type-product","3":"status-publish","4":"has-post-thumbnail","6":"pwb-brand-celimax","7":"product_cat-face-renew","8":"product_tag-wrinkles","9":"product_tag-moisturizing","10":"product_tag-1013","12":"first","13":"instock","14":"shipping-taxable","15":"purchasable","16":"product-type-variable","17":"has-default-attributes","18":"wvs-archive-product-wrapper"},"brands":[{"id":1450,"name":"Celimax","slug":"celimax"}],"_links":{"self":[{"href":"https:\/\/gopinkish.com\/fr\/wp-json\/wp\/v2\/product\/28286","targetHints":{"allow":["GET"]}}],"collection":[{"href":"https:\/\/gopinkish.com\/fr\/wp-json\/wp\/v2\/product"}],"about":[{"href":"https:\/\/gopinkish.com\/fr\/wp-json\/wp\/v2\/types\/product"}],"wp:featuredmedia":[{"embeddable":true,"href":"https:\/\/gopinkish.com\/fr\/wp-json\/wp\/v2\/media\/28287"}],"wp:attachment":[{"href":"https:\/\/gopinkish.com\/fr\/wp-json\/wp\/v2\/media?parent=28286"}],"wp:term":[{"taxonomy":"pwb-brand","embeddable":true,"href":"https:\/\/gopinkish.com\/fr\/wp-json\/wp\/v2\/pwb-brand?post=28286"},{"taxonomy":"product_brand","embeddable":true,"href":"https:\/\/gopinkish.com\/fr\/wp-json\/wp\/v2\/product_brand?post=28286"},{"taxonomy":"product_cat","embeddable":true,"href":"https:\/\/gopinkish.com\/fr\/wp-json\/wp\/v2\/product_cat?post=28286"},{"taxonomy":"product_tag","embeddable":true,"href":"https:\/\/gopinkish.com\/fr\/wp-json\/wp\/v2\/product_tag?post=28286"}],"curies":[{"name":"wp","href":"https:\/\/api.w.org\/{rel}","templated":true}]}}