{"id":28277,"date":"2025-07-14T16:57:35","date_gmt":"2025-07-14T15:57:35","guid":{"rendered":"https:\/\/gopinkish.com\/?post_type=product&#038;p=28277"},"modified":"2025-08-16T11:54:35","modified_gmt":"2025-08-16T10:54:35","slug":"8809828412048","status":"publish","type":"product","link":"https:\/\/gopinkish.com\/fr\/produit\/8809828412048\/","title":{"rendered":"Cr\u00e8me \u00e9claircissante et anti-taches \u00e0 la vitamine C"},"content":{"rendered":"<p style=\"text-align: justify;\">\u062a\u0645\u062a \u062a\u0631\u0642\u064a\u0629 \u0643\u0631\u064a\u0645 Green Tangerine Vita C Dark Spot Care \u0628\u0645\u0636\u0627\u0639\u0641\u0629 \u0641\u064a\u062a\u0627\u0645\u064a\u0646 C \u0644\u0644\u0645\u0633\u0627\u0639\u062f\u0629 \u0641\u064a \u062a\u0641\u062a\u064a\u062d \u0644\u0648\u0646 \u0628\u0634\u0631\u062a\u0643 \u0648\u062a\u0648\u062d\u064a\u062f \u0644\u0648\u0646\u0647\u0627. \u064a\u062a\u0643\u0648\u0646 \u0645\u0646 67% \u0645\u0646 \u0645\u0633\u062a\u062e\u0644\u0635\u0627\u062a \u0627\u0644\u064a\u0648\u0633\u0641\u064a \u0627\u0644\u0623\u062e\u0636\u0631 \u0627\u0644\u0645\u0646\u0634\u0637\u0629\u060c \u062c\u0646\u0628\u064b\u0627 \u0625\u0644\u0649 \u062c\u0646\u0628 \u0645\u0639 \u0623\u0631\u0628\u0648\u062a\u064a\u0646 \u0645\u0646\u064a\u0631 \u0627\u0644\u0628\u0634\u0631\u0629 \u0627\u0644\u0637\u0628\u064a\u0639\u064a \u0648\u0641\u064a\u062a\u0627\u0645\u064a\u0646 \u0628 \u0648\u0627\u0644\u0646\u064a\u0627\u0633\u064a\u0646\u0627\u0645\u064a\u062f\u060c \u0641\u0647\u0648 \u064a\u0648\u0641\u0631 \u062a\u0631\u0637\u064a\u0628\u064b\u0627 \u0637\u0648\u064a\u0644 \u0627\u0644\u0623\u0645\u062f \u0648\u0628\u0634\u0631\u0629 \u0645\u062a\u0648\u0647\u062c\u0629 \u0648\u0623\u0643\u062b\u0631 \u0625\u0634\u0631\u0627\u0642\u064b\u0627. \u064a\u062a\u0648\u0641\u0631 \u0627\u0644\u064a\u0648\u0633\u0641\u064a \u0627\u0644\u0623\u062e\u0636\u0631 \u0644\u0645\u062f\u0629 4 \u0623\u0633\u0627\u0628\u064a\u0639 \u0641\u0642\u0637 \u0641\u064a \u0627\u0644\u0633\u0646\u0629\u060c \u0648\u064a\u062d\u062a\u0648\u064a \u0639\u0644\u0649 10 \u0623\u0636\u0639\u0627\u0641 \u0641\u064a\u062a\u0627\u0645\u064a\u0646 C \u0627\u0644\u0637\u0628\u064a\u0639\u064a \u0627\u0644\u0645\u0648\u062c\u0648\u062f \u0641\u064a \u0627\u0644\u064a\u0648\u0633\u0641\u064a \u0627\u0644\u0646\u0627\u0636\u062c. \u0641\u064a\u062a\u0627\u0645\u064a\u0646 C \u0627\u0644\u0645\u0633\u062a\u062e\u062f\u0645 \u0641\u064a \u062e\u0637 \u0627\u0644\u064a\u0648\u0633\u0641\u064a \u0627\u0644\u0623\u062e\u0636\u0631 \u0645\u0646 \u062c\u0648\u062f\u0627\u0644\u060c \u0623\u0633\u0643\u0648\u0631\u0628\u064a\u0644 \u062c\u0644\u0648\u0643\u0648\u0632\u064a\u062f\u060c \u062b\u0627\u0628\u062a \u0636\u062f \u0627\u0644\u0636\u0648\u0621 \u0648\u063a\u064a\u0631 \u0645\u0647\u064a\u062c. \u064a\u0639\u0645\u0644 \u0643\u0631\u064a\u0645 \u0641\u064a\u062a\u0627 \u0633\u064a \u0645\u0639 \u0627\u0644\u0623\u0631\u0628\u0648\u062a\u064a\u0646 (\u0645\u0641\u062a\u062d \u0627\u0644\u0628\u0634\u0631\u0629 \u0627\u0644\u0637\u0628\u064a\u0639\u064a) \u0648\u0627\u0644\u0646\u064a\u0627\u0633\u064a\u0646\u0627\u0645\u064a\u062f (\u0641\u064a\u062a\u0627\u0645\u064a\u0646 \u0628) \u0639\u0644\u0649 \u062a\u0648\u0641\u064a\u0631 \u062a\u0631\u0637\u064a\u0628 \u0637\u0648\u064a\u0644 \u0627\u0644\u0623\u0645\u062f \u0648\u0644\u0648\u0646 \u0628\u0634\u0631\u0629 \u0623\u0643\u062b\u0631 \u0625\u0634\u0631\u0627\u0642\u064b\u0627 \u0648\u0623\u0643\u062b\u0631 \u062a\u0646\u0627\u0633\u0642\u064b\u0627.<\/p>\n<p style=\"text-align: justify;\">\u0631\u0627\u0626\u0639 \u0644\u062c\u0645\u064a\u0639 \u0623\u0646\u0648\u0627\u0639 \u0627\u0644\u0628\u0634\u0631\u0629\u060c \u0628\u0645\u0627 \u0641\u064a \u0630\u0644\u0643 \u0627\u0644\u062d\u0633\u0627\u0633\u0629.<\/p>\n<p dir=\"ltr\" style=\"text-align: center;\">\ud83c\uddec\ud83c\udde7 Goodal Green Tangerine Vita C Dark Spot Care Cream<br \/>\n\ud83c\uddeb\ud83c\uddf7 Cr\u00e8me Anti-Taches Vita C \u00e0 la Mandarine Verte Goodal<\/p>","protected":false},"excerpt":{"rendered":"<p>\u062a\u0645\u062a \u062a\u0631\u0642\u064a\u0629 \u0643\u0631\u064a\u0645 Green Tangerine Vita C Dark Spot Care \u0628\u0645\u0636\u0627\u0639\u0641\u0629 \u0641\u064a\u062a\u0627\u0645\u064a\u0646 C \u0644\u0644\u0645\u0633\u0627\u0639\u062f\u0629 \u0641\u064a \u062a\u0641\u062a\u064a\u062d \u0644\u0648\u0646 \u0628\u0634\u0631\u062a\u0643 \u0648\u062a\u0648\u062d\u064a\u062f \u0644\u0648\u0646\u0647\u0627. \u064a\u062a\u0643\u0648\u0646 \u0645\u0646 67% \u0645\u0646 \u0645\u0633\u062a\u062e\u0644\u0635\u0627\u062a \u0627\u0644\u064a\u0648\u0633\u0641\u064a \u0627\u0644\u0623\u062e\u0636\u0631 \u0627\u0644\u0645\u0646\u0634\u0637\u0629\u060c \u062c\u0646\u0628\u064b\u0627 \u0625\u0644\u0649 \u062c\u0646\u0628 \u0645\u0639 \u0623\u0631\u0628\u0648\u062a\u064a\u0646 \u0645\u0646\u064a\u0631 \u0627\u0644\u0628\u0634\u0631\u0629 \u0627\u0644\u0637\u0628\u064a\u0639\u064a \u0648\u0641\u064a\u062a\u0627\u0645\u064a\u0646 \u0628 \u0648\u0627\u0644\u0646\u064a\u0627\u0633\u064a\u0646\u0627\u0645\u064a\u062f\u060c \u0641\u0647\u0648 \u064a\u0648\u0641\u0631 \u062a\u0631\u0637\u064a\u0628\u064b\u0627 \u0637\u0648\u064a\u0644 \u0627\u0644\u0623\u0645\u062f \u0648\u0628\u0634\u0631\u0629 \u0645\u062a\u0648\u0647\u062c\u0629 \u0648\u0623\u0643\u062b\u0631 \u0625\u0634\u0631\u0627\u0642\u064b\u0627. \u064a\u062a\u0648\u0641\u0631 \u0627\u0644\u064a\u0648\u0633\u0641\u064a \u0627\u0644\u0623\u062e\u0636\u0631 \u0644\u0645\u062f\u0629 4 \u0623\u0633\u0627\u0628\u064a\u0639 \u0641\u0642\u0637 [&hellip;]<\/p>\n","protected":false},"featured_media":28284,"template":"","meta":[],"pwb-brand":[1400],"product_brand":[],"product_cat":[1123,1231,1121],"product_tag":[688,675,697,685,680,763],"class_list":{"0":"post-28277","1":"product","2":"type-product","3":"status-publish","4":"has-post-thumbnail","6":"pwb-brand-goodal","7":"product_cat-face-bright","8":"product_cat-daily-face-care","9":"product_cat-face-moist","10":"product_tag-sensitive","11":"product_tag-spots","12":"product_tag-moisturizing","13":"product_tag-brightening","14":"product_tag-dryness","15":"product_tag-763","17":"first","18":"outofstock","19":"shipping-taxable","20":"product-type-variable","21":"has-default-attributes","22":"wvs-archive-product-wrapper"},"brands":[{"id":1400,"name":"Goodal","slug":"goodal"}],"_links":{"self":[{"href":"https:\/\/gopinkish.com\/fr\/wp-json\/wp\/v2\/product\/28277","targetHints":{"allow":["GET"]}}],"collection":[{"href":"https:\/\/gopinkish.com\/fr\/wp-json\/wp\/v2\/product"}],"about":[{"href":"https:\/\/gopinkish.com\/fr\/wp-json\/wp\/v2\/types\/product"}],"wp:featuredmedia":[{"embeddable":true,"href":"https:\/\/gopinkish.com\/fr\/wp-json\/wp\/v2\/media\/28284"}],"wp:attachment":[{"href":"https:\/\/gopinkish.com\/fr\/wp-json\/wp\/v2\/media?parent=28277"}],"wp:term":[{"taxonomy":"pwb-brand","embeddable":true,"href":"https:\/\/gopinkish.com\/fr\/wp-json\/wp\/v2\/pwb-brand?post=28277"},{"taxonomy":"product_brand","embeddable":true,"href":"https:\/\/gopinkish.com\/fr\/wp-json\/wp\/v2\/product_brand?post=28277"},{"taxonomy":"product_cat","embeddable":true,"href":"https:\/\/gopinkish.com\/fr\/wp-json\/wp\/v2\/product_cat?post=28277"},{"taxonomy":"product_tag","embeddable":true,"href":"https:\/\/gopinkish.com\/fr\/wp-json\/wp\/v2\/product_tag?post=28277"}],"curies":[{"name":"wp","href":"https:\/\/api.w.org\/{rel}","templated":true}]}}