{"id":28238,"date":"2025-07-14T16:10:01","date_gmt":"2025-07-14T15:10:01","guid":{"rendered":"https:\/\/gopinkish.com\/?post_type=product&#038;p=28238"},"modified":"2025-08-12T15:48:37","modified_gmt":"2025-08-12T14:48:37","slug":"8809835060041","status":"publish","type":"product","link":"https:\/\/gopinkish.com\/fr\/produit\/8809835060041\/","title":{"rendered":"Stick solaire hybride pour une protection solaire maximale avec micro-poudre"},"content":{"rendered":"<p style=\"text-align: justify;\">Prot\u00e8ge et nourrit et est un stick pratique qui offre une protection solaire optimale pour un usage quotidien.<\/p>\n<p style=\"text-align: justify;\">Le crayon solaire en coton doux de Tokubo avec SPF 50+ PA++++ prot\u00e8ge efficacement la peau des rayons nocifs du soleil, contr\u00f4le la s\u00e9cr\u00e9tion de s\u00e9bum et vous donne un teint \u00e9quilibr\u00e9, lisse et naturellement radieux. Enrichi d'une vari\u00e9t\u00e9 d'ingr\u00e9dients naturels puissants, tels que le riche complexe v\u00e9g\u00e9tal A, qui hydrate et nourrit la peau avec des nutriments essentiels. Le produit est pr\u00e9sent\u00e9 dans un stylo pratique et facile \u00e0 transporter, ce qui le rend id\u00e9al pour les vacances.<\/p>\n<p style=\"text-align: justify;\">Cet \u00e9cran solaire hybride chimico-min\u00e9ral offre une protection contre les UV avec un SPF 50+ PA++++. Elle hydrate la peau gr\u00e2ce \u00e0 des ingr\u00e9dients naturels tels que l'extrait d'onagre et l'huile de graines de jojoba. L'\u00e9cran solaire calme la peau et contr\u00f4le la s\u00e9cr\u00e9tion excessive de s\u00e9bum gr\u00e2ce \u00e0 l'AC Herbal Complex. Elle est formul\u00e9e avec une poudre microfine pour un fini doux et mat. Appliquer l'\u00e9cran solaire portable sur le visage et le corps 30 minutes avant l'exposition au soleil. Le produit est v\u00e9g\u00e9talien et sans cruaut\u00e9.<\/p>\n<p dir=\"ltr\" style=\"text-align: center;\">\ud83c\uddec\ud83c\udde7 TOCOBO Stick solaire doux comme du coton<br \/>\n\ud83c\uddeb\ud83c\uddf7 Stick Solaire Coton Doux TOCOBO<\/p>\n<p>&nbsp;<\/p>","protected":false},"excerpt":{"rendered":"<p>\u064a\u062d\u0645\u064a \u0648\u064a\u063a\u0630\u064a \u0648\u064a\u0639\u062a\u0628\u0631 \u0639\u0635\u0627 \u0639\u0645\u0644\u064a\u0629 \u062a\u0648\u0641\u0631 \u062d\u0645\u0627\u064a\u0629 \u0645\u062b\u0627\u0644\u064a\u0629 \u0645\u0646 \u0627\u0644\u0634\u0645\u0633 \u0644\u0644\u0627\u0633\u062a\u062e\u062f\u0627\u0645 \u0627\u0644\u064a\u0648\u0645\u064a. \u064a\u062d\u0645\u064a \u0642\u0644\u0645 \u0627\u0644\u0634\u0645\u0633 \u0627\u0644\u0642\u0637\u0646\u064a \u0627\u0644\u0646\u0627\u0639\u0645 \u0628\u0639\u0627\u0645\u0644 \u062d\u0645\u0627\u064a\u0629 \u0645\u0646 \u0627\u0644\u0634\u0645\u0633 50+ PA++++ \u0645\u0646 \u062a\u0648\u0643\u0648\u0628\u0648 \u0627\u0644\u0628\u0634\u0631\u0629 \u0628\u0641\u0639\u0627\u0644\u064a\u0629 \u0645\u0646 \u0623\u0634\u0639\u0629 \u0627\u0644\u0634\u0645\u0633 \u0627\u0644\u0636\u0627\u0631\u0629\u060c \u0648\u064a\u062a\u062d\u0643\u0645 \u0641\u064a \u0625\u0641\u0631\u0627\u0632 \u0627\u0644\u062f\u0647\u0648\u0646\u060c \u0648\u064a\u0645\u0646\u062d\u0643 \u0628\u0634\u0631\u0629 \u0645\u062a\u0648\u0627\u0632\u0646\u0629 \u0648\u0646\u0627\u0639\u0645\u0629 \u0648\u0645\u0634\u0631\u0642\u0629 \u0628\u0634\u0643\u0644 \u0637\u0628\u064a\u0639\u064a. \u063a\u0646\u064a \u0628\u0645\u062c\u0645\u0648\u0639\u0629 \u0645\u062a\u0646\u0648\u0639\u0629 \u0645\u0646 \u0627\u0644\u0645\u0643\u0648\u0646\u0627\u062a \u0627\u0644\u0637\u0628\u064a\u0639\u064a\u0629 \u0627\u0644\u0641\u0639\u0627\u0644\u0629\u060c \u0645\u062b\u0644 \u0645\u0631\u0643\u0628 \u0627\u0644\u0623\u0639\u0634\u0627\u0628 \u0623 \u0627\u0644\u063a\u0646\u064a\u060c \u0627\u0644\u0630\u064a [&hellip;]<\/p>\n","protected":false},"featured_media":28240,"template":"","meta":[],"pwb-brand":[1449],"product_brand":[],"product_cat":[1144],"product_tag":[763,717],"class_list":{"0":"post-28238","1":"product","2":"type-product","3":"status-publish","4":"has-post-thumbnail","6":"pwb-brand-tocobo","7":"product_cat-face-sunscreen","8":"product_tag-763","9":"product_tag-717","11":"first","12":"outofstock","13":"shipping-taxable","14":"product-type-variable","15":"has-default-attributes","16":"wvs-archive-product-wrapper"},"brands":[{"id":1449,"name":"Tocobo","slug":"tocobo"}],"_links":{"self":[{"href":"https:\/\/gopinkish.com\/fr\/wp-json\/wp\/v2\/product\/28238","targetHints":{"allow":["GET"]}}],"collection":[{"href":"https:\/\/gopinkish.com\/fr\/wp-json\/wp\/v2\/product"}],"about":[{"href":"https:\/\/gopinkish.com\/fr\/wp-json\/wp\/v2\/types\/product"}],"wp:featuredmedia":[{"embeddable":true,"href":"https:\/\/gopinkish.com\/fr\/wp-json\/wp\/v2\/media\/28240"}],"wp:attachment":[{"href":"https:\/\/gopinkish.com\/fr\/wp-json\/wp\/v2\/media?parent=28238"}],"wp:term":[{"taxonomy":"pwb-brand","embeddable":true,"href":"https:\/\/gopinkish.com\/fr\/wp-json\/wp\/v2\/pwb-brand?post=28238"},{"taxonomy":"product_brand","embeddable":true,"href":"https:\/\/gopinkish.com\/fr\/wp-json\/wp\/v2\/product_brand?post=28238"},{"taxonomy":"product_cat","embeddable":true,"href":"https:\/\/gopinkish.com\/fr\/wp-json\/wp\/v2\/product_cat?post=28238"},{"taxonomy":"product_tag","embeddable":true,"href":"https:\/\/gopinkish.com\/fr\/wp-json\/wp\/v2\/product_tag?post=28238"}],"curies":[{"name":"wp","href":"https:\/\/api.w.org\/{rel}","templated":true}]}}