{"id":28217,"date":"2025-07-14T15:45:32","date_gmt":"2025-07-14T14:45:32","guid":{"rendered":"https:\/\/gopinkish.com\/?post_type=product&#038;p=28217"},"modified":"2026-01-14T22:23:50","modified_gmt":"2026-01-14T21:23:50","slug":"8800256112074","status":"publish","type":"product","link":"https:\/\/gopinkish.com\/fr\/produit\/8800256112074\/","title":{"rendered":"Une ampoule pour apaiser, calmer et lisser les probl\u00e8mes de peau"},"content":{"rendered":"<p style=\"text-align: justify;\">Enrichie de douze types d'ingr\u00e9dients d\u00e9riv\u00e9s de la silice (dont des nano-exosomes de silice) et d'ecto\u00efne, cette ampoule vous permet d'obtenir une peau \u00e9clatante et saine. Des ingr\u00e9dients suppl\u00e9mentaires tels que le panth\u00e9nol et les extraits de r\u00e9glisse pr\u00e9viennent les irritations. Formule sans parfum, test\u00e9e dermatologiquement pour convenir aux peaux sensibles.<\/p>\n<p style=\"text-align: justify;\"><strong>Une ampoule calmante puissante et douce :<\/strong> Les exosomes contenant de la Centella Asiatica apaisent tous les probl\u00e8mes de peau, en procurant de puissants effets calmants et en lissant la texture de la peau.<\/p>\n<p style=\"text-align: justify;\"><strong>Optimis\u00e9 avec des ingr\u00e9dients innovants :<\/strong> Contient du Sika Exosome, un nanocomposant plus petit que les pores, avec un effet calmant 5,3 fois plus puissant que le Sika normal.<\/p>\n<p style=\"text-align: justify;\"><strong>Convient aux peaux irrit\u00e9es :<\/strong> L'exosome de Sika et l'eau de feuilles de th\u00e9ier aident \u00e0 apaiser et \u00e0 hydrater les zones irrit\u00e9es et gerc\u00e9es pour un \u00e9clat semblable \u00e0 celui du verre.<\/p>\n<p style=\"text-align: justify;\"><strong>L\u00e9ger :<\/strong> Une texture rafra\u00eechissante, \u00e0 absorption rapide, qui maintient une hydratation durable sans laisser de r\u00e9sidu gras.<\/p>\n<p style=\"text-align: justify;\"><strong>Convient \u00e0 tous les types de peau :<\/strong> Un tonique l\u00e9g\u00e8rement irritant, adapt\u00e9 \u00e0 tous les types de peau. Une ampoule de s\u00e9rum quotidienne id\u00e9ale pour un soin doux et apaisant. Id\u00e9al pour une utilisation matin et soir.<\/p>\n<p dir=\"ltr\" style=\"text-align: center;\">\ud83c\uddec\ud83c\udde7 Medicube Exosome Cica Tea Tree Ampoule<br \/>\n\ud83c\uddeb\ud83c\uddf7 Ampoule Exosome Cica Tea Tree Medicube<\/p>","protected":false},"excerpt":{"rendered":"<p>\u0647\u0630\u0647 \u0627\u0644\u0623\u0645\u0628\u0648\u0644\u0629 \u063a\u0646\u064a\u0629 \u0628\u0627\u062b\u0646\u064a \u0639\u0634\u0631 \u0646\u0648\u0639\u064b\u0627 \u0645\u0646 \u0627\u0644\u0645\u0643\u0648\u0646\u0627\u062a \u0627\u0644\u0645\u0634\u062a\u0642\u0629 \u0645\u0646 \u0627\u0644\u0633\u064a\u0643\u0627 (\u0628\u0645\u0627 \u0641\u064a \u0630\u0644\u0643 \u0625\u0643\u0633\u0648\u0633\u0648\u0645\u0627\u062a \u0627\u0644\u0633\u064a\u0643\u0627 \u0627\u0644\u0646\u0627\u0646\u0648\u064a\u0629) \u0628\u0627\u0644\u0625\u0636\u0627\u0641\u0629 \u0625\u0644\u0649 \u0627\u0644\u0625\u0643\u062a\u0648\u064a\u0646\u060c \u0648\u0647\u064a \u0633\u0628\u064a\u0644\u0643\u0650 \u0644\u0644\u062d\u0635\u0648\u0644 \u0639\u0644\u0649 \u0628\u0634\u0631\u0629 \u0645\u0634\u0631\u0642\u0629 \u0648\u0635\u062d\u064a\u0629. \u0645\u0643\u0648\u0646\u0627\u062a \u0625\u0636\u0627\u0641\u064a\u0629 \u0645\u062b\u0644 \u0627\u0644\u0628\u0627\u0646\u062b\u064a\u0646\u0648\u0644 \u0648\u0645\u0633\u062a\u062e\u0644\u0635\u0627\u062a \u0639\u0631\u0642 \u0627\u0644\u0633\u0648\u0633 \u062a\u0645\u0646\u0639 \u0627\u0644\u062a\u0647\u064a\u062c. \u062a\u0631\u0643\u064a\u0628\u0629 \u062e\u0627\u0644\u064a\u0629 \u0645\u0646 \u0627\u0644\u0639\u0637\u0648\u0631\u060c \u062a\u0645 \u0627\u062e\u062a\u0628\u0627\u0631\u0647\u0627 \u0645\u0646 \u0642\u0628\u0644 \u0623\u0637\u0628\u0627\u0621 \u0627\u0644\u062c\u0644\u062f\u064a\u0629 \u0644\u062a\u0643\u0648\u0646 \u0645\u0646\u0627\u0633\u0628\u0629 \u0644\u0644\u0628\u0634\u0631\u0629 \u0627\u0644\u062d\u0633\u0627\u0633\u0629. \u0623\u0645\u0628\u0648\u0644\u0629 \u0645\u0647\u062f\u0626\u0629 \u0642\u0648\u064a\u0629 \u0648\u0644\u0637\u064a\u0641\u0629: \u0647\u062f\u0626\u064a [&hellip;]<\/p>\n","protected":false},"featured_media":28223,"template":"","meta":[],"pwb-brand":[1393],"product_brand":[],"product_cat":[1231,1227,1121],"product_tag":[1050,688,697,763],"class_list":{"0":"post-28217","1":"product","2":"type-product","3":"status-publish","4":"has-post-thumbnail","6":"pwb-brand-medicube","7":"product_cat-daily-face-care","8":"product_cat-face-renew","9":"product_cat-face-moist","10":"product_tag-1050","11":"product_tag-sensitive","12":"product_tag-moisturizing","13":"product_tag-korean-product-2","15":"first","16":"instock","17":"shipping-taxable","18":"purchasable","19":"product-type-variable","20":"has-default-attributes","21":"wvs-archive-product-wrapper"},"brands":[{"id":1393,"name":"MediCube","slug":"medicube"}],"_links":{"self":[{"href":"https:\/\/gopinkish.com\/fr\/wp-json\/wp\/v2\/product\/28217","targetHints":{"allow":["GET"]}}],"collection":[{"href":"https:\/\/gopinkish.com\/fr\/wp-json\/wp\/v2\/product"}],"about":[{"href":"https:\/\/gopinkish.com\/fr\/wp-json\/wp\/v2\/types\/product"}],"wp:featuredmedia":[{"embeddable":true,"href":"https:\/\/gopinkish.com\/fr\/wp-json\/wp\/v2\/media\/28223"}],"wp:attachment":[{"href":"https:\/\/gopinkish.com\/fr\/wp-json\/wp\/v2\/media?parent=28217"}],"wp:term":[{"taxonomy":"pwb-brand","embeddable":true,"href":"https:\/\/gopinkish.com\/fr\/wp-json\/wp\/v2\/pwb-brand?post=28217"},{"taxonomy":"product_brand","embeddable":true,"href":"https:\/\/gopinkish.com\/fr\/wp-json\/wp\/v2\/product_brand?post=28217"},{"taxonomy":"product_cat","embeddable":true,"href":"https:\/\/gopinkish.com\/fr\/wp-json\/wp\/v2\/product_cat?post=28217"},{"taxonomy":"product_tag","embeddable":true,"href":"https:\/\/gopinkish.com\/fr\/wp-json\/wp\/v2\/product_tag?post=28217"}],"curies":[{"name":"wp","href":"https:\/\/api.w.org\/{rel}","templated":true}]}}