{"id":28209,"date":"2025-07-14T15:33:36","date_gmt":"2025-07-14T14:33:36","guid":{"rendered":"https:\/\/gopinkish.com\/?post_type=product&#038;p=28209"},"modified":"2025-08-06T00:32:14","modified_gmt":"2025-08-05T23:32:14","slug":"651986503841","status":"publish","type":"product","link":"https:\/\/gopinkish.com\/fr\/produit\/651986503841\/","title":{"rendered":"Baume \u00e0 l\u00e8vres et hydratant luxueux au parfum de lait de p\u00eache et de figue douce"},"content":{"rendered":"<p style=\"text-align: justify;\">Le baume \u00e0 l\u00e8vres Beach Bloom Colour Blossoming, au parfum unique de p\u00eache et de cr\u00e8me, est infus\u00e9 de p\u00eache et de lait de figue sucr\u00e9 et laisse les l\u00e8vres douces et lisses.<\/p>\n<p style=\"text-align: justify;\">Avec sa formule sensible au pH et son c\u0153ur en forme de c\u0153ur, qui r\u00e9agit \u00e0 la couleur de vos l\u00e8vres pour vous donner la teinte parfaite, la formule enrichie en mangue, beurre de karit\u00e9, huile d'avocat et vitamine E adoucit et lisse les l\u00e8vres tout en leur conf\u00e9rant une brillance saine et souple. L'emballage transparent vous permet de voir facilement votre teinte pr\u00e9f\u00e9r\u00e9e, avec un choix de cinq teintes neutres, roses et p\u00eaches : Pink Whisper, Playful Pink, Raspberry Flash, Peach Punch et Lilac Nude.<\/p>\n<p dir=\"ltr\" style=\"text-align: center;\">\ud83c\uddec\ud83c\udde7 Too Faced Peach Bloom Colour Blossoming Lip Balm<br \/>\n\ud83c\uddeb\ud83c\uddf7 Baume \u00e0 L\u00e8vres \u00c9clat de Couleur Peach Bloom Too Faced<\/p>","protected":false},"excerpt":{"rendered":"<p>\u0628\u062a\u0631\u0643\u064a\u0628\u0629 \u0641\u0631\u064a\u062f\u0629 \u0632\u0627\u062e\u0631\u0629 \u0628\u0631\u0627\u0626\u062d\u0629 \u0627\u0644\u062e\u0648\u062e \u0648\u0627\u0644\u0643\u0631\u064a\u0645\u0629\u060c \u064a\u062a\u0645\u064a\u0632 \u0645\u0631\u0637\u0628 \u0627\u0644\u0634\u0641\u0627\u0647 &#8220;\u0628\u064a\u062a\u0634 \u0628\u0644\u0648\u0645 \u0643\u0648\u0644\u0648\u0631 \u0628\u0644\u0648\u0633\u0648\u0645\u064a\u0646\u062c&#8221; \u0628\u0631\u0627\u0626\u062d\u0629 \u0627\u0644\u062e\u0648\u062e \u0648 \u062d\u0644\u064a\u0628 \u0627\u0644\u062a\u064a\u0646 \u0627\u0644\u062d\u0644\u0648\u060c \u0648\u064a\u0645\u0646\u062d\u0643\u0650 \u0634\u0641\u0627\u0647\u064b\u0627 \u0646\u0627\u0639\u0645\u0629 \u0648\u062c\u0645\u064a\u0644\u0629. \u0628\u0641\u0636\u0644 \u062a\u0631\u0643\u064a\u0628\u062a\u0647 \u0627\u0644\u062d\u0633\u0627\u0633\u0629 \u0644\u062f\u0631\u062c\u0629 \u0627\u0644\u062d\u0645\u0648\u0636\u0629 (pH) \u0648\u0644\u0628\u0651\u0647 \u0639\u0644\u0649 \u0634\u0643\u0644 \u0642\u0644\u0628\u060c \u0648\u0627\u0644\u0630\u064a \u064a\u062a\u0641\u0627\u0639\u0644 \u0645\u0639 \u0644\u0648\u0646 \u0634\u0641\u062a\u064a\u0643\u0650 \u0644\u064a\u0645\u0646\u062d\u0643\u0650 \u0644\u0648\u0646\u0643\u0650 \u0627\u0644\u0645\u062b\u0627\u0644\u064a\u060c \u062a\u0639\u0645\u0644 \u062a\u0631\u0643\u064a\u0628\u062a\u0647 \u0627\u0644\u063a\u0646\u064a\u0629 \u0628\u0627\u0644\u0645\u0627\u0646\u062c\u0648 \u0648\u0632\u0628\u062f\u0629 \u0627\u0644\u0634\u064a\u0627 \u0648\u0632\u064a\u062a \u0627\u0644\u0623\u0641\u0648\u0643\u0627\u062f\u0648 \u0648\u0641\u064a\u062a\u0627\u0645\u064a\u0646 E \u0639\u0644\u0649 \u062a\u0646\u0639\u064a\u0645 \u0627\u0644\u0634\u0641\u0627\u0647 \u0648\u062a\u0646\u0639\u064a\u0645\u0647\u0627 [&hellip;]<\/p>\n","protected":false},"featured_media":28210,"template":"","meta":[],"pwb-brand":[752],"product_brand":[],"product_cat":[1177],"product_tag":[],"class_list":{"0":"post-28209","1":"product","2":"type-product","3":"status-publish","4":"has-post-thumbnail","6":"pwb-brand-toofaced","7":"product_cat-lips-balm-makeup","9":"first","10":"instock","11":"shipping-taxable","12":"purchasable","13":"product-type-variable","14":"has-default-attributes","15":"wvs-archive-product-wrapper"},"brands":[{"id":752,"name":"Too Faced","slug":"trop-faciale"}],"_links":{"self":[{"href":"https:\/\/gopinkish.com\/fr\/wp-json\/wp\/v2\/product\/28209","targetHints":{"allow":["GET"]}}],"collection":[{"href":"https:\/\/gopinkish.com\/fr\/wp-json\/wp\/v2\/product"}],"about":[{"href":"https:\/\/gopinkish.com\/fr\/wp-json\/wp\/v2\/types\/product"}],"wp:featuredmedia":[{"embeddable":true,"href":"https:\/\/gopinkish.com\/fr\/wp-json\/wp\/v2\/media\/28210"}],"wp:attachment":[{"href":"https:\/\/gopinkish.com\/fr\/wp-json\/wp\/v2\/media?parent=28209"}],"wp:term":[{"taxonomy":"pwb-brand","embeddable":true,"href":"https:\/\/gopinkish.com\/fr\/wp-json\/wp\/v2\/pwb-brand?post=28209"},{"taxonomy":"product_brand","embeddable":true,"href":"https:\/\/gopinkish.com\/fr\/wp-json\/wp\/v2\/product_brand?post=28209"},{"taxonomy":"product_cat","embeddable":true,"href":"https:\/\/gopinkish.com\/fr\/wp-json\/wp\/v2\/product_cat?post=28209"},{"taxonomy":"product_tag","embeddable":true,"href":"https:\/\/gopinkish.com\/fr\/wp-json\/wp\/v2\/product_tag?post=28209"}],"curies":[{"name":"wp","href":"https:\/\/api.w.org\/{rel}","templated":true}]}}