{"id":28197,"date":"2025-07-14T15:15:56","date_gmt":"2025-07-14T14:15:56","guid":{"rendered":"https:\/\/gopinkish.com\/?post_type=product&#038;p=28197"},"modified":"2025-10-29T16:07:32","modified_gmt":"2025-10-29T15:07:32","slug":"8809447255071","status":"publish","type":"product","link":"https:\/\/gopinkish.com\/fr\/produit\/8809447255071\/","title":{"rendered":"Baume pur nettoyant et rajeunissant \u00e0 l'huile de graines de cam\u00e9lia chinoises et \u00e0 l'huile de p\u00e9pins de raisin"},"content":{"rendered":"<p style=\"text-align: justify;\">Commencez votre double routine de nettoyage du bon pied avec ce baume nettoyant ! Formul\u00e9 avec de l'huile de graines de th\u00e9 vert, du mad\u00e9cassoside et du panth\u00e9nol, il \u00e9limine en douceur le maquillage, la cr\u00e8me solaire et les impuret\u00e9s, tout en laissant un fini apaisant. Formule v\u00e9g\u00e9talienne sans parfums ni colorants artificiels, sans cruaut\u00e9. Convient \u00e0 tous les types de peau, y compris les peaux sensibles.<\/p>\n<p style=\"text-align: justify;\">Le m\u00e9canisme de broyage hygi\u00e9nique permet un contr\u00f4le pr\u00e9cis et pratique de la quantit\u00e9, sans risque de d\u00e9t\u00e9rioration. Le puissant effet nettoyant du baume \u00e9limine facilement la cr\u00e8me solaire, le maquillage et les produits imperm\u00e9ables, r\u00e9duisant ainsi la lourdeur et le gras de la peau. Enrichi en huile de graines de cam\u00e9lia chinoises et en huile de p\u00e9pins de raisin, il hydrate et r\u00e9g\u00e9n\u00e8re la peau. Enrichie en Madecassoside et en extrait de Centella, la formule apaise les peaux sensibles et sujettes \u00e0 l'acn\u00e9, minimisant les rougeurs et les irritations.<\/p>\n<p dir=\"ltr\" style=\"text-align: center;\">\ud83c\uddec\ud83c\udde7 Dr Althea Pure Grinding Cleansing Balm<br \/>\n\ud83c\uddeb\ud83c\uddf7 Baume Nettoyant Pure Grinding Dr Althea<\/p>","protected":false},"excerpt":{"rendered":"<p>\u0627\u0628\u062f\u0623\u064a \u0631\u0648\u062a\u064a\u0646 \u062a\u0646\u0638\u064a\u0641 \u0628\u0634\u0631\u062a\u0643\u0650 \u0627\u0644\u0645\u0632\u062f\u0648\u062c \u0639\u0644\u0649 \u0623\u0643\u0645\u0644 \u0648\u062c\u0647 \u0645\u0639 \u0647\u0630\u0627 \u0627\u0644\u0628\u0644\u0633\u0645 \u0627\u0644\u0645\u0646\u0638\u0641! \u0645\u064f\u0631\u0643\u0651\u0628 \u0645\u0646 \u0632\u064a\u062a \u0628\u0630\u0648\u0631 \u0627\u0644\u0634\u0627\u064a \u0627\u0644\u0623\u062e\u0636\u0631\u060c \u0648\u0627\u0644\u0645\u0627\u062f\u0643\u0627\u0633\u0648\u0633\u064a\u062f\u060c \u0648\u0627\u0644\u0628\u0627\u0646\u062b\u064a\u0646\u0648\u0644\u060c \u0644\u064a\u064f\u0632\u064a\u0644 \u0627\u0644\u0645\u0643\u064a\u0627\u062c\u060c \u0648\u0648\u0627\u0642\u064a \u0627\u0644\u0634\u0645\u0633\u060c \u0648\u0627\u0644\u0634\u0648\u0627\u0626\u0628 \u0628\u0644\u0637\u0641\u060c \u0645\u0639 \u062a\u0631\u0643 \u0644\u0645\u0633\u0629 \u0646\u0647\u0627\u0626\u064a\u0629 \u0645\u064f\u0647\u062f\u0626\u0629. \u062a\u0631\u0643\u064a\u0628\u0629 \u0646\u0628\u0627\u062a\u064a\u0629 \u062e\u0627\u0644\u064a\u0629 \u0645\u0646 \u0627\u0644\u0639\u0637\u0648\u0631 \u0648\u0627\u0644\u0623\u0644\u0648\u0627\u0646 \u0627\u0644\u0627\u0635\u0637\u0646\u0627\u0639\u064a\u0629\u060c \u062e\u0627\u0644\u064a\u0629 \u0645\u0646 \u0627\u0644\u0642\u0633\u0648\u0629 \u0639\u0644\u0649 \u0627\u0644\u062d\u064a\u0648\u0627\u0646\u0627\u062a. \u0645\u0646\u0627\u0633\u0628 \u0644\u062c\u0645\u064a\u0639 \u0623\u0646\u0648\u0627\u0639 \u0627\u0644\u0628\u0634\u0631\u0629\u060c \u0628\u0645\u0627 \u0641\u064a \u0630\u0644\u0643 \u0627\u0644\u0628\u0634\u0631\u0629 \u0627\u0644\u062d\u0633\u0627\u0633\u0629. \u0622\u0644\u064a\u0629 \u0627\u0644\u0637\u062d\u0646 \u0627\u0644\u0635\u062d\u064a\u0629 [&hellip;]<\/p>\n","protected":false},"featured_media":28198,"template":"","meta":[],"pwb-brand":[1375],"product_brand":[],"product_cat":[1231,1119],"product_tag":[688,693,683,763],"class_list":{"0":"post-28197","1":"product","2":"type-product","3":"status-publish","4":"has-post-thumbnail","6":"pwb-brand-doctor-althea","7":"product_cat-daily-face-care","8":"product_cat-face-wash","9":"product_tag-sensitive","10":"product_tag-cleansing","11":"product_tag-acne","12":"product_tag-korean-product-2","14":"first","15":"outofstock","16":"shipping-taxable","17":"product-type-variable","18":"has-default-attributes","19":"wvs-archive-product-wrapper"},"brands":[{"id":1375,"name":"Dr. Althea","slug":"docteur-althea"}],"_links":{"self":[{"href":"https:\/\/gopinkish.com\/fr\/wp-json\/wp\/v2\/product\/28197","targetHints":{"allow":["GET"]}}],"collection":[{"href":"https:\/\/gopinkish.com\/fr\/wp-json\/wp\/v2\/product"}],"about":[{"href":"https:\/\/gopinkish.com\/fr\/wp-json\/wp\/v2\/types\/product"}],"wp:featuredmedia":[{"embeddable":true,"href":"https:\/\/gopinkish.com\/fr\/wp-json\/wp\/v2\/media\/28198"}],"wp:attachment":[{"href":"https:\/\/gopinkish.com\/fr\/wp-json\/wp\/v2\/media?parent=28197"}],"wp:term":[{"taxonomy":"pwb-brand","embeddable":true,"href":"https:\/\/gopinkish.com\/fr\/wp-json\/wp\/v2\/pwb-brand?post=28197"},{"taxonomy":"product_brand","embeddable":true,"href":"https:\/\/gopinkish.com\/fr\/wp-json\/wp\/v2\/product_brand?post=28197"},{"taxonomy":"product_cat","embeddable":true,"href":"https:\/\/gopinkish.com\/fr\/wp-json\/wp\/v2\/product_cat?post=28197"},{"taxonomy":"product_tag","embeddable":true,"href":"https:\/\/gopinkish.com\/fr\/wp-json\/wp\/v2\/product_tag?post=28197"}],"curies":[{"name":"wp","href":"https:\/\/api.w.org\/{rel}","templated":true}]}}