{"id":28175,"date":"2025-07-14T15:00:51","date_gmt":"2025-07-14T14:00:51","guid":{"rendered":"https:\/\/gopinkish.com\/?post_type=product&#038;p=28175"},"modified":"2026-04-01T13:17:14","modified_gmt":"2026-04-01T12:17:14","slug":"8809634610119","status":"publish","type":"product","link":"https:\/\/gopinkish.com\/fr\/produit\/8809634610119\/","title":{"rendered":"Cr\u00e8me solaire blanche, non grasse et sans min\u00e9raux, con\u00e7ue pour les peaux sensibles"},"content":{"rendered":"<p style=\"text-align: justify;\">La version 3 de la cr\u00e8me solaire Full Physical No-Stress a \u00e9t\u00e9 mise au point avec l'aide de notre communaut\u00e9 mondiale pour r\u00e9soudre ce probl\u00e8me. Cet \u00e9cran solaire \u00e0 large spectre SPF 50 PA++++ utilise de l'oxyde de zinc non nanom\u00e9trique pour prot\u00e9ger votre peau des rayons UVA et UVB, sans trace blanche, sans sensation de gras et avec un fini hydratant que la peau adore.<\/p>\n<p style=\"text-align: justify;\">Formul\u00e9 avec du niacinamide 2%, de l'absinthe et notre nouvelle formule Hydrovette, ce gel-lotion l\u00e9ger est con\u00e7u pour se fondre parfaitement dans la peau, apaiser les peaux sensibles et les hydrater tout au long de la journ\u00e9e. Elle offre \u00e0 la fois un soin et une protection solaire. Elle est con\u00e7ue pour une utilisation quotidienne, m\u00eame pour les peaux sensibles ou sujettes \u00e0 l'acn\u00e9.<\/p>\n<p style=\"text-align: justify;\">Que vous l'utilisiez une seule fois ou que vous la r\u00e9appliquiez tout au long de la journ\u00e9e, cette protection solaire garde votre peau calme, nourrie et prot\u00e9g\u00e9e des rayons UV.<\/p>\n<p style=\"text-align: justify;\"><strong>Protection min\u00e9rale \u00e0 large spectre avec SPF 50 : <\/strong>L'oxyde de zinc non nano 100% offre une protection contre les UVA et les UVB, tout en glissant doucement sur la surface de la peau - pas d'absorption, pas de fatigue.<\/p>\n<p style=\"text-align: justify;\"><strong>Ne laisse pas de traces blanches, ni de sensation de gras : <\/strong>Notre texture optimis\u00e9e se fond dans la peau avec un fini l\u00e9ger et non crayeux - parfait pour une utilisation sous le maquillage ou seul.<\/p>\n<p style=\"text-align: justify;\"><strong>Formule Hydro-Fit pour une hydratation longue dur\u00e9e : <\/strong>L'acide hyaluronique, le squalane et les extraits botaniques maintiennent la peau hydrat\u00e9e et fra\u00eeche, m\u00eame en cas de r\u00e9application fr\u00e9quente.<\/p>\n<p style=\"text-align: justify;\"><strong>Ingr\u00e9dients apaisants et respectueux de la peau : <\/strong>Contient de l'absinthe apaisante, du calendula, du th\u00e9 vert et du peptide anti-\u00e2ge SYN-Coll pour prot\u00e9ger et soutenir les peaux sensibles et expos\u00e9es au soleil.<\/p>\n<p style=\"text-align: justify;\">V\u00e9g\u00e9talien. Sans danger pour les r\u00e9cifs coralliens. Sans parfum. Convient \u00e0 tous les types de peau et \u00e0 un usage quotidien.<\/p>\n<p dir=\"ltr\" style=\"text-align: center;\">\ud83c\uddec\ud83c\udde7 AXIS-Y Cr\u00e8me solaire physique compl\u00e8te sans stress<br \/>\n\ud83c\uddeb\ud83c\uddf7 \u00c9cran Solaire Physique Complete No-Stress AXIS-Y<\/p>","protected":false},"excerpt":{"rendered":"<p>\u0637\u064f\u0648\u0651\u0631 \u0648\u0627\u0642\u064a \u0627\u0644\u0634\u0645\u0633 \u0627\u0644\u0641\u064a\u0632\u064a\u0627\u0626\u064a \u0627\u0644\u0643\u0627\u0645\u0644 \u0628\u062f\u0648\u0646 \u0625\u062c\u0647\u0627\u062f\u060c \u0627\u0644\u0625\u0635\u062f\u0627\u0631 3\u060c \u0628\u0645\u0633\u0627\u0647\u0645\u0629 \u0645\u0646 \u0645\u062c\u062a\u0645\u0639\u0646\u0627 \u0627\u0644\u0639\u0627\u0644\u0645\u064a \u0644\u062d\u0644 \u0647\u0630\u0647 \u0627\u0644\u0645\u0634\u0643\u0644\u0629 \u062a\u062d\u062f\u064a\u062f\u064b\u0627. \u064a\u0633\u062a\u062e\u062f\u0645 \u0647\u0630\u0627 \u0627\u0644\u0648\u0627\u0642\u064a \u0648\u0627\u0633\u0639 \u0627\u0644\u0637\u064a\u0641 \u0628\u0639\u0627\u0645\u0644 \u062d\u0645\u0627\u064a\u0629 \u0645\u0646 \u0627\u0644\u0634\u0645\u0633 50 PA++++ \u0623\u0643\u0633\u064a\u062f \u0627\u0644\u0632\u0646\u0643 \u063a\u064a\u0631 \u0627\u0644\u0646\u0627\u0646\u0648\u064a \u0644\u062d\u0645\u0627\u064a\u0629 \u0628\u0634\u0631\u062a\u0643\u0650 \u0645\u0646 \u0623\u0634\u0639\u0629 UVA \u0648UVB &#8211; \u0628\u062f\u0648\u0646 \u0623\u064a \u0623\u062b\u0631 \u0623\u0628\u064a\u0636\u060c \u0628\u062f\u0648\u0646 \u0645\u0644\u0645\u0633 \u062f\u0647\u0646\u064a\u060c \u0645\u0639 \u0644\u0645\u0633\u0629 \u0646\u0647\u0627\u0626\u064a\u0629 \u0645\u0631\u0637\u0628\u0629 \u062a\u064f\u062d\u0628\u0647\u0627 \u0627\u0644\u0628\u0634\u0631\u0629. \u0635\u064f\u0645\u0645 \u0647\u0630\u0627 \u0627\u0644\u062c\u0644-\u0644\u0648\u0634\u0646 [&hellip;]<\/p>\n","protected":false},"featured_media":28184,"template":"","meta":[],"pwb-brand":[737],"product_brand":[],"product_cat":[1144,1145],"product_tag":[],"class_list":{"0":"post-28175","1":"product","2":"type-product","3":"status-publish","4":"has-post-thumbnail","6":"pwb-brand-axisy","7":"product_cat-face-sunscreen","8":"product_cat-body-sunscreen","10":"first","11":"outofstock","12":"shipping-taxable","13":"product-type-variable","14":"has-default-attributes","15":"wvs-archive-product-wrapper"},"brands":[{"id":737,"name":"Axis Y","slug":"axisy"}],"_links":{"self":[{"href":"https:\/\/gopinkish.com\/fr\/wp-json\/wp\/v2\/product\/28175","targetHints":{"allow":["GET"]}}],"collection":[{"href":"https:\/\/gopinkish.com\/fr\/wp-json\/wp\/v2\/product"}],"about":[{"href":"https:\/\/gopinkish.com\/fr\/wp-json\/wp\/v2\/types\/product"}],"wp:featuredmedia":[{"embeddable":true,"href":"https:\/\/gopinkish.com\/fr\/wp-json\/wp\/v2\/media\/28184"}],"wp:attachment":[{"href":"https:\/\/gopinkish.com\/fr\/wp-json\/wp\/v2\/media?parent=28175"}],"wp:term":[{"taxonomy":"pwb-brand","embeddable":true,"href":"https:\/\/gopinkish.com\/fr\/wp-json\/wp\/v2\/pwb-brand?post=28175"},{"taxonomy":"product_brand","embeddable":true,"href":"https:\/\/gopinkish.com\/fr\/wp-json\/wp\/v2\/product_brand?post=28175"},{"taxonomy":"product_cat","embeddable":true,"href":"https:\/\/gopinkish.com\/fr\/wp-json\/wp\/v2\/product_cat?post=28175"},{"taxonomy":"product_tag","embeddable":true,"href":"https:\/\/gopinkish.com\/fr\/wp-json\/wp\/v2\/product_tag?post=28175"}],"curies":[{"name":"wp","href":"https:\/\/api.w.org\/{rel}","templated":true}]}}