{"id":28168,"date":"2025-07-14T14:37:20","date_gmt":"2025-07-14T13:37:20","guid":{"rendered":"https:\/\/gopinkish.com\/?post_type=product&#038;p=28168"},"modified":"2025-10-22T11:40:32","modified_gmt":"2025-10-22T10:40:32","slug":"8809820688618","status":"publish","type":"product","link":"https:\/\/gopinkish.com\/fr\/produit\/8809820688618\/","title":{"rendered":"Double cr\u00e8me hydratante intense pour nourrir, hydrater et lisser la peau"},"content":{"rendered":"<p style=\"text-align: justify;\">Formul\u00e9e avec du panth\u00e9nol, du mad\u00e9cassoside et de l'huile de graines de tournesol, cette cr\u00e8me \u00e0 l'hydratation intense hydrate la peau, r\u00e9tablit son \u00e9quilibre en eau et en huile et r\u00e9pare les dommages. Formul\u00e9e avec un pH faible et exempte de substances irritantes telles que les parfums, les colorants artificiels et les parab\u00e8nes, elle aide \u00e0 choyer et \u00e0 nourrir la peau, en renfor\u00e7ant son immunit\u00e9 contre les dommages et le stress.<\/p>\n<p style=\"text-align: justify;\">Etude House Sungong 2x Barrier Intensive Cream utilise 93% d'ingr\u00e9dients naturels avec un minimum d'ingr\u00e9dients pour \u00e9quilibrer, hydrater et apaiser la peau \u00e0 chaque utilisation. Le panth\u00e9nol, un compos\u00e9 b\u00e9n\u00e9fique pour la peau \u00e9troitement li\u00e9 \u00e0 la vitamine B5, assure une hydratation en profondeur, tandis que le mad\u00e9cassoside, d\u00e9riv\u00e9 de la plante Centella Asiatica, r\u00e9pare les dommages cutan\u00e9s. L'huile de graines de tournesol et le beurre de karit\u00e9 s'associent pour nourrir la peau de l'int\u00e9rieur et la maintenir douce et souple. Avec un pH bas et sans irritants potentiels tels que les parfums, les colorants artificiels et les parab\u00e8nes, cette cr\u00e8me renforce la barri\u00e8re protectrice de la peau et lui redonne sa sant\u00e9.<\/p>\n<p dir=\"ltr\" style=\"text-align: center;\">\ud83c\uddec\ud83c\udde7 Etude SoonJung 2x Barrier Intensive Cream<br \/>\n\ud83c\uddeb\ud83c\uddf7 Cr\u00e8me Intensive Barri\u00e8re 2x SoonJung Etude<\/p>","protected":false},"excerpt":{"rendered":"<p>\u0647\u0630\u0627 \u0627\u0644\u0643\u0631\u064a\u0645 \u0627\u0644\u0645\u0631\u0637\u0628 \u0628\u0643\u062b\u0627\u0641\u0629\u060c \u0645\u064f\u0631\u0643\u0651\u0628 \u0645\u0646 \u0627\u0644\u0628\u0627\u0646\u062b\u064a\u0646\u0648\u0644 \u0648\u0627\u0644\u0645\u0627\u062f\u0643\u0627\u0633\u0648\u0633\u064a\u062f \u0648\u0632\u064a\u062a \u0628\u0630\u0648\u0631 \u062f\u0648\u0627\u0631 \u0627\u0644\u0634\u0645\u0633\u060c \u064a\u064f\u0631\u0637\u0628 \u0627\u0644\u0628\u0634\u0631\u0629 \u0648\u064a\u064f\u0639\u064a\u062f \u062a\u0648\u0627\u0632\u0646\u0647\u0627 \u0627\u0644\u0645\u0627\u0626\u064a \u0648\u0627\u0644\u0632\u064a\u062a\u064a\u060c \u0648\u064a\u064f\u0635\u0644\u062d \u0627\u0644\u062a\u0644\u0641. \u062a\u0631\u0643\u064a\u0628\u062a\u0647 \u0645\u0646\u062e\u0641\u0636\u0629 \u0627\u0644\u062d\u0645\u0648\u0636\u0629 \u0648\u062e\u0627\u0644\u064a\u0629 \u0645\u0646 \u0627\u0644\u0645\u0648\u0627\u062f \u0627\u0644\u0645\u064f\u0647\u064a\u062c\u0629 \u0643\u0627\u0644\u0639\u0637\u0648\u0631 \u0648\u0627\u0644\u0623\u0644\u0648\u0627\u0646 \u0627\u0644\u0635\u0646\u0627\u0639\u064a\u0629 \u0648\u0627\u0644\u0628\u0627\u0631\u0627\u0628\u064a\u0646\u060c \u062a\u064f\u0633\u0627\u0639\u062f \u0639\u0644\u0649 \u062a\u062f\u0644\u064a\u0644 \u0627\u0644\u0628\u0634\u0631\u0629 \u0648\u062a\u063a\u0630\u064a\u062a\u0647\u0627\u060c \u0645\u0645\u0627 \u064a\u064f\u0639\u0632\u0632 \u0645\u0646\u0627\u0639\u062a\u0647\u0627 \u0636\u062f \u0627\u0644\u062a\u0644\u0641 \u0648\u0627\u0644\u0625\u062c\u0647\u0627\u062f. \u0643\u0631\u064a\u0645 \u0625\u064a\u062a\u0648\u062f \u0647\u0627\u0648\u0633 \u0633\u0648\u0646\u062c\u0648\u0646\u063a 2x \u0628\u0627\u0631\u064a\u0631 \u0625\u0646\u062a\u0646\u0633\u064a\u0641 \u064a\u0633\u062a\u062e\u062f\u0645 93% \u0645\u0646 \u0627\u0644\u0645\u0643\u0648\u0646\u0627\u062a \u0627\u0644\u0637\u0628\u064a\u0639\u064a\u0629 \u0645\u0639 [&hellip;]<\/p>\n","protected":false},"featured_media":28170,"template":"","meta":[],"pwb-brand":[1012],"product_brand":[],"product_cat":[1227,1121],"product_tag":[697,680,763],"class_list":{"0":"post-28168","1":"product","2":"type-product","3":"status-publish","4":"has-post-thumbnail","6":"pwb-brand-etude","7":"product_cat-face-renew","8":"product_cat-face-moist","9":"product_tag-moisturizing","10":"product_tag-dryness","11":"product_tag-korean-product-2","13":"first","14":"outofstock","15":"shipping-taxable","16":"product-type-variable","17":"has-default-attributes","18":"wvs-archive-product-wrapper"},"brands":[{"id":1012,"name":"Etude","slug":"etude"}],"_links":{"self":[{"href":"https:\/\/gopinkish.com\/fr\/wp-json\/wp\/v2\/product\/28168","targetHints":{"allow":["GET"]}}],"collection":[{"href":"https:\/\/gopinkish.com\/fr\/wp-json\/wp\/v2\/product"}],"about":[{"href":"https:\/\/gopinkish.com\/fr\/wp-json\/wp\/v2\/types\/product"}],"wp:featuredmedia":[{"embeddable":true,"href":"https:\/\/gopinkish.com\/fr\/wp-json\/wp\/v2\/media\/28170"}],"wp:attachment":[{"href":"https:\/\/gopinkish.com\/fr\/wp-json\/wp\/v2\/media?parent=28168"}],"wp:term":[{"taxonomy":"pwb-brand","embeddable":true,"href":"https:\/\/gopinkish.com\/fr\/wp-json\/wp\/v2\/pwb-brand?post=28168"},{"taxonomy":"product_brand","embeddable":true,"href":"https:\/\/gopinkish.com\/fr\/wp-json\/wp\/v2\/product_brand?post=28168"},{"taxonomy":"product_cat","embeddable":true,"href":"https:\/\/gopinkish.com\/fr\/wp-json\/wp\/v2\/product_cat?post=28168"},{"taxonomy":"product_tag","embeddable":true,"href":"https:\/\/gopinkish.com\/fr\/wp-json\/wp\/v2\/product_tag?post=28168"}],"curies":[{"name":"wp","href":"https:\/\/api.w.org\/{rel}","templated":true}]}}