{"id":28148,"date":"2025-07-14T12:56:57","date_gmt":"2025-07-14T11:56:57","guid":{"rendered":"https:\/\/gopinkish.com\/?post_type=product&#038;p=28148"},"modified":"2025-08-06T00:30:21","modified_gmt":"2025-08-05T23:30:21","slug":"840122900983","status":"publish","type":"product","link":"https:\/\/gopinkish.com\/fr\/produit\/840122900983\/","title":{"rendered":"Correcteur de teint liquide \u00e9claircissant, l\u00e9ger et hydratant"},"content":{"rendered":"<p style=\"text-align: justify;\">Un correcteur l\u00e9ger et hydratant qui offre une couvrance modulable l\u00e0 o\u00f9 vous en avez besoin tout en \u00e9claircissant la peau gr\u00e2ce \u00e0 un fini lumineux. Il dissimule instantan\u00e9ment ce que vous voulez cacher - imperfections, cernes, rougeurs, ridules - avec une couvrance moyenne modulable et un fini lumineux, semblable \u00e0 celui de la peau.<\/p>\n<p style=\"text-align: justify;\">Cr\u00e9meux, hydratant et durable. R\u00e9siste \u00e9galement \u00e0 la transpiration. Se fond parfaitement dans le teint pour l'unifier.<\/p>\n<p style=\"text-align: justify;\">Ne s'agglom\u00e8re pas et ne provoque pas de ridules.<\/p>\n<p style=\"text-align: justify;\">R\u00e9sultats r\u00e9els :<br \/>\n- 94% Ils ont dit qu'il n'avait pas l'air terne, crayeux ou plat.<br \/>\n- 92% Ils ont dit qu'il glissait uniform\u00e9ment.<br \/>\n- 92% Ils ont d\u00e9clar\u00e9 qu'il donnait \u00e0 la peau un fini naturel et lumineux.<br \/>\n- 92% ils ont dit qu'il n'y avait pas de grumeaux.<br \/>\n- 90% Elles ont d\u00e9clar\u00e9 qu'il adoucissait le grain de la peau et qu'il se r\u00e9partissait uniform\u00e9ment.<\/p>\n<p dir=\"ltr\" style=\"text-align: center;\">\ud83c\uddec\ud83c\udde7 Rare Beauty Liquid Touch Brightening Concealer<br \/>\n\ud83c\uddeb\ud83c\uddf7 Anti-cernes Illuminateur Liquid Touch Rare Beauty<\/p>","protected":false},"excerpt":{"rendered":"<p>\u062e\u0627\u0641\u064a \u0639\u064a\u0648\u0628 \u062e\u0641\u064a\u0641 \u0627\u0644\u0648\u0632\u0646 \u0648\u0645\u0631\u0637\u0628 \u064a\u0645\u0646\u062d\u0643 \u062a\u063a\u0637\u064a\u0629 \u0642\u0627\u0628\u0644\u0629 \u0644\u0644\u0628\u0646\u0627\u0621 \u062d\u064a\u062b \u062a\u062d\u062a\u0627\u062c\u064a\u0646 \u0625\u0644\u064a\u0647\u0627 \u0645\u0639 \u062a\u0641\u062a\u064a\u062d \u0627\u0644\u0628\u0634\u0631\u0629 \u0628\u0644\u0645\u0633\u0629 \u0646\u0647\u0627\u0626\u064a\u0629 \u0645\u0634\u0631\u0642\u0629.\u00a0\u064a\u064f\u062e\u0641\u064a \u0641\u0648\u0631\u064b\u0627 \u0645\u0627 \u062a\u0631\u063a\u0628\u064a\u0646 \u0641\u064a \u0625\u062e\u0641\u0627\u0626\u0647 &#8211; \u0627\u0644\u0634\u0648\u0627\u0626\u0628\u060c \u0627\u0644\u0647\u0627\u0644\u0627\u062a \u0627\u0644\u0633\u0648\u062f\u0627\u0621\u060c \u0627\u0644\u0627\u062d\u0645\u0631\u0627\u0631\u060c \u0627\u0644\u062e\u0637\u0648\u0637 \u0627\u0644\u062f\u0642\u064a\u0642\u0629 &#8211; \u0628\u062a\u063a\u0637\u064a\u0629 \u0645\u062a\u0648\u0633\u0637\u0629 \u0642\u0627\u0628\u0644\u0629 \u0644\u0644\u0628\u0646\u0627\u0621\u060c \u0648\u0644\u0645\u0633\u0629 \u0646\u0647\u0627\u0626\u064a\u0629 \u0645\u0634\u0631\u0642\u0629 \u062a\u064f\u0634\u0628\u0647 \u0627\u0644\u0628\u0634\u0631\u0629. \u0643\u0631\u064a\u0645\u064a \u0648\u0645\u0631\u0637\u0628\u060c \u0648\u064a\u062f\u0648\u0645 \u0637\u0648\u064a\u0644\u064b\u0627. \u0645\u0642\u0627\u0648\u0645 \u0644\u0644\u062a\u0639\u0631\u0642 \u0623\u064a\u0636\u064b\u0627.\u00a0\u064a\u0646\u062f\u0645\u062c \u0628\u0633\u0644\u0627\u0633\u0629 \u0644\u064a\u064f\u0648\u062d\u062f \u0644\u0648\u0646 \u0627\u0644\u0628\u0634\u0631\u0629. \u0644\u0627 \u064a\u062a\u0643\u062a\u0644 \u0623\u0648 \u064a\u064f\u0633\u0628\u0628 [&hellip;]<\/p>\n","protected":false},"featured_media":28155,"template":"","meta":[],"pwb-brand":[1443],"product_brand":[],"product_cat":[1173],"product_tag":[],"class_list":{"0":"post-28148","1":"product","2":"type-product","3":"status-publish","4":"has-post-thumbnail","6":"pwb-brand-rare-beauty","7":"product_cat-concealer-makeup","9":"first","10":"instock","11":"shipping-taxable","12":"purchasable","13":"product-type-variable","14":"has-default-attributes","15":"wvs-archive-product-wrapper"},"brands":[{"id":1443,"name":"Rare Beauty","slug":"une-beaute-rare"}],"_links":{"self":[{"href":"https:\/\/gopinkish.com\/fr\/wp-json\/wp\/v2\/product\/28148","targetHints":{"allow":["GET"]}}],"collection":[{"href":"https:\/\/gopinkish.com\/fr\/wp-json\/wp\/v2\/product"}],"about":[{"href":"https:\/\/gopinkish.com\/fr\/wp-json\/wp\/v2\/types\/product"}],"wp:featuredmedia":[{"embeddable":true,"href":"https:\/\/gopinkish.com\/fr\/wp-json\/wp\/v2\/media\/28155"}],"wp:attachment":[{"href":"https:\/\/gopinkish.com\/fr\/wp-json\/wp\/v2\/media?parent=28148"}],"wp:term":[{"taxonomy":"pwb-brand","embeddable":true,"href":"https:\/\/gopinkish.com\/fr\/wp-json\/wp\/v2\/pwb-brand?post=28148"},{"taxonomy":"product_brand","embeddable":true,"href":"https:\/\/gopinkish.com\/fr\/wp-json\/wp\/v2\/product_brand?post=28148"},{"taxonomy":"product_cat","embeddable":true,"href":"https:\/\/gopinkish.com\/fr\/wp-json\/wp\/v2\/product_cat?post=28148"},{"taxonomy":"product_tag","embeddable":true,"href":"https:\/\/gopinkish.com\/fr\/wp-json\/wp\/v2\/product_tag?post=28148"}],"curies":[{"name":"wp","href":"https:\/\/api.w.org\/{rel}","templated":true}]}}