{"id":27885,"date":"2025-06-23T13:56:49","date_gmt":"2025-06-23T12:56:49","guid":{"rendered":"https:\/\/gopinkish.com\/?post_type=product&#038;p=27885"},"modified":"2026-03-02T20:16:49","modified_gmt":"2026-03-02T19:16:49","slug":"6971053496550","status":"publish","type":"product","link":"https:\/\/gopinkish.com\/fr\/produit\/6971053496550\/","title":{"rendered":"Un fard \u00e0 joues doux et mat pour un \u00e9clat naturel et frais."},"content":{"rendered":"<p style=\"text-align: justify;\">Un blush mat, doux et l\u00e9ger, qui cr\u00e9e un \u00e9clat naturel et frais. Sa texture ultra-douce lui permet de s'estomper parfaitement pour un fini parfait. De plus, il est v\u00e9g\u00e9talien, ce qui en fait le compl\u00e9ment id\u00e9al de votre routine de maquillage.<\/p>\n<p dir=\"ltr\" style=\"text-align: center;\">SHEGLAM Divine Flush Matte Blush Powder<\/p>","protected":false},"excerpt":{"rendered":"<p>\u0623\u062d\u0645\u0631 \u062e\u062f\u0648\u062f \u0645\u0637\u0641\u064a \u0646\u0627\u0639\u0645 \u0648\u062e\u0641\u064a\u0641 \u0627\u0644\u0648\u0632\u0646\u060c \u064a\u0636\u0641\u064a \u0625\u0634\u0631\u0627\u0642\u0629 \u0637\u0628\u064a\u0639\u064a\u0629 \u0648\u0646\u062f\u064a\u0629 \u0648\u0645\u0646\u0639\u0634\u0629. \u0642\u0648\u0627\u0645\u0647 \u0641\u0627\u0626\u0642 \u0627\u0644\u0646\u0639\u0648\u0645\u0629 \u064a\u0633\u0645\u062d \u0628\u062f\u0645\u062c\u0647 \u0628\u0633\u0644\u0627\u0633\u0629\u060c \u0648\u064a\u0645\u0646\u062d\u0643\u0650 \u0644\u0645\u0633\u0629 \u0646\u0647\u0627\u0626\u064a\u0629 \u0645\u062b\u0627\u0644\u064a\u0629. \u0628\u0627\u0644\u0625\u0636\u0627\u0641\u0629 \u0625\u0644\u0649 \u0630\u0644\u0643\u060c \u0641\u0647\u0648 \u0646\u0628\u0627\u062a\u064a\u060c \u0645\u0645\u0627 \u064a\u0636\u0645\u0646 \u0644\u0643\u0650 \u0625\u0636\u0627\u0641\u0629 \u0645\u062b\u0627\u0644\u064a\u0629 \u0625\u0644\u0649 \u0631\u0648\u062a\u064a\u0646 \u0645\u0643\u064a\u0627\u062c\u0643\u0650. SHEGLAM Divine Flush Matte Blush Powder<\/p>","protected":false},"featured_media":27886,"template":"","meta":[],"pwb-brand":[709],"product_brand":[],"product_cat":[1169],"product_tag":[],"class_list":{"0":"post-27885","1":"product","2":"type-product","3":"status-publish","4":"has-post-thumbnail","6":"pwb-brand-sheglam","7":"product_cat-blush-makeup","9":"first","10":"instock","11":"shipping-taxable","12":"purchasable","13":"product-type-variable","14":"has-default-attributes","15":"wvs-archive-product-wrapper"},"brands":[{"id":709,"name":"Sheglam","slug":"sheglam"}],"_links":{"self":[{"href":"https:\/\/gopinkish.com\/fr\/wp-json\/wp\/v2\/product\/27885","targetHints":{"allow":["GET"]}}],"collection":[{"href":"https:\/\/gopinkish.com\/fr\/wp-json\/wp\/v2\/product"}],"about":[{"href":"https:\/\/gopinkish.com\/fr\/wp-json\/wp\/v2\/types\/product"}],"wp:featuredmedia":[{"embeddable":true,"href":"https:\/\/gopinkish.com\/fr\/wp-json\/wp\/v2\/media\/27886"}],"wp:attachment":[{"href":"https:\/\/gopinkish.com\/fr\/wp-json\/wp\/v2\/media?parent=27885"}],"wp:term":[{"taxonomy":"pwb-brand","embeddable":true,"href":"https:\/\/gopinkish.com\/fr\/wp-json\/wp\/v2\/pwb-brand?post=27885"},{"taxonomy":"product_brand","embeddable":true,"href":"https:\/\/gopinkish.com\/fr\/wp-json\/wp\/v2\/product_brand?post=27885"},{"taxonomy":"product_cat","embeddable":true,"href":"https:\/\/gopinkish.com\/fr\/wp-json\/wp\/v2\/product_cat?post=27885"},{"taxonomy":"product_tag","embeddable":true,"href":"https:\/\/gopinkish.com\/fr\/wp-json\/wp\/v2\/product_tag?post=27885"}],"curies":[{"name":"wp","href":"https:\/\/api.w.org\/{rel}","templated":true}]}}