{"id":27841,"date":"2025-06-23T10:59:27","date_gmt":"2025-06-23T09:59:27","guid":{"rendered":"https:\/\/gopinkish.com\/?post_type=product&#038;p=27841"},"modified":"2026-03-22T18:00:36","modified_gmt":"2026-03-22T17:00:36","slug":"6917921091830","status":"publish","type":"product","link":"https:\/\/gopinkish.com\/fr\/produit\/6917921091830\/","title":{"rendered":"Huile \u00e9lixir pour la brillance et la protection thermique des cheveux"},"content":{"rendered":"<p style=\"text-align: justify;\">Pr\u00e9parez-vous \u00e0 r\u00e9volutionner votre routine de soins capillaires avec Hot Streak Thermal Brightening Oil. Cette formule innovante associe la puissance de la protection thermique \u00e0 des huiles nourrissantes pour donner \u00e0 vos cheveux un aspect radieux, sain et \u00e9clatant.<\/p>\n<p style=\"text-align: justify;\">Avantages : Protection thermique. Des m\u00e8ches chatoyantes. Hydratation nourrissante. Polyvalent, \u00e0 utiliser comme huile de coiffage compl\u00e9mentaire ou comme masque capillaire.<\/p>\n<p style=\"text-align: justify;\">La couleur : Transparent<\/p>","protected":false},"excerpt":{"rendered":"<p>\u0627\u0633\u062a\u0639\u062f\u064a \u0644\u0625\u062d\u062f\u0627\u062b \u062b\u0648\u0631\u0629 \u0641\u064a \u0631\u0648\u062a\u064a\u0646 \u0627\u0644\u0639\u0646\u0627\u064a\u0629 \u0628\u0634\u0639\u0631\u0643 \u0645\u0639 \u0632\u064a\u062a \u0647\u0648\u062a \u0633\u062a\u0631\u064a\u0643 \u0627\u0644\u062d\u0631\u0627\u0631\u064a \u0627\u0644\u0645\u064f\u0634\u0631\u0642. \u062a\u062c\u0645\u0639 \u0647\u0630\u0647 \u0627\u0644\u062a\u0631\u0643\u064a\u0628\u0629 \u0627\u0644\u0645\u0628\u062a\u0643\u0631\u0629 \u0628\u064a\u0646 \u0642\u0648\u0629 \u0627\u0644\u062d\u0645\u0627\u064a\u0629 \u0627\u0644\u062d\u0631\u0627\u0631\u064a\u0629 \u0648\u0627\u0644\u0632\u064a\u0648\u062a \u0627\u0644\u0645\u063a\u0630\u064a\u0629 \u0644\u0645\u0646\u062d \u0634\u0639\u0631\u0643\u0650 \u0645\u0638\u0647\u0631\u064b\u0627 \u0645\u062a\u0623\u0644\u0642\u064b\u0627 \u0648\u0635\u062d\u064a\u064b\u0627 \u0648\u062d\u064a\u0648\u064a\u064b\u0627. \u0627\u0644\u0641\u0648\u0627\u0626\u062f: \u062d\u0645\u0627\u064a\u0629 \u062d\u0631\u0627\u0631\u064a\u0629. \u062e\u0635\u0644\u0627\u062a \u0634\u0639\u0631 \u0645\u062a\u0623\u0644\u0642\u0629. \u062a\u0631\u0637\u064a\u0628 \u0645\u063a\u0630\u064a. \u0645\u062a\u0639\u062f\u062f \u0627\u0644\u0627\u0633\u062a\u062e\u062f\u0627\u0645\u0627\u062a\u060c \u064a\u064f\u0633\u062a\u062e\u062f\u0645 \u0643\u0632\u064a\u062a \u0645\u064f\u0643\u0645\u0644 \u0644\u062a\u0635\u0641\u064a\u0641 \u0627\u0644\u0634\u0639\u0631\u060c \u0623\u0648 \u0643\u0642\u0646\u0627\u0639 \u0644\u0644\u0634\u0639\u0631. \u0627\u0644\u0644\u0648\u0646: \u0634\u0641\u0627\u0641<\/p>","protected":false},"featured_media":27843,"template":"","meta":[],"pwb-brand":[709],"product_brand":[],"product_cat":[1153],"product_tag":[],"class_list":{"0":"post-27841","1":"product","2":"type-product","3":"status-publish","4":"has-post-thumbnail","6":"pwb-brand-sheglam","7":"product_cat-hair-oil","9":"first","10":"outofstock","11":"shipping-taxable","12":"product-type-variable","13":"has-default-attributes","14":"wvs-archive-product-wrapper"},"brands":[{"id":709,"name":"Sheglam","slug":"sheglam"}],"_links":{"self":[{"href":"https:\/\/gopinkish.com\/fr\/wp-json\/wp\/v2\/product\/27841","targetHints":{"allow":["GET"]}}],"collection":[{"href":"https:\/\/gopinkish.com\/fr\/wp-json\/wp\/v2\/product"}],"about":[{"href":"https:\/\/gopinkish.com\/fr\/wp-json\/wp\/v2\/types\/product"}],"wp:featuredmedia":[{"embeddable":true,"href":"https:\/\/gopinkish.com\/fr\/wp-json\/wp\/v2\/media\/27843"}],"wp:attachment":[{"href":"https:\/\/gopinkish.com\/fr\/wp-json\/wp\/v2\/media?parent=27841"}],"wp:term":[{"taxonomy":"pwb-brand","embeddable":true,"href":"https:\/\/gopinkish.com\/fr\/wp-json\/wp\/v2\/pwb-brand?post=27841"},{"taxonomy":"product_brand","embeddable":true,"href":"https:\/\/gopinkish.com\/fr\/wp-json\/wp\/v2\/product_brand?post=27841"},{"taxonomy":"product_cat","embeddable":true,"href":"https:\/\/gopinkish.com\/fr\/wp-json\/wp\/v2\/product_cat?post=27841"},{"taxonomy":"product_tag","embeddable":true,"href":"https:\/\/gopinkish.com\/fr\/wp-json\/wp\/v2\/product_tag?post=27841"}],"curies":[{"name":"wp","href":"https:\/\/api.w.org\/{rel}","templated":true}]}}