{"id":27752,"date":"2025-09-22T02:16:45","date_gmt":"2025-09-22T01:16:45","guid":{"rendered":"https:\/\/gopinkish.com\/?post_type=product&#038;p=27752"},"modified":"2026-04-06T20:14:12","modified_gmt":"2026-04-06T19:14:12","slug":"6971870595955","status":"publish","type":"product","link":"https:\/\/gopinkish.com\/fr\/produit\/6971870595955\/","title":{"rendered":"Brume de brillance r\u00e9fl\u00e9chissante pour le visage, les cheveux, le corps et les v\u00eatements"},"content":{"rendered":"<p style=\"text-align: justify;\">Brillez comme un diamant ! Pr\u00e9parez-vous \u00e0 aller, aller, aller avec notre brume corporelle \u00e9claircissante. Compos\u00e9e d'une vari\u00e9t\u00e9 de poudres nacr\u00e9es de diff\u00e9rentes tailles, elle cr\u00e9e un \u00e9clat r\u00e9fl\u00e9chissant, semblable \u00e0 un prisme, qui vous fera briller sous tous les angles ! Utilisez-la sur votre visage, vos cheveux, votre corps et vos v\u00eatements pour ajouter du glamour \u00e0 votre look.<\/p>\n<p dir=\"ltr\" style=\"text-align: center;\">\ud83c\uddec\ud83c\udde7 SHEGLAM Go Go Glow Brume corporelle \u00e9claircissante<br \/>\n\ud83c\uddeb\ud83c\uddf7 Brume Corps Illuminatrice SHEGLAM Go Go Glow<\/p>","protected":false},"excerpt":{"rendered":"<p>\u062a\u0623\u0644\u0642\u064a \u0643\u0627\u0644\u0623\u0644\u0645\u0627\u0633! \u0627\u0633\u062a\u0639\u062f\u064a \u0644\u0644\u0627\u0646\u0637\u0644\u0627\u0642 \u0648\u0627\u0644\u0627\u0646\u0637\u0644\u0627\u0642 \u0648\u0627\u0644\u062a\u0623\u0644\u0651\u0642 \u0645\u0639 \u0631\u0630\u0627\u0630 \u0647\u0627\u064a\u0644\u0627\u064a\u062a\u0646\u063a \u0628\u0648\u062f\u064a \u0645\u064a\u0633\u062a \u0627\u0644\u0630\u064a \u0646\u0642\u062f\u0645\u0647 \u0644\u0643. \u0635\u064f\u0646\u0639 \u0628\u0627\u0633\u062a\u062e\u062f\u0627\u0645 \u0645\u062c\u0645\u0648\u0639\u0629 \u0645\u062a\u0646\u0648\u0639\u0629 \u0645\u0646 \u0627\u0644\u0645\u0633\u0627\u062d\u064a\u0642 \u0627\u0644\u0644\u0624\u0644\u0624\u064a\u0629 \u0628\u0623\u062d\u062c\u0627\u0645 \u0645\u062e\u062a\u0644\u0641\u0629\u060c \u0644\u062a\u062d\u0635\u0644\u064a \u0639\u0644\u0649 \u0644\u0645\u0639\u0627\u0646 \u0639\u0627\u0643\u0633 \u064a\u0634\u0628\u0647 \u0627\u0644\u0645\u0646\u0634\u0648\u0631 \u062d\u062a\u0649 \u062a\u062a\u0623\u0644\u0642\u064a\u0646 \u0645\u0646 \u0643\u0644 \u0632\u0627\u0648\u064a\u0629! \u0627\u0633\u062a\u0639\u0645\u0644\u064a\u0647 \u0639\u0644\u0649 \u0648\u062c\u0647\u0643 \u0648\u0634\u0639\u0631\u0643 \u0648\u062c\u0633\u0645\u0643 \u0648\u0645\u0644\u0627\u0628\u0633\u0643 \u0644\u0625\u0636\u0641\u0627\u0621 \u0627\u0644\u0645\u0632\u064a\u062f \u0645\u0646 \u0627\u0644\u062a\u0623\u0644\u0642 \u0639\u0644\u0649 \u0625\u0637\u0644\u0627\u0644\u062a\u0643. \ud83c\uddec\ud83c\udde7 SHEGLAM Go Go Glow Highlighting Body Mist \ud83c\uddeb\ud83c\uddf7 [&hellip;]<\/p>\n","protected":false},"featured_media":27755,"template":"","meta":[],"pwb-brand":[709],"product_brand":[],"product_cat":[1170],"product_tag":[],"class_list":{"0":"post-27752","1":"product","2":"type-product","3":"status-publish","4":"has-post-thumbnail","6":"pwb-brand-sheglam","7":"product_cat-highlighter-makeup","9":"first","10":"outofstock","11":"shipping-taxable","12":"product-type-variable","13":"has-default-attributes","14":"wvs-archive-product-wrapper"},"brands":[{"id":709,"name":"Sheglam","slug":"sheglam"}],"_links":{"self":[{"href":"https:\/\/gopinkish.com\/fr\/wp-json\/wp\/v2\/product\/27752","targetHints":{"allow":["GET"]}}],"collection":[{"href":"https:\/\/gopinkish.com\/fr\/wp-json\/wp\/v2\/product"}],"about":[{"href":"https:\/\/gopinkish.com\/fr\/wp-json\/wp\/v2\/types\/product"}],"wp:featuredmedia":[{"embeddable":true,"href":"https:\/\/gopinkish.com\/fr\/wp-json\/wp\/v2\/media\/27755"}],"wp:attachment":[{"href":"https:\/\/gopinkish.com\/fr\/wp-json\/wp\/v2\/media?parent=27752"}],"wp:term":[{"taxonomy":"pwb-brand","embeddable":true,"href":"https:\/\/gopinkish.com\/fr\/wp-json\/wp\/v2\/pwb-brand?post=27752"},{"taxonomy":"product_brand","embeddable":true,"href":"https:\/\/gopinkish.com\/fr\/wp-json\/wp\/v2\/product_brand?post=27752"},{"taxonomy":"product_cat","embeddable":true,"href":"https:\/\/gopinkish.com\/fr\/wp-json\/wp\/v2\/product_cat?post=27752"},{"taxonomy":"product_tag","embeddable":true,"href":"https:\/\/gopinkish.com\/fr\/wp-json\/wp\/v2\/product_tag?post=27752"}],"curies":[{"name":"wp","href":"https:\/\/api.w.org\/{rel}","templated":true}]}}