{"id":27689,"date":"2025-12-30T23:41:24","date_gmt":"2025-12-30T22:41:24","guid":{"rendered":"https:\/\/gopinkish.com\/?post_type=product&#038;p=27689"},"modified":"2026-05-02T09:10:06","modified_gmt":"2026-05-02T08:10:06","slug":"8809875456477","status":"publish","type":"product","link":"https:\/\/gopinkish.com\/fr\/produit\/8809875456477\/","title":{"rendered":"S\u00e9rum vitamin\u00e9 pour \u00e9claircir la peau et att\u00e9nuer les taches brunes"},"content":{"rendered":"<p style=\"text-align: justify;\">\u064a\u0639\u0645\u0644 \u0639\u0644\u0649 \u062a\u0641\u062a\u064a\u062d \u0627\u0644\u0628\u0642\u0639 \u0627\u0644\u062f\u0627\u0643\u0646\u0629 \u0648\u062a\u062d\u0633\u064a\u0646\u0647\u0627. \u064a\u062d\u062a\u0648\u064a \u0639\u0644\u0649 40% \u0645\u0646 \u0645\u0627\u0621 \u0627\u0644\u0623\u0633\u064a\u0631\u0648\u0644\u0627: \u0645\u0644\u0643 \u0641\u064a\u062a\u0627\u0645\u064a\u0646 C.\u00a0\u064a\u0639\u0627\u0644\u062c \u0643\u0644\u0627\u064b \u0645\u0646 \u0627\u0644\u0628\u0642\u0639 \u0627\u0644\u062f\u0627\u0643\u0646\u0629 \u0627\u0644\u0645\u062d\u062a\u0645\u0644\u0629 \u0648\u0627\u0644\u0638\u0627\u0647\u0631\u0629 \u0648\u0643\u0630\u0644\u0643 \u0627\u0644\u062a\u0635\u0628\u063a\u0627\u062a.<\/p>\n<p style=\"text-align: justify;\"><strong>\u0623\u064a\u0633\u0631\u0648\u0644\u0627: \u0645\u0644\u0643 \u0641\u064a\u062a\u0627\u0645\u064a\u0646 C:<\/strong><br \/>\n\u064a\u062d\u062a\u0648\u064a \u0639\u0644\u0649 40% \u0645\u0646 \u0645\u0627\u0621 \u0627\u0644\u0623\u0633\u064a\u0631\u0648\u0644\u0627 (400,000 \u062c\u0632\u0621 \u0641\u064a \u0627\u0644\u0645\u0644\u064a\u0648\u0646)<br \/>\n\u2714\ufe0fContains 8 \u0623\u0636\u0639\u0627\u0641 \u0641\u064a\u062a\u0627\u0645\u064a\u0646 C \u0623\u0643\u062b\u0631 \u0645\u0646 \u0627\u0644\u0644\u064a\u0645\u0648\u0646 \u0648127 \u0645\u0631\u0629 \u0623\u0643\u062b\u0631 \u0645\u0646 \u0627\u0644\u062a\u0641\u0627\u062d<br \/>\n\u2714\ufe0fEven \u0645\u0639 \u0646\u0633\u0628\u0629 \u0639\u0627\u0644\u064a\u0629 \u0645\u0646 \u0641\u064a\u062a\u0627\u0645\u064a\u0646 C\u060c \u0641\u0647\u0648 \u0644\u0637\u064a\u0641 \u0628\u0645\u0627 \u064a\u0643\u0641\u064a \u0644\u0644\u0628\u0634\u0631\u0629 \u0627\u0644\u062d\u0633\u0627\u0633\u0629<br \/>\n\u2714\ufe0fHighly \u0645\u0635\u0644 \u0645\u0631\u0643\u0632 \u064a\u062d\u062a\u0648\u064a \u0639\u0644\u0649 \u0645\u0633\u062a\u062e\u0644\u0635 \u0627\u0644\u0623\u0633\u064a\u0631\u0648\u0644\u0627 \u0623\u0643\u062b\u0631 \u0645\u0646 \u0627\u0644\u0645\u0627\u0621 \u0627\u0644\u0646\u0642\u064a<\/p>\n<p style=\"text-align: justify;\"><strong>3 \u062e\u0637\u0648\u0627\u062a \u0646\u0638\u0627\u0645 \u0627\u0644\u062a\u062d\u0643\u0645 \u0641\u064a \u0627\u0644\u0645\u064a\u0644\u0627\u0646\u064a\u0646:<\/strong><br \/>\n[\u062a\u062b\u0628\u064a\u0637 \u0625\u0646\u062a\u0627\u062c \u0627\u0644\u0645\u064a\u0644\u0627\u0646\u064a\u0646 \u0648\u0627\u062e\u062a\u0631\u0627\u0642\u0647 \u0648\u062d\u0631\u0643\u062a\u0647]<br \/>\n\u2714\ufe0fPotential \u0627\u0644\u0628\u0642\u0639 \u0627\u0644\u062f\u0627\u0643\u0646\u0629<br \/>\n\u2192 \u0627\u0644\u062a\u062d\u0643\u0645 \u0641\u064a \u0625\u0646\u062a\u0627\u062c \u0627\u0644\u0645\u064a\u0644\u0627\u0646\u064a\u0646: \u0623\u0631\u0628\u0648\u062a\u064a\u0646 2% (20,000 \u062c\u0632\u0621 \u0641\u064a \u0627\u0644\u0645\u0644\u064a\u0648\u0646)<br \/>\n\u2714\ufe0fEmerging \u0627\u0644\u0628\u0642\u0639 \u0627\u0644\u062f\u0627\u0643\u0646\u0629<br \/>\n\u2190 \u0627\u0644\u062a\u062d\u0643\u0645 \u0641\u064a \u062d\u0631\u0643\u0629 \u0627\u0644\u0645\u064a\u0644\u0627\u0646\u064a\u0646: \u0627\u0644\u0646\u064a\u0627\u0633\u064a\u0646\u0627\u0645\u064a\u062f 4% (40,000 \u062c\u0632\u0621 \u0641\u064a \u0627\u0644\u0645\u0644\u064a\u0648\u0646)<br \/>\n\u2714\ufe0fVisible \u0627\u0644\u0628\u0642\u0639 \u0627\u0644\u062f\u0627\u0643\u0646\u0629<br \/>\n\u2190 \u0627\u0644\u0639\u0646\u0627\u064a\u0629 \u0628\u0627\u0644\u0645\u064a\u0644\u0627\u0646\u064a\u0646 \u0627\u0644\u0645\u0648\u062c\u0648\u062f: \u0623\u0633\u064a\u0631\u0648\u0644\u0627\u060c \u062c\u0644\u0648\u062a\u0627\u062b\u064a\u0648\u0646\u060c \u062d\u0645\u0636 \u0627\u0644\u0641\u064a\u0631\u0648\u0644\u064a\u0643<\/p>\n<p style=\"text-align: justify;\"><strong>\u0642\u0637\u0631\u0629 \u0643\u0631\u064a\u0645 \u0633\u064a\u0631\u0627\u0645\u064a\u062f \u0645\u0646 \u0627\u0644\u0646\u0648\u0639 \u0627\u0644\u062e\u0627\u0645\u0633 \u0644\u0644\u0639\u0646\u0627\u064a\u0629 \u0628\u062d\u0627\u062c\u0632 \u0627\u0644\u0628\u0634\u0631\u0629:<\/strong><br \/>\n\u2714\ufe0fFeatures \u062a\u0642\u0646\u064a\u0629 MLV (\u062d\u0648\u064a\u0635\u0644\u0629 \u0645\u062a\u0639\u062f\u062f\u0629 \u0627\u0644\u0637\u0628\u0642\u0627\u062a) \u0627\u0644\u062e\u0627\u0635\u0629 \u0644\u0644\u0639\u0646\u0627\u064a\u0629 \u0628\u062d\u0627\u062c\u0632 \u0627\u0644\u0628\u0634\u0631\u0629 \u0645\u062a\u0639\u062f\u062f \u0627\u0644\u062e\u0637\u0648\u0627\u062a<br \/>\n\u2714\ufe0f8 \u0623\u0646\u0648\u0627\u0639 \u062d\u0645\u0636 \u0627\u0644\u0647\u064a\u0627\u0644\u0648\u0631\u0648\u0646\u064a\u0643 \u0648\u0627\u0644\u0628\u0627\u0646\u062b\u064a\u0646\u0648\u0644 \u0645\u0639\u064b\u0627\u060c \u0645\u0645\u0627 \u064a\u0648\u0641\u0631 \u062a\u0631\u0637\u064a\u0628\u064b\u0627 \u0639\u0645\u064a\u0642\u064b\u0627 \u0648\u064a\u0639\u0632\u0632 \u062d\u0627\u062c\u0632 \u0627\u0644\u0628\u0634\u0631\u0629 \u062b\u0644\u0627\u062b\u064a \u0627\u0644\u0637\u0628\u0642\u0627\u062a<\/p>\n<p dir=\"ltr\" style=\"text-align: center;\">EQQUALBERRY Vitamin Illuminating Serum<\/p>\n","protected":false},"excerpt":{"rendered":"<p>\u064a\u0639\u0645\u0644 \u0639\u0644\u0649 \u062a\u0641\u062a\u064a\u062d \u0627\u0644\u0628\u0642\u0639 \u0627\u0644\u062f\u0627\u0643\u0646\u0629 \u0648\u062a\u062d\u0633\u064a\u0646\u0647\u0627. \u064a\u062d\u062a\u0648\u064a \u0639\u0644\u0649 40% \u0645\u0646 \u0645\u0627\u0621 \u0627\u0644\u0623\u0633\u064a\u0631\u0648\u0644\u0627: \u0645\u0644\u0643 \u0641\u064a\u062a\u0627\u0645\u064a\u0646 C.\u00a0\u064a\u0639\u0627\u0644\u062c \u0643\u0644\u0627\u064b \u0645\u0646 \u0627\u0644\u0628\u0642\u0639 \u0627\u0644\u062f\u0627\u0643\u0646\u0629 \u0627\u0644\u0645\u062d\u062a\u0645\u0644\u0629 \u0648\u0627\u0644\u0638\u0627\u0647\u0631\u0629 \u0648\u0643\u0630\u0644\u0643 \u0627\u0644\u062a\u0635\u0628\u063a\u0627\u062a. \u0623\u064a\u0633\u0631\u0648\u0644\u0627: \u0645\u0644\u0643 \u0641\u064a\u062a\u0627\u0645\u064a\u0646 C: \u064a\u062d\u062a\u0648\u064a \u0639\u0644\u0649 40% \u0645\u0646 \u0645\u0627\u0621 \u0627\u0644\u0623\u0633\u064a\u0631\u0648\u0644\u0627 (400,000 \u062c\u0632\u0621 \u0641\u064a \u0627\u0644\u0645\u0644\u064a\u0648\u0646) \u2714\ufe0fContains 8 \u0623\u0636\u0639\u0627\u0641 \u0641\u064a\u062a\u0627\u0645\u064a\u0646 C \u0623\u0643\u062b\u0631 \u0645\u0646 \u0627\u0644\u0644\u064a\u0645\u0648\u0646 \u0648127 \u0645\u0631\u0629 \u0623\u0643\u062b\u0631 \u0645\u0646 \u0627\u0644\u062a\u0641\u0627\u062d \u2714\ufe0fEven \u0645\u0639 \u0646\u0633\u0628\u0629 \u0639\u0627\u0644\u064a\u0629 \u0645\u0646 [&hellip;]<\/p>\n","protected":false},"featured_media":27696,"template":"","meta":[],"pwb-brand":[1447],"product_brand":[],"product_cat":[1231,1227,1121,1123],"product_tag":[675,697,685,671],"class_list":{"0":"post-27689","1":"product","2":"type-product","3":"status-publish","4":"has-post-thumbnail","6":"pwb-brand-eqqual-berry","7":"product_cat-daily-face-care","8":"product_cat-face-renew","9":"product_cat-face-moist","10":"product_cat-face-bright","11":"product_tag-spots","12":"product_tag-moisturizing","13":"product_tag-brightening","14":"product_tag-pigmentation","16":"first","17":"instock","18":"shipping-taxable","19":"purchasable","20":"product-type-variable","21":"has-default-attributes","22":"wvs-archive-product-wrapper"},"brands":[{"id":1447,"name":"EqualBerry","slug":"eqqual-berry"}],"_links":{"self":[{"href":"https:\/\/gopinkish.com\/fr\/wp-json\/wp\/v2\/product\/27689","targetHints":{"allow":["GET"]}}],"collection":[{"href":"https:\/\/gopinkish.com\/fr\/wp-json\/wp\/v2\/product"}],"about":[{"href":"https:\/\/gopinkish.com\/fr\/wp-json\/wp\/v2\/types\/product"}],"wp:featuredmedia":[{"embeddable":true,"href":"https:\/\/gopinkish.com\/fr\/wp-json\/wp\/v2\/media\/27696"}],"wp:attachment":[{"href":"https:\/\/gopinkish.com\/fr\/wp-json\/wp\/v2\/media?parent=27689"}],"wp:term":[{"taxonomy":"pwb-brand","embeddable":true,"href":"https:\/\/gopinkish.com\/fr\/wp-json\/wp\/v2\/pwb-brand?post=27689"},{"taxonomy":"product_brand","embeddable":true,"href":"https:\/\/gopinkish.com\/fr\/wp-json\/wp\/v2\/product_brand?post=27689"},{"taxonomy":"product_cat","embeddable":true,"href":"https:\/\/gopinkish.com\/fr\/wp-json\/wp\/v2\/product_cat?post=27689"},{"taxonomy":"product_tag","embeddable":true,"href":"https:\/\/gopinkish.com\/fr\/wp-json\/wp\/v2\/product_tag?post=27689"}],"curies":[{"name":"wp","href":"https:\/\/api.w.org\/{rel}","templated":true}]}}