{"id":27534,"date":"2025-08-30T03:28:21","date_gmt":"2025-08-30T02:28:21","guid":{"rendered":"https:\/\/gopinkish.com\/?post_type=product&#038;p=27534"},"modified":"2026-01-29T16:24:13","modified_gmt":"2026-01-29T15:24:13","slug":"3701129800072","status":"publish","type":"product","link":"https:\/\/gopinkish.com\/fr\/produit\/3701129800072\/","title":{"rendered":"Cr\u00e8me de jour solaire pour lutter contre les taches brunes et l'hyperpigmentation"},"content":{"rendered":"<p style=\"text-align: justify;\">La surexposition au soleil et aux facteurs ext\u00e9rieurs fait des ravages sur la peau. L'utilisation quotidienne d'une cr\u00e8me de jour SPF 50 retarde l'apparition des signes de vieillissement, tels que les taches et les marques. Cette cr\u00e8me de jour anti-UV hydrate et prot\u00e8ge votre peau des dommages caus\u00e9s par le soleil, combattant ainsi les signes du vieillissement. Sa formule repulpe et illumine la peau du visage en minimisant l'apparence des taches d'hyperpigmentation. C'est un ingr\u00e9dient essentiel pour unifier le teint.<\/p>\n<p style=\"text-align: justify;\">Prot\u00e9gez et illuminez votre peau avec les teintes nacr\u00e9es PigmentBio Daily Care SPF 50+. Appliquez sur le visage et le cou pr\u00e9alablement nettoy\u00e9s. Jour apr\u00e8s jour, votre peau devient plus lisse et plus lumineuse.<\/p>\n<p style=\"text-align: justify;\">Ce produit est con\u00e7u et fabriqu\u00e9 en France.<\/p>\n<p dir=\"ltr\" style=\"text-align: center;\">\ud83c\uddec\ud83c\udde7 Bioderma Pigmentbio Daily Care SPF 50+ - Cr\u00e8me de jour \u00e9claircissante avec technologie LumiReveal\u2122, niacinamide et vitamine C pour les taches brunes et protection UV.<br \/>\n\ud83c\uddeb\ud83c\uddf7 Cr\u00e8me de Jour \u00c9claircissante Bioderma Pigmentbio SPF 50+ - Soin Anti-Taches avec Technologie LumiReveal\u2122, Niacinamide &amp; Vitamine C pour une Protection UV et un Teint Unifi\u00e9<\/p>","protected":false},"excerpt":{"rendered":"<p>\u064a\u0624\u062b\u0631 \u0627\u0644\u062a\u0639\u0631\u0636 \u0627\u0644\u0645\u0641\u0631\u0637 \u0644\u0623\u0634\u0639\u0629 \u0627\u0644\u0634\u0645\u0633 \u0648\u0627\u0644\u0639\u0648\u0627\u0645\u0644 \u0627\u0644\u062e\u0627\u0631\u062c\u064a\u0629 \u0633\u0644\u0628\u064b\u0627 \u0639\u0644\u0649 \u0628\u0634\u0631\u062a\u0643. \u0627\u0633\u062a\u062e\u062f\u0627\u0645 \u0643\u0631\u064a\u0645 \u0646\u0647\u0627\u0631\u064a \u0628\u0639\u0627\u0645\u0644 \u062d\u0645\u0627\u064a\u0629 50 \u064a\u0648\u0645\u064a\u064b\u0627 \u064a\u0624\u062e\u0631 \u0638\u0647\u0648\u0631 \u0639\u0644\u0627\u0645\u0627\u062a \u0627\u0644\u062a\u0642\u062f\u0645 \u0641\u064a \u0627\u0644\u0633\u0646\u060c \u0645\u062b\u0644 \u0627\u0644\u0628\u0642\u0639 \u0627\u0644\u062f\u0627\u0643\u0646\u0629 \u0648\u0627\u0644\u0639\u0644\u0627\u0645\u0627\u062a. \u0647\u0630\u0627 \u0627\u0644\u0643\u0631\u064a\u0645 \u0627\u0644\u0646\u0647\u0627\u0631\u064a \u0627\u0644\u0645\u0636\u0627\u062f \u0644\u0644\u0623\u0634\u0639\u0629 \u0641\u0648\u0642 \u0627\u0644\u0628\u0646\u0641\u0633\u062c\u064a\u0629 \u064a\u0631\u0637\u0628 \u0628\u0634\u0631\u062a\u0643 \u0648\u064a\u062d\u0645\u064a\u0647\u0627 \u0645\u0646 \u0623\u0636\u0631\u0627\u0631 \u0627\u0644\u0634\u0645\u0633\u060c \u0648\u064a\u0643\u0627\u0641\u062d \u0639\u0644\u0627\u0645\u0627\u062a \u0627\u0644\u062a\u0642\u062f\u0645 \u0641\u064a \u0627\u0644\u0633\u0646. \u062a\u0631\u0643\u064a\u0628\u062a\u0647 \u062a\u0645\u0644\u0623 \u0628\u0634\u0631\u0629 \u0627\u0644\u0648\u062c\u0647 \u0648\u062a\u0645\u0646\u062d\u0647\u0627 \u0625\u0634\u0631\u0627\u0642\u0629 \u0645\u0646 \u062e\u0644\u0627\u0644 \u062a\u0642\u0644\u064a\u0644 \u0628\u0642\u0639 [&hellip;]<\/p>\n","protected":false},"featured_media":27536,"template":"","meta":[],"pwb-brand":[498],"product_brand":[],"product_cat":[1123,1227,1144],"product_tag":[675,671,717],"class_list":{"0":"post-27534","1":"product","2":"type-product","3":"status-publish","4":"has-post-thumbnail","6":"pwb-brand-bioderma","7":"product_cat-face-bright","8":"product_cat-face-renew","9":"product_cat-face-sunscreen","10":"product_tag-spots","11":"product_tag-pigmentation","12":"product_tag-717","14":"first","15":"instock","16":"shipping-taxable","17":"purchasable","18":"product-type-variable","19":"has-default-attributes","20":"wvs-archive-product-wrapper"},"brands":[{"id":498,"name":"Bioderma","slug":"bioderma"}],"_links":{"self":[{"href":"https:\/\/gopinkish.com\/fr\/wp-json\/wp\/v2\/product\/27534","targetHints":{"allow":["GET"]}}],"collection":[{"href":"https:\/\/gopinkish.com\/fr\/wp-json\/wp\/v2\/product"}],"about":[{"href":"https:\/\/gopinkish.com\/fr\/wp-json\/wp\/v2\/types\/product"}],"wp:featuredmedia":[{"embeddable":true,"href":"https:\/\/gopinkish.com\/fr\/wp-json\/wp\/v2\/media\/27536"}],"wp:attachment":[{"href":"https:\/\/gopinkish.com\/fr\/wp-json\/wp\/v2\/media?parent=27534"}],"wp:term":[{"taxonomy":"pwb-brand","embeddable":true,"href":"https:\/\/gopinkish.com\/fr\/wp-json\/wp\/v2\/pwb-brand?post=27534"},{"taxonomy":"product_brand","embeddable":true,"href":"https:\/\/gopinkish.com\/fr\/wp-json\/wp\/v2\/product_brand?post=27534"},{"taxonomy":"product_cat","embeddable":true,"href":"https:\/\/gopinkish.com\/fr\/wp-json\/wp\/v2\/product_cat?post=27534"},{"taxonomy":"product_tag","embeddable":true,"href":"https:\/\/gopinkish.com\/fr\/wp-json\/wp\/v2\/product_tag?post=27534"}],"curies":[{"name":"wp","href":"https:\/\/api.w.org\/{rel}","templated":true}]}}