{"id":27486,"date":"2025-05-28T00:44:06","date_gmt":"2025-05-27T23:44:06","guid":{"rendered":"https:\/\/gopinkish.com\/?post_type=product&#038;p=27486"},"modified":"2026-04-20T20:56:39","modified_gmt":"2026-04-20T19:56:39","slug":"885190820023","status":"publish","type":"product","link":"https:\/\/gopinkish.com\/fr\/produit\/885190820023\/","title":{"rendered":"Brume lact\u00e9e hydratante"},"content":{"rendered":"<p style=\"text-align: justify;\">Une brume profond\u00e9ment hydratante qui apporte une couche invisible d'apaisement \u00e0 la peau, ce qui en fait le traitement parfait pour les peaux s\u00e8ches.<\/p>\n<p>- Une brume l\u00e9g\u00e8re qui apporte une hydratation instantan\u00e9e gr\u00e2ce \u00e0 l'acide hyaluronique.<br \/>\n- Ce r\u00e9g\u00e9n\u00e9rateur de peau est la premi\u00e8re couche d'hydratation id\u00e9ale avant l'application d'un s\u00e9rum ou d'un maquillage.<br \/>\n- Convient \u00e0 tous les types de peau.<br \/>\n- Sans parab\u00e8ne.<\/p>\n<p><strong>Ingr\u00e9dients :\u00a0<\/strong><br \/>\n- L'acide hyaluronique hydrate.<br \/>\n- L'extrait d'avoine noire r\u00e9duit l'inflammation.<br \/>\n- Les vitamines B renforcent la peau.<\/p>\n<p>V\u00e9g\u00e9talien : Produits exempts d'ingr\u00e9dients d'origine animale.<\/p>\n<p dir=\"ltr\" style=\"text-align: center;\">Pixi Brume lact\u00e9e hydratante<\/p>","protected":false},"excerpt":{"rendered":"<p>\u0631\u0630\u0627\u0630 \u0645\u0631\u0637\u0628 \u0628\u0639\u0645\u0642 \u064a\u0648\u0641\u0631 \u0637\u0628\u0642\u0629 \u063a\u064a\u0631 \u0645\u0631\u0626\u064a\u0629 \u0645\u0646 \u0645\u0647\u062f\u0626\u0627\u062a \u0627\u0644\u0628\u0634\u0631\u0629\u060c \u0645\u0645\u0627 \u064a\u062c\u0639\u0644\u0647 \u0627\u0644\u0639\u0644\u0627\u062c \u0627\u0644\u0623\u0645\u062b\u0644 \u0644\u0644\u0628\u0634\u0631\u0629 \u0627\u0644\u062c\u0627\u0641\u0629. \u2022 \u0631\u0630\u0627\u0630 \u062e\u0641\u064a\u0641 \u0627\u0644\u0648\u0632\u0646 \u064a\u0645\u0646\u062d\u0643\u0650 \u062a\u0631\u0637\u064a\u0628\u064b\u0627 \u0641\u0648\u0631\u064a\u064b\u0627 \u0628\u0641\u0636\u0644 \u062d\u0645\u0636 \u0627\u0644\u0647\u064a\u0627\u0644\u0648\u0631\u0648\u0646\u064a\u0643. \u2022 \u064a\u064f\u0639\u062f \u0647\u0630\u0627 \u0627\u0644\u0645\u064f\u062c\u062f\u062f \u0644\u0644\u0628\u0634\u0631\u0629 \u0637\u0628\u0642\u0629 \u0627\u0644\u062a\u0631\u0637\u064a\u0628 \u0627\u0644\u0623\u0648\u0644\u0649 \u0627\u0644\u0645\u062b\u0627\u0644\u064a\u0629 \u0642\u0628\u0644 \u0648\u0636\u0639 \u0627\u0644\u0633\u064a\u0631\u0648\u0645 \u0623\u0648 \u0627\u0644\u0645\u0643\u064a\u0627\u062c. \u2022 \u0645\u0646\u0627\u0633\u0628 \u0644\u062c\u0645\u064a\u0639 \u0623\u0646\u0648\u0627\u0639 \u0627\u0644\u0628\u0634\u0631\u0629. \u2022 \u062e\u0627\u0644\u064d \u0645\u0646 \u0627\u0644\u0628\u0627\u0631\u0627\u0628\u064a\u0646. \u0627\u0644\u0645\u0643\u0648\u0646\u0627\u062a :\u00a0 &#8211; \u062d\u0645\u0636 \u0627\u0644\u0647\u064a\u0627\u0644\u0648\u0631\u0648\u0646\u064a\u0643 \u064a\u0631\u0637\u0628. [&hellip;]<\/p>\n","protected":false},"featured_media":27496,"template":"","meta":[],"pwb-brand":[1014],"product_brand":[],"product_cat":[1121,1231],"product_tag":[697,680],"class_list":{"0":"post-27486","1":"product","2":"type-product","3":"status-publish","4":"has-post-thumbnail","6":"pwb-brand-pixi","7":"product_cat-face-moist","8":"product_cat-daily-face-care","9":"product_tag-moisturizing","10":"product_tag-dryness","12":"first","13":"instock","14":"shipping-taxable","15":"purchasable","16":"product-type-variable","17":"has-default-attributes","18":"wvs-archive-product-wrapper"},"brands":[{"id":1014,"name":"Pixi","slug":"pixi"}],"_links":{"self":[{"href":"https:\/\/gopinkish.com\/fr\/wp-json\/wp\/v2\/product\/27486","targetHints":{"allow":["GET"]}}],"collection":[{"href":"https:\/\/gopinkish.com\/fr\/wp-json\/wp\/v2\/product"}],"about":[{"href":"https:\/\/gopinkish.com\/fr\/wp-json\/wp\/v2\/types\/product"}],"wp:featuredmedia":[{"embeddable":true,"href":"https:\/\/gopinkish.com\/fr\/wp-json\/wp\/v2\/media\/27496"}],"wp:attachment":[{"href":"https:\/\/gopinkish.com\/fr\/wp-json\/wp\/v2\/media?parent=27486"}],"wp:term":[{"taxonomy":"pwb-brand","embeddable":true,"href":"https:\/\/gopinkish.com\/fr\/wp-json\/wp\/v2\/pwb-brand?post=27486"},{"taxonomy":"product_brand","embeddable":true,"href":"https:\/\/gopinkish.com\/fr\/wp-json\/wp\/v2\/product_brand?post=27486"},{"taxonomy":"product_cat","embeddable":true,"href":"https:\/\/gopinkish.com\/fr\/wp-json\/wp\/v2\/product_cat?post=27486"},{"taxonomy":"product_tag","embeddable":true,"href":"https:\/\/gopinkish.com\/fr\/wp-json\/wp\/v2\/product_tag?post=27486"}],"curies":[{"name":"wp","href":"https:\/\/api.w.org\/{rel}","templated":true}]}}