{"id":27479,"date":"2025-05-25T21:50:32","date_gmt":"2025-05-25T20:50:32","guid":{"rendered":"https:\/\/gopinkish.com\/?post_type=product&#038;p=27479"},"modified":"2025-07-16T15:54:13","modified_gmt":"2025-07-16T14:54:13","slug":"4005808364121","status":"publish","type":"product","link":"https:\/\/gopinkish.com\/fr\/produit\/4005808364121\/","title":{"rendered":"Lotion hydratante pour la peau d\u00e9licate des b\u00e9b\u00e9s et des enfants"},"content":{"rendered":"<p style=\"text-align: justify;\">La Lotion Hydratante Nivea Baby est sp\u00e9cialement formul\u00e9e pour prendre soin de la peau d\u00e9licate des b\u00e9b\u00e9s. Sa texture l\u00e9g\u00e8re et non grasse hydrate et prot\u00e8ge la peau pendant 24 heures, la laissant douce et calme. Enrichie en ingr\u00e9dients nourrissants, elle est sans alcool et test\u00e9e sous contr\u00f4le dermatologique pour une tol\u00e9rance maximale. Id\u00e9al pour un usage quotidien, il respecte la sensibilit\u00e9 de la peau de votre b\u00e9b\u00e9 tout en lui apportant un soin doux et protecteur.<\/p>","protected":false},"excerpt":{"rendered":"<p>La Lotion Hydratante Nivea Baby est sp\u00e9cialement formul\u00e9e pour prendre soin de la peau d\u00e9licate des b\u00e9b\u00e9s. Sa texture l\u00e9g\u00e8re et non grasse hydrate et prot\u00e8ge la peau pendant 24 heures, la laissant douce et calme. Enrichie en ingr\u00e9dients nourrissants, elle est sans alcool et test\u00e9e sous contr\u00f4le dermatologique pour une tol\u00e9rance maximale. Id\u00e9al pour un usage quotidien, il respecte la sensibilit\u00e9 de la peau de votre b\u00e9b\u00e9 tout en lui apportant un soin doux et protecteur.<\/p>","protected":false},"featured_media":27480,"template":"","meta":[],"pwb-brand":[236],"product_brand":[],"product_cat":[1162],"product_tag":[1031],"class_list":{"0":"post-27479","1":"product","2":"type-product","3":"status-publish","4":"has-post-thumbnail","6":"pwb-brand-nivea","7":"product_cat-mom-baby","8":"product_tag-1031","10":"first","11":"outofstock","12":"shipping-taxable","13":"product-type-variable","14":"has-default-attributes","15":"wvs-archive-product-wrapper"},"brands":[{"id":236,"name":"Nivea","slug":"nivea"}],"_links":{"self":[{"href":"https:\/\/gopinkish.com\/fr\/wp-json\/wp\/v2\/product\/27479","targetHints":{"allow":["GET"]}}],"collection":[{"href":"https:\/\/gopinkish.com\/fr\/wp-json\/wp\/v2\/product"}],"about":[{"href":"https:\/\/gopinkish.com\/fr\/wp-json\/wp\/v2\/types\/product"}],"wp:featuredmedia":[{"embeddable":true,"href":"https:\/\/gopinkish.com\/fr\/wp-json\/wp\/v2\/media\/27480"}],"wp:attachment":[{"href":"https:\/\/gopinkish.com\/fr\/wp-json\/wp\/v2\/media?parent=27479"}],"wp:term":[{"taxonomy":"pwb-brand","embeddable":true,"href":"https:\/\/gopinkish.com\/fr\/wp-json\/wp\/v2\/pwb-brand?post=27479"},{"taxonomy":"product_brand","embeddable":true,"href":"https:\/\/gopinkish.com\/fr\/wp-json\/wp\/v2\/product_brand?post=27479"},{"taxonomy":"product_cat","embeddable":true,"href":"https:\/\/gopinkish.com\/fr\/wp-json\/wp\/v2\/product_cat?post=27479"},{"taxonomy":"product_tag","embeddable":true,"href":"https:\/\/gopinkish.com\/fr\/wp-json\/wp\/v2\/product_tag?post=27479"}],"curies":[{"name":"wp","href":"https:\/\/api.w.org\/{rel}","templated":true}]}}