{"id":27472,"date":"2025-05-20T20:54:47","date_gmt":"2025-05-20T19:54:47","guid":{"rendered":"https:\/\/gopinkish.com\/?post_type=product&#038;p=27472"},"modified":"2026-03-02T16:14:24","modified_gmt":"2026-03-02T15:14:24","slug":"3054080004479","status":"publish","type":"product","link":"https:\/\/gopinkish.com\/fr\/produit\/3054080004479\/","title":{"rendered":"Spray de coiffage et de maintien am\u00e9lior\u00e9"},"content":{"rendered":"<p style=\"text-align: justify;\">Spray coiffant optimis\u00e9. Formul\u00e9 pour une tenue longue dur\u00e9e.<\/p>\n<p style=\"text-align: justify;\">Maintient la structure et la forme des cheveux.<\/p>\n<p style=\"text-align: justify;\"><strong>Comment l'utiliser ?<\/strong><\/p>\n<p style=\"text-align: justify;\">1. Vaporiser le produit \u00e0 20 cm des cheveux secs ou humides, de la racine \u00e0 la pointe.<\/p>\n<p style=\"text-align: justify;\">2. Pour des coiffures plus volumineuses, vaporiser le produit et le r\u00e9partir m\u00e8che par m\u00e8che.<\/p>\n<p style=\"text-align: justify;\">Utiliser \u00e0 l'\u00e9cart des flammes, des \u00e9tincelles ou des objets incandescents. \u00c9viter de pulv\u00e9riser le produit sur une peau irrit\u00e9e ou pr\u00e8s des yeux. En cas d'\u00e9claboussures, rincer imm\u00e9diatement et abondamment \u00e0 l'eau.<\/p>\n<p dir=\"ltr\" style=\"text-align: center;\">L'Or\u00e9al Paris Studio Line Go Create Haarspray Ultra Forte<\/p>","protected":false},"excerpt":{"rendered":"<p>\u0628\u062e\u0627\u062e \u0645\u064f\u062d\u0633\u0651\u0646 \u0644\u062a\u0635\u0641\u064a\u0641 \u0627\u0644\u0634\u0639\u0631. \u062a\u0631\u0643\u064a\u0628\u062a\u0647 \u062a\u064f\u062b\u0628\u0651\u062a \u0634\u0639\u0631\u0643\u0650 \u0644\u0641\u062a\u0631\u0629 \u0637\u0648\u064a\u0644\u0629. \u064a\u064f\u062d\u0627\u0641\u0638 \u0639\u0644\u0649 \u0628\u0646\u064a\u0629 \u0627\u0644\u0634\u0639\u0631 \u0648\u0628\u0646\u064a\u062a\u0647 \u0648\u0634\u0643\u0644\u0647. \u0637\u0631\u064a\u0642\u0629 \u0627\u0644\u0625\u0633\u062a\u062e\u062f\u0627\u0645: 1. \u0631\u0634\u064a \u0627\u0644\u0645\u0646\u062a\u062c \u0639\u0644\u0649 \u0628\u064f\u0639\u062f 20 \u0633\u0645 \u0645\u0646 \u0627\u0644\u0634\u0639\u0631 \u0627\u0644\u062c\u0627\u0641 \u0623\u0648 \u0627\u0644\u0631\u0637\u0628\u060c \u0645\u0646 \u0627\u0644\u062c\u0630\u0648\u0631 \u0625\u0644\u0649 \u0627\u0644\u0623\u0637\u0631\u0627\u0641. 2. \u0644\u062a\u0635\u0641\u064a\u0641\u0627\u062a \u0623\u0643\u062b\u0631 \u0643\u062b\u0627\u0641\u0629\u060c \u0631\u0634\u064a \u0627\u0644\u0645\u0646\u062a\u062c \u0648\u0648\u0632\u0639\u064a\u0647 \u0639\u0644\u0649 \u062e\u0635\u0644\u0629 \u062e\u0635\u0644\u0629. \u0627\u0633\u062a\u062e\u062f\u0645\u064a\u0647 \u0628\u0639\u064a\u062f\u064b\u0627 \u0639\u0646 \u0627\u0644\u0644\u0647\u0628 \u0623\u0648 \u0627\u0644\u0634\u0631\u0631 \u0623\u0648 \u0627\u0644\u0623\u0634\u064a\u0627\u0621 \u0627\u0644\u0645\u062a\u0648\u0647\u062c\u0629. \u062a\u062c\u0646\u0628\u064a \u0627\u0644\u0631\u0634 \u0639\u0644\u0649 [&hellip;]<\/p>\n","protected":false},"featured_media":27473,"template":"","meta":[],"pwb-brand":[239],"product_brand":[],"product_cat":[1152],"product_tag":[],"class_list":{"0":"post-27472","1":"product","2":"type-product","3":"status-publish","4":"has-post-thumbnail","6":"pwb-brand-loreal","7":"product_cat-hair-cream","9":"first","10":"instock","11":"shipping-taxable","12":"purchasable","13":"product-type-variable","14":"has-default-attributes","15":"wvs-archive-product-wrapper"},"brands":[{"id":239,"name":"L'Or\u00e9al Paris","slug":"loreal"}],"_links":{"self":[{"href":"https:\/\/gopinkish.com\/fr\/wp-json\/wp\/v2\/product\/27472","targetHints":{"allow":["GET"]}}],"collection":[{"href":"https:\/\/gopinkish.com\/fr\/wp-json\/wp\/v2\/product"}],"about":[{"href":"https:\/\/gopinkish.com\/fr\/wp-json\/wp\/v2\/types\/product"}],"wp:featuredmedia":[{"embeddable":true,"href":"https:\/\/gopinkish.com\/fr\/wp-json\/wp\/v2\/media\/27473"}],"wp:attachment":[{"href":"https:\/\/gopinkish.com\/fr\/wp-json\/wp\/v2\/media?parent=27472"}],"wp:term":[{"taxonomy":"pwb-brand","embeddable":true,"href":"https:\/\/gopinkish.com\/fr\/wp-json\/wp\/v2\/pwb-brand?post=27472"},{"taxonomy":"product_brand","embeddable":true,"href":"https:\/\/gopinkish.com\/fr\/wp-json\/wp\/v2\/product_brand?post=27472"},{"taxonomy":"product_cat","embeddable":true,"href":"https:\/\/gopinkish.com\/fr\/wp-json\/wp\/v2\/product_cat?post=27472"},{"taxonomy":"product_tag","embeddable":true,"href":"https:\/\/gopinkish.com\/fr\/wp-json\/wp\/v2\/product_tag?post=27472"}],"curies":[{"name":"wp","href":"https:\/\/api.w.org\/{rel}","templated":true}]}}